{"id":1938,"date":"2024-06-28T10:05:11","date_gmt":"2024-06-28T08:05:11","guid":{"rendered":"https:\/\/fm-medientechnik-test.de\/?page_id=1938"},"modified":"2024-10-08T08:28:01","modified_gmt":"2024-10-08T06:28:01","slug":"modules-pour-gaz-bruts-et-purs","status":"publish","type":"page","link":"https:\/\/sinbran.de\/fr\/produits\/modules-pour-gaz-bruts-et-purs\/","title":{"rendered":"Modules pour gaz bruts et purs"},"content":{"rendered":"<div class=\"fusion-fullwidth fullwidth-box fusion-builder-row-1 has-pattern-background has-mask-background fusion-parallax-none nonhundred-percent-fullwidth non-hundred-percent-height-scrolling lazyload\" style=\"--awb-border-radius-top-left:0px;--awb-border-radius-top-right:0px;--awb-border-radius-bottom-right:0px;--awb-border-radius-bottom-left:0px;--awb-margin-top:-4.5em;--awb-background-size:cover;--awb-flex-wrap:wrap;\" data-bg=\"https:\/\/sinbran.de\/wp-content\/uploads\/2024\/04\/sinbran-hgr-heller-scaled.jpg\" ><div class=\"fusion-builder-row fusion-row\"><div class=\"fusion-layout-column fusion_builder_column fusion-builder-column-0 fusion_builder_column_1_1 1_1 fusion-one-full fusion-column-first fusion-column-last\" style=\"--awb-bg-blend:overlay;--awb-bg-size:cover;--awb-margin-top:5em;\"><div class=\"fusion-column-wrapper fusion-flex-column-wrapper-legacy\"><div class=\"fusion-text fusion-text-1\"><h1>Modules SINBRAN<sup>\u00ae<\/sup> pour une installation c\u00f4t\u00e9 gaz brut ou c\u00f4t\u00e9 gaz pur.<\/h1>\n<p>Les \u00e9l\u00e9ments standard SINBRAN<sup>\u00ae<\/sup> se composent de 8, 12 ou 18 tubes dispos\u00e9s en ligne sur une bride et ferm\u00e9s par une plaque de fond sur le c\u00f4t\u00e9 oppos\u00e9. Les longueurs standard des \u00e9l\u00e9ments sont de 950, 1260 et 1500 mm.<\/p>\n<p>Des dimensions sp\u00e9ciales sont possibles sur demande.<\/p>\n<p>Les \u00e9l\u00e9ments peuvent \u00eatre fabriqu\u00e9s pour \u00eatre mont\u00e9s c\u00f4t\u00e9 gaz pur ou gaz brut.<\/p>\n<p>Ils sont en outre disponibles en version antistatique ou sans LABS. (LABS = substances qui perturbent le mouillage de la peinture).<\/p>\n<\/div><div class=\"accordian fusion-accordian\" style=\"--awb-border-size:1px;--awb-icon-size:16px;--awb-content-font-size:16px;--awb-icon-alignment:left;--awb-hover-color:#f9f9f9;--awb-border-color:#cccccc;--awb-background-color:#ffffff;--awb-divider-color:var(--awb-color6);--awb-divider-hover-color:#e0dede;--awb-icon-color:#ffffff;--awb-title-color:var(--awb-color6);--awb-content-color:#000000;--awb-icon-box-color:#333333;--awb-toggle-hover-accent-color:var(--awb-color8);--awb-title-font-family:&quot;Open Sans&quot;;--awb-title-font-weight:400;--awb-title-font-style:normal;--awb-title-font-size:16px;--awb-title-text-transform:uppercase;--awb-content-font-family:&quot;Open Sans&quot;;--awb-content-font-style:normal;--awb-content-font-weight:400;\"><div class=\"panel-group fusion-toggle-icon-boxed\" id=\"accordion-1938-1\"><div class=\"fusion-panel panel-default panel-167c23d268730e320 fusion-toggle-has-divider\" style=\"--awb-title-color:#e20917;\"><div class=\"panel-heading\"><h4 class=\"panel-title toggle\" id=\"toggle_167c23d268730e320\"><a aria-expanded=\"false\" aria-controls=\"167c23d268730e320\" role=\"button\" data-toggle=\"collapse\" data-target=\"#167c23d268730e320\" href=\"#167c23d268730e320\"><span class=\"fusion-toggle-icon-wrapper\" aria-hidden=\"true\"><i class=\"fa-fusion-box active-icon awb-icon-minus\" aria-hidden=\"true\"><\/i><i class=\"fa-fusion-box inactive-icon awb-icon-plus\" aria-hidden=\"true\"><\/i><\/span><span class=\"fusion-toggle-heading\">ROBUSTESSE ET PERFORMANCE<\/span><\/a><\/h4><\/div><div id=\"167c23d268730e320\" class=\"panel-collapse collapse \" aria-labelledby=\"toggle_167c23d268730e320\"><div class=\"panel-body toggle-content fusion-clearfix\">Les \u00e9l\u00e9ments filtrants SINBRAN<sup>\u00ae<\/sup>\u00a0allient les points forts de la filtration par membrane \u00e0 ceux de la filtration par corps rigides. La membrane ePTFE assure une grande efficacit\u00e9 de s\u00e9paration avec une faible perte de charge. Le corps de base rigide offre une robustesse qui ne peut pas \u00eatre atteinte avec des filtres \u00e0 manches ou des \u00e9l\u00e9ments pliss\u00e9s.<\/div><\/div><\/div><div class=\"fusion-panel panel-default panel-ad69d9a219264578b fusion-toggle-has-divider\" style=\"--awb-title-color:#e20917;\"><div class=\"panel-heading\"><h4 class=\"panel-title toggle\" id=\"toggle_ad69d9a219264578b\"><a aria-expanded=\"false\" aria-controls=\"ad69d9a219264578b\" role=\"button\" data-toggle=\"collapse\" data-target=\"#ad69d9a219264578b\" href=\"#ad69d9a219264578b\"><span class=\"fusion-toggle-icon-wrapper\" aria-hidden=\"true\"><i class=\"fa-fusion-box active-icon awb-icon-minus\" aria-hidden=\"true\"><\/i><i class=\"fa-fusion-box inactive-icon awb-icon-plus\" aria-hidden=\"true\"><\/i><\/span><span class=\"fusion-toggle-heading\">SIMPLE ET FIABLE<\/span><\/a><\/h4><\/div><div id=\"ad69d9a219264578b\" class=\"panel-collapse collapse \" aria-labelledby=\"toggle_ad69d9a219264578b\"><div class=\"panel-body toggle-content fusion-clearfix\">\n<p><strong>La membrane ePTFE permet un d\u00e9colmatage efficace:<\/strong><br \/>\nLes \u00e9l\u00e9ments SINBRAN<sup>\u00ae<\/sup> fonctionnent de mani\u00e8re extr\u00eamement fiable dans les installations \u00e0 jet puls\u00e9, car les poudres s\u00e8ches n&#8217;y adh\u00e8rent pratiquement pas.<br \/>\nDe plus, la membrane emp\u00eache le produit de p\u00e9n\u00e9trer dans le corps de base.<\/p>\n<p><strong>Nettoyage facile en cas d&#8217;incrustations tenaces:<\/strong><br \/>\nGr\u00e2ce \u00e0 son corps rigide, SINBRAN<sup>\u00ae<\/sup>\u00a0peut \u00eatre facilement d\u00e9mont\u00e9 et nettoy\u00e9 manuellement. (Veuillez consulter les instructions de nettoyage!)<\/p>\n<p><strong>Compatible avec le NEP:<\/strong><br \/>\nPour un nettoyage en place, par exemple lors d&#8217;un changement de produit, SINBRAN<sup>\u00ae<\/sup>\u00a0est id\u00e9al gr\u00e2ce \u00e0 sa membrane ePTFE facilement lavable.<\/p>\n<p><strong>ATEX:<\/strong><br \/>\nLes \u00e9l\u00e9ments peuvent \u00eatre fabriqu\u00e9s en qualit\u00e9 antistatique si n\u00e9cessaire.<\/p>\n<\/div><\/div><\/div><div class=\"fusion-panel panel-default panel-700d34e954fa406cc fusion-toggle-has-divider\" style=\"--awb-title-color:#e20917;\"><div class=\"panel-heading\"><h4 class=\"panel-title toggle\" id=\"toggle_700d34e954fa406cc\"><a aria-expanded=\"false\" aria-controls=\"700d34e954fa406cc\" role=\"button\" data-toggle=\"collapse\" data-target=\"#700d34e954fa406cc\" href=\"#700d34e954fa406cc\"><span class=\"fusion-toggle-icon-wrapper\" aria-hidden=\"true\"><i class=\"fa-fusion-box active-icon awb-icon-minus\" aria-hidden=\"true\"><\/i><i class=\"fa-fusion-box inactive-icon awb-icon-plus\" aria-hidden=\"true\"><\/i><\/span><span class=\"fusion-toggle-heading\">LES AVANTAGES EN UN COUP D'\u0152IL<\/span><\/a><\/h4><\/div><div id=\"700d34e954fa406cc\" class=\"panel-collapse collapse \" aria-labelledby=\"toggle_700d34e954fa406cc\"><div class=\"panel-body toggle-content fusion-clearfix\">\n<p><strong>1. De faibles \u00e9missions:<\/strong><br \/>\nLa structure microfine de la membrane assure des taux d&#8217;\u00e9limination &gt;99,9 %.<\/p>\n<p><strong>2. Faibles pertes de charge:<\/strong><br \/>\nPossibilit\u00e9 de doubler le d\u00e9bit avec la m\u00eame charge<\/p>\n<p><strong>3. Membrane 100 % ePTFE:<\/strong><br \/>\nLe mat\u00e9riau avec les meilleures propri\u00e9t\u00e9s anti-adh\u00e9rentes<\/p>\n<p><strong>4. Longue dur\u00e9e de vie:<\/strong><br \/>\nDes dur\u00e9es de fonctionnement de plus de 6 ans ne sont pas rares.<\/p>\n<p><strong>5. Surface claire et simple:<\/strong><br \/>\nLa surface du filtre est exempte de plis, de coins ou d&#8217;angles morts dans lesquels la poussi\u00e8re peut se d\u00e9poser.<\/p>\n<\/div><\/div><\/div><div class=\"fusion-panel panel-default panel-a8da4fbbe3434c014 fusion-toggle-has-divider\" style=\"--awb-title-color:#e20917;\"><div class=\"panel-heading\"><h4 class=\"panel-title toggle\" id=\"toggle_a8da4fbbe3434c014\"><a aria-expanded=\"false\" aria-controls=\"a8da4fbbe3434c014\" role=\"button\" data-toggle=\"collapse\" data-target=\"#a8da4fbbe3434c014\" href=\"#a8da4fbbe3434c014\"><span class=\"fusion-toggle-icon-wrapper\" aria-hidden=\"true\"><i class=\"fa-fusion-box active-icon awb-icon-minus\" aria-hidden=\"true\"><\/i><i class=\"fa-fusion-box inactive-icon awb-icon-plus\" aria-hidden=\"true\"><\/i><\/span><span class=\"fusion-toggle-heading\">DONN\u00c9ES TECHNIQUES<\/span><\/a><\/h4><\/div><div id=\"a8da4fbbe3434c014\" class=\"panel-collapse collapse \" aria-labelledby=\"toggle_a8da4fbbe3434c014\"><div class=\"panel-body toggle-content fusion-clearfix\">\n<table width=\"100%\">\n<tbody>\n<tr>\n<td align=\"left\">Mat\u00e9riau du tube<\/td>\n<td align=\"left\">PE poreux HD (poly\u00e9thyl\u00e8ne haute densit\u00e9)<\/td>\n<\/tr>\n<tr>\n<td align=\"left\">Mat\u00e9riau de la membrane<\/td>\n<td align=\"left\">100 % ePTFE<\/td>\n<\/tr>\n<tr>\n<td align=\"left\">Mat\u00e9riau de la bride<\/td>\n<td align=\"left\">Polyethylen, Edelstahl, Polyethylen mit eingelagertem Ru\u00df<\/td>\n<\/tr>\n<tr>\n<td align=\"left\">Raccords standard Montage<\/td>\n<td align=\"left\">c\u00f4t\u00e9 gaz brut ou gaz purifi\u00e9<\/td>\n<\/tr>\n<tr>\n<td align=\"left\">Tailles standard<\/td>\n<td align=\"left\">avec 8, 12 ou 18 tubes par \u00e9l\u00e9ment<\/td>\n<\/tr>\n<tr>\n<td align=\"left\">Dimensions sp\u00e9ciales<\/td>\n<td align=\"left\">sur demande<\/td>\n<\/tr>\n<tr>\n<td align=\"left\">Longueurs totales<\/td>\n<td align=\"left\">min. 495 mm \u00e0 max. 1.500 mm<\/td>\n<\/tr>\n<tr>\n<td align=\"left\">Lavabilit\u00e9<\/td>\n<td align=\"left\">Oui. Veuillez tenir compte des remarques!<\/td>\n<\/tr>\n<tr>\n<td align=\"left\">Temp\u00e9rature de service continu<\/td>\n<td align=\"left\">70 \u00b0C (sans charge chimique et montage vertical)<\/td>\n<\/tr>\n<tr>\n<td align=\"left\">Temp\u00e9rature de service max.<\/td>\n<td align=\"left\">Temp\u00e9rature de service maximale (pics) 75 \u00b0C (&lt; 10 minutes)<\/td>\n<\/tr>\n<tr>\n<td align=\"left\">Perte de pression<\/td>\n<td align=\"left\">Possibilit\u00e9 de doubler le d\u00e9bit pour la m\u00eame charge<\/td>\n<\/tr>\n<tr>\n<td align=\"left\">Version antistatique<\/td>\n<td align=\"left\">R\u00e9sistance de surface &lt; 108 ohms (selon CEI 60079-1 et -2)<\/td>\n<\/tr>\n<\/tbody>\n<\/table>\n<h6 class=\"fusion-responsive-typography-calculated\" style=\"font-size: 10px;\" data-fontsize=\"11\" data-lineheight=\"16.5px\" data-fusion-font=\"true\">Les donn\u00e9es indiqu\u00e9es sont des valeurs typiques. Elles peuvent \u00e9galement changer en raison de modifications techniques. Pour toute question \u00e0 ce sujet, veuillez prendre contact avec Sinbran GmbH. www.sinbran.com<\/h6>\n<\/div><\/div><\/div><div class=\"fusion-panel panel-default panel-d53fe8f290047692f fusion-toggle-has-divider\" style=\"--awb-title-color:#e20917;\"><div class=\"panel-heading\"><h4 class=\"panel-title toggle\" id=\"toggle_d53fe8f290047692f\"><a aria-expanded=\"false\" aria-controls=\"d53fe8f290047692f\" role=\"button\" data-toggle=\"collapse\" data-target=\"#d53fe8f290047692f\" href=\"#d53fe8f290047692f\"><span class=\"fusion-toggle-icon-wrapper\" aria-hidden=\"true\"><i class=\"fa-fusion-box active-icon awb-icon-minus\" aria-hidden=\"true\"><\/i><i class=\"fa-fusion-box inactive-icon awb-icon-plus\" aria-hidden=\"true\"><\/i><\/span><span class=\"fusion-toggle-heading\">MULTIPLES POSSIBILIT\u00c9S DE MONTAGE<\/span><\/a><\/h4><\/div><div id=\"d53fe8f290047692f\" class=\"panel-collapse collapse \" aria-labelledby=\"toggle_d53fe8f290047692f\"><div class=\"panel-body toggle-content fusion-clearfix\">\n<ul>\n<li>C\u00f4t\u00e9 gaz pur ou brut<\/li>\n<li>Montage vertical. Montage horizontal apr\u00e8s clarification technique<\/li>\n<li>Compatible avec d&#8217;autres \u00e9l\u00e9ments filtrants rigides ou plats (apr\u00e8s v\u00e9rification pr\u00e9alable des dimensions de montage)<\/li>\n<li>Diff\u00e9rentes longueurs de brides peuvent \u00eatre combin\u00e9es pour \u00e9quiper des cuves de filtration rondes avec une surface de filtration maximale<\/li>\n<\/ul>\n<\/div><\/div><\/div><\/div><\/div><div class=\"fusion-clearfix\"><\/div><\/div><\/div><\/div><\/div>\n","protected":false},"excerpt":{"rendered":"","protected":false},"author":4,"featured_media":0,"parent":1833,"menu_order":0,"comment_status":"closed","ping_status":"closed","template":"100-width.php","meta":{"footnotes":""},"class_list":["post-1938","page","type-page","status-publish","hentry"],"yoast_head":"<!-- This site is optimized with the Yoast SEO plugin v26.9 - https:\/\/yoast.com\/product\/yoast-seo-wordpress\/ -->\n<title>Modules SINBRAN\u00ae pour gaz brut et propre<\/title>\n<meta name=\"description\" content=\"Modules SINBRAN\u00ae de haute qualit\u00e9 pour gaz brut et propre. Solutions optimales en filtration !\" \/>\n<meta name=\"robots\" content=\"index, follow, max-snippet:-1, max-image-preview:large, max-video-preview:-1\" \/>\n<link rel=\"canonical\" href=\"https:\/\/sinbran.de\/fr\/produits\/modules-pour-gaz-bruts-et-purs\/\" \/>\n<meta property=\"og:locale\" content=\"fr_FR\" \/>\n<meta property=\"og:type\" content=\"article\" \/>\n<meta property=\"og:title\" content=\"Modules SINBRAN\u00ae pour gaz brut et propre\" \/>\n<meta property=\"og:description\" content=\"Modules SINBRAN\u00ae de haute qualit\u00e9 pour gaz brut et propre. Solutions optimales en filtration !\" \/>\n<meta property=\"og:url\" content=\"https:\/\/sinbran.de\/fr\/produits\/modules-pour-gaz-bruts-et-purs\/\" \/>\n<meta property=\"og:site_name\" content=\"Sinbran\" \/>\n<meta property=\"article:modified_time\" content=\"2024-10-08T06:28:01+00:00\" \/>\n<meta name=\"twitter:card\" content=\"summary_large_image\" \/>\n<meta name=\"twitter:label1\" content=\"Est. reading time\" \/>\n\t<meta name=\"twitter:data1\" content=\"4 minutes\" \/>\n<script type=\"application\/ld+json\" class=\"yoast-schema-graph\">{\"@context\":\"https:\/\/schema.org\",\"@graph\":[{\"@type\":\"WebPage\",\"@id\":\"https:\/\/sinbran.de\/fr\/produits\/modules-pour-gaz-bruts-et-purs\/\",\"url\":\"https:\/\/sinbran.de\/fr\/produits\/modules-pour-gaz-bruts-et-purs\/\",\"name\":\"Modules SINBRAN\u00ae pour gaz brut et propre\",\"isPartOf\":{\"@id\":\"https:\/\/sinbran.de\/fr\/#website\"},\"datePublished\":\"2024-06-28T08:05:11+00:00\",\"dateModified\":\"2024-10-08T06:28:01+00:00\",\"description\":\"Modules SINBRAN\u00ae de haute qualit\u00e9 pour gaz brut et propre. Solutions optimales en filtration !\",\"breadcrumb\":{\"@id\":\"https:\/\/sinbran.de\/fr\/produits\/modules-pour-gaz-bruts-et-purs\/#breadcrumb\"},\"inLanguage\":\"fr-FR\",\"potentialAction\":[{\"@type\":\"ReadAction\",\"target\":[\"https:\/\/sinbran.de\/fr\/produits\/modules-pour-gaz-bruts-et-purs\/\"]}]},{\"@type\":\"BreadcrumbList\",\"@id\":\"https:\/\/sinbran.de\/fr\/produits\/modules-pour-gaz-bruts-et-purs\/#breadcrumb\",\"itemListElement\":[{\"@type\":\"ListItem\",\"position\":1,\"name\":\"Startseite\",\"item\":\"https:\/\/sinbran.de\/fr\/\"},{\"@type\":\"ListItem\",\"position\":2,\"name\":\"Produits\",\"item\":\"https:\/\/sinbran.de\/fr\/produits\/\"},{\"@type\":\"ListItem\",\"position\":3,\"name\":\"Modules pour gaz bruts et purs\"}]},{\"@type\":\"WebSite\",\"@id\":\"https:\/\/sinbran.de\/fr\/#website\",\"url\":\"https:\/\/sinbran.de\/fr\/\",\"name\":\"Sinbran entwickelt, produziert und vertreibt SINBRAN\u00ae Filterelemente\",\"description\":\"Filterelemente von Sinbran\",\"publisher\":{\"@id\":\"https:\/\/sinbran.de\/fr\/#organization\"},\"potentialAction\":[{\"@type\":\"SearchAction\",\"target\":{\"@type\":\"EntryPoint\",\"urlTemplate\":\"https:\/\/sinbran.de\/fr\/?s={search_term_string}\"},\"query-input\":{\"@type\":\"PropertyValueSpecification\",\"valueRequired\":true,\"valueName\":\"search_term_string\"}}],\"inLanguage\":\"fr-FR\"},{\"@type\":\"Organization\",\"@id\":\"https:\/\/sinbran.de\/fr\/#organization\",\"name\":\"Sinbran GmbH\",\"url\":\"https:\/\/sinbran.de\/fr\/\",\"logo\":{\"@type\":\"ImageObject\",\"inLanguage\":\"fr-FR\",\"@id\":\"https:\/\/sinbran.de\/fr\/#\/schema\/logo\/image\/\",\"url\":\"https:\/\/sinbran.de\/wp-content\/uploads\/2024\/04\/SINBRAN_Schatten_Logo-200.png\",\"contentUrl\":\"https:\/\/sinbran.de\/wp-content\/uploads\/2024\/04\/SINBRAN_Schatten_Logo-200.png\",\"width\":200,\"height\":175,\"caption\":\"Sinbran GmbH\"},\"image\":{\"@id\":\"https:\/\/sinbran.de\/fr\/#\/schema\/logo\/image\/\"},\"sameAs\":[\"https:\/\/www.linkedin.com\/company\/sinbran-gmbh\/?viewAsMember=true\"]}]}<\/script>\n<!-- \/ Yoast SEO plugin. -->","yoast_head_json":{"title":"Modules SINBRAN\u00ae pour gaz brut et propre","description":"Modules SINBRAN\u00ae de haute qualit\u00e9 pour gaz brut et propre. Solutions optimales en filtration !","robots":{"index":"index","follow":"follow","max-snippet":"max-snippet:-1","max-image-preview":"max-image-preview:large","max-video-preview":"max-video-preview:-1"},"canonical":"https:\/\/sinbran.de\/fr\/produits\/modules-pour-gaz-bruts-et-purs\/","og_locale":"fr_FR","og_type":"article","og_title":"Modules SINBRAN\u00ae pour gaz brut et propre","og_description":"Modules SINBRAN\u00ae de haute qualit\u00e9 pour gaz brut et propre. Solutions optimales en filtration !","og_url":"https:\/\/sinbran.de\/fr\/produits\/modules-pour-gaz-bruts-et-purs\/","og_site_name":"Sinbran","article_modified_time":"2024-10-08T06:28:01+00:00","twitter_card":"summary_large_image","twitter_misc":{"Est. reading time":"4 minutes"},"schema":{"@context":"https:\/\/schema.org","@graph":[{"@type":"WebPage","@id":"https:\/\/sinbran.de\/fr\/produits\/modules-pour-gaz-bruts-et-purs\/","url":"https:\/\/sinbran.de\/fr\/produits\/modules-pour-gaz-bruts-et-purs\/","name":"Modules SINBRAN\u00ae pour gaz brut et propre","isPartOf":{"@id":"https:\/\/sinbran.de\/fr\/#website"},"datePublished":"2024-06-28T08:05:11+00:00","dateModified":"2024-10-08T06:28:01+00:00","description":"Modules SINBRAN\u00ae de haute qualit\u00e9 pour gaz brut et propre. Solutions optimales en filtration !","breadcrumb":{"@id":"https:\/\/sinbran.de\/fr\/produits\/modules-pour-gaz-bruts-et-purs\/#breadcrumb"},"inLanguage":"fr-FR","potentialAction":[{"@type":"ReadAction","target":["https:\/\/sinbran.de\/fr\/produits\/modules-pour-gaz-bruts-et-purs\/"]}]},{"@type":"BreadcrumbList","@id":"https:\/\/sinbran.de\/fr\/produits\/modules-pour-gaz-bruts-et-purs\/#breadcrumb","itemListElement":[{"@type":"ListItem","position":1,"name":"Startseite","item":"https:\/\/sinbran.de\/fr\/"},{"@type":"ListItem","position":2,"name":"Produits","item":"https:\/\/sinbran.de\/fr\/produits\/"},{"@type":"ListItem","position":3,"name":"Modules pour gaz bruts et purs"}]},{"@type":"WebSite","@id":"https:\/\/sinbran.de\/fr\/#website","url":"https:\/\/sinbran.de\/fr\/","name":"Sinbran entwickelt, produziert und vertreibt SINBRAN\u00ae Filterelemente","description":"Filterelemente von Sinbran","publisher":{"@id":"https:\/\/sinbran.de\/fr\/#organization"},"potentialAction":[{"@type":"SearchAction","target":{"@type":"EntryPoint","urlTemplate":"https:\/\/sinbran.de\/fr\/?s={search_term_string}"},"query-input":{"@type":"PropertyValueSpecification","valueRequired":true,"valueName":"search_term_string"}}],"inLanguage":"fr-FR"},{"@type":"Organization","@id":"https:\/\/sinbran.de\/fr\/#organization","name":"Sinbran GmbH","url":"https:\/\/sinbran.de\/fr\/","logo":{"@type":"ImageObject","inLanguage":"fr-FR","@id":"https:\/\/sinbran.de\/fr\/#\/schema\/logo\/image\/","url":"https:\/\/sinbran.de\/wp-content\/uploads\/2024\/04\/SINBRAN_Schatten_Logo-200.png","contentUrl":"https:\/\/sinbran.de\/wp-content\/uploads\/2024\/04\/SINBRAN_Schatten_Logo-200.png","width":200,"height":175,"caption":"Sinbran GmbH"},"image":{"@id":"https:\/\/sinbran.de\/fr\/#\/schema\/logo\/image\/"},"sameAs":["https:\/\/www.linkedin.com\/company\/sinbran-gmbh\/?viewAsMember=true"]}]}},"_links":{"self":[{"href":"https:\/\/sinbran.de\/fr\/wp-json\/wp\/v2\/pages\/1938","targetHints":{"allow":["GET"]}}],"collection":[{"href":"https:\/\/sinbran.de\/fr\/wp-json\/wp\/v2\/pages"}],"about":[{"href":"https:\/\/sinbran.de\/fr\/wp-json\/wp\/v2\/types\/page"}],"author":[{"embeddable":true,"href":"https:\/\/sinbran.de\/fr\/wp-json\/wp\/v2\/users\/4"}],"replies":[{"embeddable":true,"href":"https:\/\/sinbran.de\/fr\/wp-json\/wp\/v2\/comments?post=1938"}],"version-history":[{"count":7,"href":"https:\/\/sinbran.de\/fr\/wp-json\/wp\/v2\/pages\/1938\/revisions"}],"predecessor-version":[{"id":2252,"href":"https:\/\/sinbran.de\/fr\/wp-json\/wp\/v2\/pages\/1938\/revisions\/2252"}],"up":[{"embeddable":true,"href":"https:\/\/sinbran.de\/fr\/wp-json\/wp\/v2\/pages\/1833"}],"wp:attachment":[{"href":"https:\/\/sinbran.de\/fr\/wp-json\/wp\/v2\/media?parent=1938"}],"curies":[{"name":"wp","href":"https:\/\/api.w.org\/{rel}","templated":true}]}}