{"id":1943,"date":"2024-06-28T10:52:38","date_gmt":"2024-06-28T08:52:38","guid":{"rendered":"https:\/\/fm-medientechnik-test.de\/?page_id=1943"},"modified":"2024-10-08T08:29:38","modified_gmt":"2024-10-08T06:29:38","slug":"bougies-mono-filtre","status":"publish","type":"page","link":"https:\/\/sinbran.de\/fr\/produits\/bougies-mono-filtre\/","title":{"rendered":"Bougies Mono Filtre"},"content":{"rendered":"<div class=\"fusion-fullwidth fullwidth-box fusion-builder-row-1 fusion-parallax-none nonhundred-percent-fullwidth non-hundred-percent-height-scrolling lazyload\" style=\"--awb-border-radius-top-left:0px;--awb-border-radius-top-right:0px;--awb-border-radius-bottom-right:0px;--awb-border-radius-bottom-left:0px;--awb-margin-top:-4.5em;--awb-background-size:cover;--awb-flex-wrap:wrap;\" data-bg=\"https:\/\/sinbran.de\/wp-content\/uploads\/2024\/04\/sinbran-hgr-heller-scaled.jpg\" ><div class=\"fusion-builder-row fusion-row\"><div class=\"fusion-layout-column fusion_builder_column fusion-builder-column-0 fusion_builder_column_1_1 1_1 fusion-one-full fusion-column-first fusion-column-last\" style=\"--awb-bg-blend:overlay;--awb-bg-size:cover;--awb-margin-top:5em;\"><div class=\"fusion-column-wrapper fusion-flex-column-wrapper-legacy\"><div class=\"fusion-text fusion-text-1\"><h1 class=\"p1\">Bougies filtrantes individuelles<\/h1>\n<p>Dans l&#8217;industrie moderne, les solutions de filtration flexibles et peu encombrantes sont indispensables. Chez SINBRAN<sup>\u00ae<\/sup>, nous vous offrons la possibilit\u00e9 de r\u00e9aliser presque toutes les g\u00e9om\u00e9tries souhait\u00e9es dans votre installation de filtration gr\u00e2ce \u00e0 nos bougies filtrantes individuelles. Gr\u00e2ce aux filtres \u00e0 visser et une multitude de types de brides et de longueurs, vous pouvez concevoir votre installation de mani\u00e8re optimale.<\/p>\n<p>Nos bougies filtrantes individuelles sont disponibles en diff\u00e9rents mod\u00e8les, avec un diam\u00e8tre standard de 51 mm, avec libre, entre 200 mm et 1.000 mm, des longueurs s\u00e9lectionnables et diff\u00e9rents designs de brides pour une installation c\u00f4t\u00e9 gaz brut et c\u00f4t\u00e9 gaz pur, afin de vous offrir une flexibilit\u00e9 maximale.<\/p>\n<p>Nos bougies filtrantes sont exclusivement fabriqu\u00e9es \u00e0 partir des mat\u00e9riaux suivants : PEHD poreux (poly\u00e9thyl\u00e8ne haute densit\u00e9) pour le tube, 100 % ePTFE pour la membrane avec d&#8217;excellentes propri\u00e9t\u00e9s anti-adh\u00e9rentes et du poly\u00e9thyl\u00e8ne ou du poly\u00e9thyl\u00e8ne avec noir de carbone incorpor\u00e9 pour la pour la bride.<\/p>\n<p>Vos avantages en un coup d&#8217;\u0153il : Faibles \u00e9missions gr\u00e2ce \u00e0 la structure microfine de la membrane avec une efficacit\u00e9 de s\u00e9paration de plus de 99,9 % selon notre certificat d&#8217;essai IFA, faibles pertes de pression, ce qui vous permet d&#8217;atteindre un d\u00e9bit double pour la m\u00eame charge, flexibilit\u00e9 gr\u00e2ce \u00e0 diverses brides et \u00e0 des longueurs au choix, lavabilit\u00e9 pour un nettoyage simple et efficace, ainsi que r\u00e9sistance \u00e0 la temp\u00e9rature jusqu&#8217;\u00e0 70 \u00b0C en service continu et jusqu&#8217;\u00e0 85 \u00b0C en version renforc\u00e9e.<\/p>\n<p>Chaque application est unique et chez SINBRAN<sup>\u00ae<\/sup>, nous proposons des produits sp\u00e9ciaux sur mesure, d\u00e9velopp\u00e9s en \u00e9troite collaboration avec vous. Qu&#8217;il s&#8217;agisse de diam\u00e8tres de tuyaux sp\u00e9ciaux ou de designs de brides personnalis\u00e9s, nous r\u00e9alisons vos exigences.<\/p>\n<\/div><div class=\"fusion-clearfix\"><\/div><\/div><\/div><\/div><\/div>\n","protected":false},"excerpt":{"rendered":"","protected":false},"author":4,"featured_media":0,"parent":1833,"menu_order":0,"comment_status":"closed","ping_status":"closed","template":"100-width.php","meta":{"footnotes":""},"class_list":["post-1943","page","type-page","status-publish","hentry"],"yoast_head":"<!-- This site is optimized with the Yoast SEO plugin v26.9 - https:\/\/yoast.com\/product\/yoast-seo-wordpress\/ -->\n<title>Bougies filtrantes individuelles SINBRAN\u00ae<\/title>\n<meta name=\"description\" content=\"Cartouches filtrantes individuelles SINBRAN\u00ae efficaces pour vos besoins de filtration. La longueur peut \u00eatre librement choisie.\" \/>\n<meta name=\"robots\" content=\"index, follow, max-snippet:-1, max-image-preview:large, max-video-preview:-1\" \/>\n<link rel=\"canonical\" href=\"https:\/\/sinbran.de\/fr\/produits\/bougies-mono-filtre\/\" \/>\n<meta property=\"og:locale\" content=\"fr_FR\" \/>\n<meta property=\"og:type\" content=\"article\" \/>\n<meta property=\"og:title\" content=\"Bougies filtrantes individuelles SINBRAN\u00ae\" \/>\n<meta property=\"og:description\" content=\"Cartouches filtrantes individuelles SINBRAN\u00ae efficaces pour vos besoins de filtration. La longueur peut \u00eatre librement choisie.\" \/>\n<meta property=\"og:url\" content=\"https:\/\/sinbran.de\/fr\/produits\/bougies-mono-filtre\/\" \/>\n<meta property=\"og:site_name\" content=\"Sinbran\" \/>\n<meta property=\"article:modified_time\" content=\"2024-10-08T06:29:38+00:00\" \/>\n<meta name=\"twitter:card\" content=\"summary_large_image\" \/>\n<meta name=\"twitter:label1\" content=\"Est. reading time\" \/>\n\t<meta name=\"twitter:data1\" content=\"2 minutes\" \/>\n<script type=\"application\/ld+json\" class=\"yoast-schema-graph\">{\"@context\":\"https:\/\/schema.org\",\"@graph\":[{\"@type\":\"WebPage\",\"@id\":\"https:\/\/sinbran.de\/fr\/produits\/bougies-mono-filtre\/\",\"url\":\"https:\/\/sinbran.de\/fr\/produits\/bougies-mono-filtre\/\",\"name\":\"Bougies filtrantes individuelles SINBRAN\u00ae\",\"isPartOf\":{\"@id\":\"https:\/\/sinbran.de\/fr\/#website\"},\"datePublished\":\"2024-06-28T08:52:38+00:00\",\"dateModified\":\"2024-10-08T06:29:38+00:00\",\"description\":\"Cartouches filtrantes individuelles SINBRAN\u00ae efficaces pour vos besoins de filtration. La longueur peut \u00eatre librement choisie.\",\"breadcrumb\":{\"@id\":\"https:\/\/sinbran.de\/fr\/produits\/bougies-mono-filtre\/#breadcrumb\"},\"inLanguage\":\"fr-FR\",\"potentialAction\":[{\"@type\":\"ReadAction\",\"target\":[\"https:\/\/sinbran.de\/fr\/produits\/bougies-mono-filtre\/\"]}]},{\"@type\":\"BreadcrumbList\",\"@id\":\"https:\/\/sinbran.de\/fr\/produits\/bougies-mono-filtre\/#breadcrumb\",\"itemListElement\":[{\"@type\":\"ListItem\",\"position\":1,\"name\":\"Startseite\",\"item\":\"https:\/\/sinbran.de\/fr\/\"},{\"@type\":\"ListItem\",\"position\":2,\"name\":\"Produits\",\"item\":\"https:\/\/sinbran.de\/fr\/produits\/\"},{\"@type\":\"ListItem\",\"position\":3,\"name\":\"Bougies Mono Filtre\"}]},{\"@type\":\"WebSite\",\"@id\":\"https:\/\/sinbran.de\/fr\/#website\",\"url\":\"https:\/\/sinbran.de\/fr\/\",\"name\":\"Sinbran entwickelt, produziert und vertreibt SINBRAN\u00ae Filterelemente\",\"description\":\"Filterelemente von Sinbran\",\"publisher\":{\"@id\":\"https:\/\/sinbran.de\/fr\/#organization\"},\"potentialAction\":[{\"@type\":\"SearchAction\",\"target\":{\"@type\":\"EntryPoint\",\"urlTemplate\":\"https:\/\/sinbran.de\/fr\/?s={search_term_string}\"},\"query-input\":{\"@type\":\"PropertyValueSpecification\",\"valueRequired\":true,\"valueName\":\"search_term_string\"}}],\"inLanguage\":\"fr-FR\"},{\"@type\":\"Organization\",\"@id\":\"https:\/\/sinbran.de\/fr\/#organization\",\"name\":\"Sinbran GmbH\",\"url\":\"https:\/\/sinbran.de\/fr\/\",\"logo\":{\"@type\":\"ImageObject\",\"inLanguage\":\"fr-FR\",\"@id\":\"https:\/\/sinbran.de\/fr\/#\/schema\/logo\/image\/\",\"url\":\"https:\/\/sinbran.de\/wp-content\/uploads\/2024\/04\/SINBRAN_Schatten_Logo-200.png\",\"contentUrl\":\"https:\/\/sinbran.de\/wp-content\/uploads\/2024\/04\/SINBRAN_Schatten_Logo-200.png\",\"width\":200,\"height\":175,\"caption\":\"Sinbran GmbH\"},\"image\":{\"@id\":\"https:\/\/sinbran.de\/fr\/#\/schema\/logo\/image\/\"},\"sameAs\":[\"https:\/\/www.linkedin.com\/company\/sinbran-gmbh\/?viewAsMember=true\"]}]}<\/script>\n<!-- \/ Yoast SEO plugin. -->","yoast_head_json":{"title":"Bougies filtrantes individuelles SINBRAN\u00ae","description":"Cartouches filtrantes individuelles SINBRAN\u00ae efficaces pour vos besoins de filtration. La longueur peut \u00eatre librement choisie.","robots":{"index":"index","follow":"follow","max-snippet":"max-snippet:-1","max-image-preview":"max-image-preview:large","max-video-preview":"max-video-preview:-1"},"canonical":"https:\/\/sinbran.de\/fr\/produits\/bougies-mono-filtre\/","og_locale":"fr_FR","og_type":"article","og_title":"Bougies filtrantes individuelles SINBRAN\u00ae","og_description":"Cartouches filtrantes individuelles SINBRAN\u00ae efficaces pour vos besoins de filtration. La longueur peut \u00eatre librement choisie.","og_url":"https:\/\/sinbran.de\/fr\/produits\/bougies-mono-filtre\/","og_site_name":"Sinbran","article_modified_time":"2024-10-08T06:29:38+00:00","twitter_card":"summary_large_image","twitter_misc":{"Est. reading time":"2 minutes"},"schema":{"@context":"https:\/\/schema.org","@graph":[{"@type":"WebPage","@id":"https:\/\/sinbran.de\/fr\/produits\/bougies-mono-filtre\/","url":"https:\/\/sinbran.de\/fr\/produits\/bougies-mono-filtre\/","name":"Bougies filtrantes individuelles SINBRAN\u00ae","isPartOf":{"@id":"https:\/\/sinbran.de\/fr\/#website"},"datePublished":"2024-06-28T08:52:38+00:00","dateModified":"2024-10-08T06:29:38+00:00","description":"Cartouches filtrantes individuelles SINBRAN\u00ae efficaces pour vos besoins de filtration. La longueur peut \u00eatre librement choisie.","breadcrumb":{"@id":"https:\/\/sinbran.de\/fr\/produits\/bougies-mono-filtre\/#breadcrumb"},"inLanguage":"fr-FR","potentialAction":[{"@type":"ReadAction","target":["https:\/\/sinbran.de\/fr\/produits\/bougies-mono-filtre\/"]}]},{"@type":"BreadcrumbList","@id":"https:\/\/sinbran.de\/fr\/produits\/bougies-mono-filtre\/#breadcrumb","itemListElement":[{"@type":"ListItem","position":1,"name":"Startseite","item":"https:\/\/sinbran.de\/fr\/"},{"@type":"ListItem","position":2,"name":"Produits","item":"https:\/\/sinbran.de\/fr\/produits\/"},{"@type":"ListItem","position":3,"name":"Bougies Mono Filtre"}]},{"@type":"WebSite","@id":"https:\/\/sinbran.de\/fr\/#website","url":"https:\/\/sinbran.de\/fr\/","name":"Sinbran entwickelt, produziert und vertreibt SINBRAN\u00ae Filterelemente","description":"Filterelemente von Sinbran","publisher":{"@id":"https:\/\/sinbran.de\/fr\/#organization"},"potentialAction":[{"@type":"SearchAction","target":{"@type":"EntryPoint","urlTemplate":"https:\/\/sinbran.de\/fr\/?s={search_term_string}"},"query-input":{"@type":"PropertyValueSpecification","valueRequired":true,"valueName":"search_term_string"}}],"inLanguage":"fr-FR"},{"@type":"Organization","@id":"https:\/\/sinbran.de\/fr\/#organization","name":"Sinbran GmbH","url":"https:\/\/sinbran.de\/fr\/","logo":{"@type":"ImageObject","inLanguage":"fr-FR","@id":"https:\/\/sinbran.de\/fr\/#\/schema\/logo\/image\/","url":"https:\/\/sinbran.de\/wp-content\/uploads\/2024\/04\/SINBRAN_Schatten_Logo-200.png","contentUrl":"https:\/\/sinbran.de\/wp-content\/uploads\/2024\/04\/SINBRAN_Schatten_Logo-200.png","width":200,"height":175,"caption":"Sinbran GmbH"},"image":{"@id":"https:\/\/sinbran.de\/fr\/#\/schema\/logo\/image\/"},"sameAs":["https:\/\/www.linkedin.com\/company\/sinbran-gmbh\/?viewAsMember=true"]}]}},"_links":{"self":[{"href":"https:\/\/sinbran.de\/fr\/wp-json\/wp\/v2\/pages\/1943","targetHints":{"allow":["GET"]}}],"collection":[{"href":"https:\/\/sinbran.de\/fr\/wp-json\/wp\/v2\/pages"}],"about":[{"href":"https:\/\/sinbran.de\/fr\/wp-json\/wp\/v2\/types\/page"}],"author":[{"embeddable":true,"href":"https:\/\/sinbran.de\/fr\/wp-json\/wp\/v2\/users\/4"}],"replies":[{"embeddable":true,"href":"https:\/\/sinbran.de\/fr\/wp-json\/wp\/v2\/comments?post=1943"}],"version-history":[{"count":5,"href":"https:\/\/sinbran.de\/fr\/wp-json\/wp\/v2\/pages\/1943\/revisions"}],"predecessor-version":[{"id":2037,"href":"https:\/\/sinbran.de\/fr\/wp-json\/wp\/v2\/pages\/1943\/revisions\/2037"}],"up":[{"embeddable":true,"href":"https:\/\/sinbran.de\/fr\/wp-json\/wp\/v2\/pages\/1833"}],"wp:attachment":[{"href":"https:\/\/sinbran.de\/fr\/wp-json\/wp\/v2\/media?parent=1943"}],"curies":[{"name":"wp","href":"https:\/\/api.w.org\/{rel}","templated":true}]}}