{"id":1949,"date":"2024-06-28T11:01:06","date_gmt":"2024-06-28T09:01:06","guid":{"rendered":"https:\/\/fm-medientechnik-test.de\/?page_id=1949"},"modified":"2024-10-08T08:31:06","modified_gmt":"2024-10-08T06:31:06","slug":"solutions-speziales","status":"publish","type":"page","link":"https:\/\/sinbran.de\/fr\/produits\/solutions-speziales\/","title":{"rendered":"Solutions speziales"},"content":{"rendered":"<div class=\"fusion-fullwidth fullwidth-box fusion-builder-row-1 fusion-parallax-none nonhundred-percent-fullwidth non-hundred-percent-height-scrolling lazyload\" style=\"--awb-border-radius-top-left:0px;--awb-border-radius-top-right:0px;--awb-border-radius-bottom-right:0px;--awb-border-radius-bottom-left:0px;--awb-margin-top:-4.5em;--awb-background-size:cover;--awb-flex-wrap:wrap;\" data-bg=\"https:\/\/sinbran.de\/wp-content\/uploads\/2024\/04\/sinbran-hgr-heller-scaled.jpg\" ><div class=\"fusion-builder-row fusion-row\"><div class=\"fusion-layout-column fusion_builder_column fusion-builder-column-0 fusion_builder_column_1_1 1_1 fusion-one-full fusion-column-first fusion-column-last\" style=\"--awb-bg-blend:overlay;--awb-bg-size:cover;--awb-margin-top:5em;\"><div class=\"fusion-column-wrapper fusion-flex-column-wrapper-legacy\"><div class=\"fusion-text fusion-text-1\"><h1>\u00c9l\u00e9ments sp\u00e9ciaux SINBRAN<sup>\u00ae<\/sup> pour une solution sur mesure<\/h1>\n<p>Les \u00e9l\u00e9ments sp\u00e9ciaux sont simples et compos\u00e9s de peu de composants. Cela permet une flexibilit\u00e9 maximale lors de la conception de nouvelles solutions.<\/p>\n<\/div><div class=\"accordian fusion-accordian\" style=\"--awb-border-size:1px;--awb-icon-size:16px;--awb-content-font-size:16px;--awb-icon-alignment:left;--awb-hover-color:#f9f9f9;--awb-border-color:#cccccc;--awb-background-color:#ffffff;--awb-divider-color:var(--awb-color6);--awb-divider-hover-color:#e0dede;--awb-icon-color:#ffffff;--awb-title-color:var(--awb-color6);--awb-content-color:#000000;--awb-icon-box-color:#333333;--awb-toggle-hover-accent-color:var(--awb-color8);--awb-title-font-family:&quot;Open Sans&quot;;--awb-title-font-weight:400;--awb-title-font-style:normal;--awb-title-font-size:16px;--awb-title-text-transform:uppercase;--awb-content-font-family:&quot;Open Sans&quot;;--awb-content-font-style:normal;--awb-content-font-weight:400;\"><div class=\"panel-group fusion-toggle-icon-boxed\" id=\"accordion-1949-1\"><div class=\"fusion-panel panel-default panel-31fa0825f702ea509 fusion-toggle-has-divider\"><div class=\"panel-heading\"><h4 class=\"panel-title toggle\" id=\"toggle_31fa0825f702ea509\"><a aria-expanded=\"false\" aria-controls=\"31fa0825f702ea509\" role=\"button\" data-toggle=\"collapse\" data-target=\"#31fa0825f702ea509\" href=\"#31fa0825f702ea509\"><span class=\"fusion-toggle-icon-wrapper\" aria-hidden=\"true\"><i class=\"fa-fusion-box active-icon awb-icon-minus\" aria-hidden=\"true\"><\/i><i class=\"fa-fusion-box inactive-icon awb-icon-plus\" aria-hidden=\"true\"><\/i><\/span><span class=\"fusion-toggle-heading\">SOLUTIONS PERSONNALIS\u00c9ES SP\u00c9CIALEMENT POUR LES PETITES INSTALLATIONS DE FILTRATION<\/span><\/a><\/h4><\/div><div id=\"31fa0825f702ea509\" class=\"panel-collapse collapse \" aria-labelledby=\"toggle_31fa0825f702ea509\"><div class=\"panel-body toggle-content fusion-clearfix\">Les espaces restreints n\u00e9cessitent des solutions sp\u00e9ciales. L&#8217;utilisation de bougies individuelles vissables permet de r\u00e9aliser presque n&#8217;importe quelle g\u00e9om\u00e9trie dans une installation de filtrage. Diff\u00e9rents types de brides et de longueurs sont disponibles. Une combinaison des bougies individuelles avec des modules de filtration SINBRAN<sup>\u00ae<\/sup> permet une utilisation maximale de la section transversale dans une installation de filtration ronde.<\/div><\/div><\/div><div class=\"fusion-panel panel-default panel-906e8db73b8da23f1 fusion-toggle-has-divider\"><div class=\"panel-heading\"><h4 class=\"panel-title toggle\" id=\"toggle_906e8db73b8da23f1\"><a aria-expanded=\"false\" aria-controls=\"906e8db73b8da23f1\" role=\"button\" data-toggle=\"collapse\" data-target=\"#906e8db73b8da23f1\" href=\"#906e8db73b8da23f1\"><span class=\"fusion-toggle-icon-wrapper\" aria-hidden=\"true\"><i class=\"fa-fusion-box active-icon awb-icon-minus\" aria-hidden=\"true\"><\/i><i class=\"fa-fusion-box inactive-icon awb-icon-plus\" aria-hidden=\"true\"><\/i><\/span><span class=\"fusion-toggle-heading\">LONGUEURS FLEXIBLES ET ADAPTATION INDIVIDUELLE<\/span><\/a><\/h4><\/div><div id=\"906e8db73b8da23f1\" class=\"panel-collapse collapse \" aria-labelledby=\"toggle_906e8db73b8da23f1\"><div class=\"panel-body toggle-content fusion-clearfix\">Les bougies individuelles sont propos\u00e9es en standard avec un diam\u00e8tre ext\u00e9rieur de 51 mm. La longueur peut \u00eatre choisie librement entre 200 mm et 1.000 mm.<\/p>\n<p>Nous r\u00e9alisons les versions sp\u00e9ciales (diam\u00e8tre du tube, design de la bride) individuellement en \u00e9troite collaboration avec le client.<\/div><\/div><\/div><div class=\"fusion-panel panel-default panel-83275d2c5aa597c35 fusion-toggle-has-divider\"><div class=\"panel-heading\"><h4 class=\"panel-title toggle\" id=\"toggle_83275d2c5aa597c35\"><a aria-expanded=\"false\" aria-controls=\"83275d2c5aa597c35\" role=\"button\" data-toggle=\"collapse\" data-target=\"#83275d2c5aa597c35\" href=\"#83275d2c5aa597c35\"><span class=\"fusion-toggle-icon-wrapper\" aria-hidden=\"true\"><i class=\"fa-fusion-box active-icon awb-icon-minus\" aria-hidden=\"true\"><\/i><i class=\"fa-fusion-box inactive-icon awb-icon-plus\" aria-hidden=\"true\"><\/i><\/span><span class=\"fusion-toggle-heading\">LES AVANTAGES EN UN COUP D'\u0152IL<\/span><\/a><\/h4><\/div><div id=\"83275d2c5aa597c35\" class=\"panel-collapse collapse \" aria-labelledby=\"toggle_83275d2c5aa597c35\"><div class=\"panel-body toggle-content fusion-clearfix\">\n<p><strong>1. De faibles \u00e9missions:<\/strong><br \/>\nLa structure microfine de la membrane assure des performances de s\u00e9paration &gt; 99,9 % (selon le certificat de contr\u00f4le IFA).<\/p>\n<p><strong>2. Faibles pertes de charge:<\/strong><br \/>\nPossibilit\u00e9 de doubler le d\u00e9bit avec la m\u00eame charge.<\/p>\n<p><strong>3. Membrane 100 % ePTFE:<\/strong><br \/>\nLe mat\u00e9riau aux meilleures propri\u00e9t\u00e9s anti-adh\u00e9rentes.<\/p>\n<p><strong>4. Une utilisation flexible:<\/strong><br \/>\nDiverses brides et tubes ainsi que des longueurs librement choisies assurent un large champ d&#8217;application.<\/p>\n<\/div><\/div><\/div><div class=\"fusion-panel panel-default panel-a3ba8d298fe649db2 fusion-toggle-has-divider\"><div class=\"panel-heading\"><h4 class=\"panel-title toggle\" id=\"toggle_a3ba8d298fe649db2\"><a aria-expanded=\"false\" aria-controls=\"a3ba8d298fe649db2\" role=\"button\" data-toggle=\"collapse\" data-target=\"#a3ba8d298fe649db2\" href=\"#a3ba8d298fe649db2\"><span class=\"fusion-toggle-icon-wrapper\" aria-hidden=\"true\"><i class=\"fa-fusion-box active-icon awb-icon-minus\" aria-hidden=\"true\"><\/i><i class=\"fa-fusion-box inactive-icon awb-icon-plus\" aria-hidden=\"true\"><\/i><\/span><span class=\"fusion-toggle-heading\">DONN\u00c9ES TECHNIQUES<\/span><\/a><\/h4><\/div><div id=\"a3ba8d298fe649db2\" class=\"panel-collapse collapse \" aria-labelledby=\"toggle_a3ba8d298fe649db2\"><div class=\"panel-body toggle-content fusion-clearfix\">\n<table width=\"100%\">\n<tbody>\n<tr>\n<td align=\"left\">Mat\u00e9riau du tube<\/td>\n<td align=\"left\">PE poreux HD (poly\u00e9thyl\u00e8ne haute densit\u00e9)<\/td>\n<\/tr>\n<tr>\n<td align=\"left\">Mat\u00e9riau de la membrane<\/td>\n<td align=\"left\">100 % ePTFE<\/td>\n<\/tr>\n<tr>\n<td align=\"left\">Mat\u00e9riau de la bride<\/td>\n<td align=\"left\">poly\u00e9thyl\u00e8ne, poly\u00e9thyl\u00e8ne avec noir de carbone incorpor\u00e9<\/td>\n<\/tr>\n<tr>\n<td align=\"left\">Version de la bride montage<\/td>\n<td align=\"left\">c\u00f4t\u00e9 gaz brut diff\u00e9rents filetages m\u00e2les (selon les exigences)<\/td>\n<\/tr>\n<tr>\n<td align=\"left\"><\/td>\n<td align=\"left\">diff\u00e9rents filetages int\u00e9rieurs (selon les exigences)<\/td>\n<\/tr>\n<tr>\n<td align=\"left\">Version de bride montage<\/td>\n<td align=\"left\">c\u00f4t\u00e9 gaz pur Bride de couvercle avec joint torique (selon exigence)<\/td>\n<\/tr>\n<tr>\n<td align=\"left\">Longueurs totales standard<\/td>\n<td align=\"left\">De 200 mm \u00e0 1.000 mm de longueur<\/td>\n<\/tr>\n<tr>\n<td align=\"left\">Diam\u00e8tre standard<\/td>\n<td align=\"left\">51 mm<\/td>\n<\/tr>\n<tr>\n<td align=\"left\">Lavable<\/td>\n<td align=\"left\">Oui. Veuillez tenir compte des remarques!<\/td>\n<\/tr>\n<tr>\n<td align=\"left\">Temp\u00e9rature de service continue<\/td>\n<td align=\"left\">70 \u00b0C (sans charge chimique)<\/td>\n<\/tr>\n<tr>\n<td align=\"left\">Temp\u00e9rature de service maximale (pics)<\/td>\n<td align=\"left\">75 \u00b0C (&lt; 10 minutes)<\/td>\n<\/tr>\n<tr>\n<td align=\"left\">Perte de pression<\/td>\n<td align=\"left\">Possibilit\u00e9 de doubler le d\u00e9bit pour la m\u00eame charge<\/td>\n<\/tr>\n<tr>\n<td align=\"left\">Version antistatique<\/td>\n<td align=\"left\">R\u00e9sistance de surface &lt;108 \u03a9 (selon IEC 60079-1 et -2)<\/td>\n<\/tr>\n<\/tbody>\n<\/table>\n<h6 class=\"fusion-responsive-typography-calculated\" style=\"font-size: 11px;\" data-fontsize=\"11\" data-lineheight=\"16.5px\" data-fusion-font=\"true\">Les donn\u00e9es indiqu\u00e9es sont des valeurs typiques. Elles peuvent \u00e9galement changer en raison de modifications techniques. Pour toute question ou information compl\u00e9mentaire, veuillez prendre contact avec Sinbran GmbH. www.sinbran.com<\/h6>\n<\/div><\/div><\/div><\/div><\/div><div class=\"fusion-clearfix\"><\/div><\/div><\/div><\/div><\/div>\n","protected":false},"excerpt":{"rendered":"","protected":false},"author":4,"featured_media":0,"parent":1833,"menu_order":0,"comment_status":"closed","ping_status":"closed","template":"100-width.php","meta":{"footnotes":""},"class_list":["post-1949","page","type-page","status-publish","hentry"],"yoast_head":"<!-- This site is optimized with the Yoast SEO plugin v26.9 - https:\/\/yoast.com\/product\/yoast-seo-wordpress\/ -->\n<title>Solutions sur mesure SINBRAN\u00ae<\/title>\n<meta name=\"description\" content=\"Solutions sur mesure de SINBRAN\u00ae pour des besoins de filtration sp\u00e9cifiques. Demandez maintenant !\" \/>\n<meta name=\"robots\" content=\"index, follow, max-snippet:-1, max-image-preview:large, max-video-preview:-1\" \/>\n<link rel=\"canonical\" href=\"https:\/\/sinbran.de\/fr\/produits\/solutions-speziales\/\" \/>\n<meta property=\"og:locale\" content=\"fr_FR\" \/>\n<meta property=\"og:type\" content=\"article\" \/>\n<meta property=\"og:title\" content=\"Solutions sur mesure SINBRAN\u00ae\" \/>\n<meta property=\"og:description\" content=\"Solutions sur mesure de SINBRAN\u00ae pour des besoins de filtration sp\u00e9cifiques. Demandez maintenant !\" \/>\n<meta property=\"og:url\" content=\"https:\/\/sinbran.de\/fr\/produits\/solutions-speziales\/\" \/>\n<meta property=\"og:site_name\" content=\"Sinbran\" \/>\n<meta property=\"article:modified_time\" content=\"2024-10-08T06:31:06+00:00\" \/>\n<meta name=\"twitter:card\" content=\"summary_large_image\" \/>\n<meta name=\"twitter:label1\" content=\"Est. reading time\" \/>\n\t<meta name=\"twitter:data1\" content=\"3 minutes\" \/>\n<script type=\"application\/ld+json\" class=\"yoast-schema-graph\">{\"@context\":\"https:\/\/schema.org\",\"@graph\":[{\"@type\":\"WebPage\",\"@id\":\"https:\/\/sinbran.de\/fr\/produits\/solutions-speziales\/\",\"url\":\"https:\/\/sinbran.de\/fr\/produits\/solutions-speziales\/\",\"name\":\"Solutions sur mesure SINBRAN\u00ae\",\"isPartOf\":{\"@id\":\"https:\/\/sinbran.de\/fr\/#website\"},\"datePublished\":\"2024-06-28T09:01:06+00:00\",\"dateModified\":\"2024-10-08T06:31:06+00:00\",\"description\":\"Solutions sur mesure de SINBRAN\u00ae pour des besoins de filtration sp\u00e9cifiques. Demandez maintenant !\",\"breadcrumb\":{\"@id\":\"https:\/\/sinbran.de\/fr\/produits\/solutions-speziales\/#breadcrumb\"},\"inLanguage\":\"fr-FR\",\"potentialAction\":[{\"@type\":\"ReadAction\",\"target\":[\"https:\/\/sinbran.de\/fr\/produits\/solutions-speziales\/\"]}]},{\"@type\":\"BreadcrumbList\",\"@id\":\"https:\/\/sinbran.de\/fr\/produits\/solutions-speziales\/#breadcrumb\",\"itemListElement\":[{\"@type\":\"ListItem\",\"position\":1,\"name\":\"Startseite\",\"item\":\"https:\/\/sinbran.de\/fr\/\"},{\"@type\":\"ListItem\",\"position\":2,\"name\":\"Produits\",\"item\":\"https:\/\/sinbran.de\/fr\/produits\/\"},{\"@type\":\"ListItem\",\"position\":3,\"name\":\"Solutions speziales\"}]},{\"@type\":\"WebSite\",\"@id\":\"https:\/\/sinbran.de\/fr\/#website\",\"url\":\"https:\/\/sinbran.de\/fr\/\",\"name\":\"Sinbran entwickelt, produziert und vertreibt SINBRAN\u00ae Filterelemente\",\"description\":\"Filterelemente von Sinbran\",\"publisher\":{\"@id\":\"https:\/\/sinbran.de\/fr\/#organization\"},\"potentialAction\":[{\"@type\":\"SearchAction\",\"target\":{\"@type\":\"EntryPoint\",\"urlTemplate\":\"https:\/\/sinbran.de\/fr\/?s={search_term_string}\"},\"query-input\":{\"@type\":\"PropertyValueSpecification\",\"valueRequired\":true,\"valueName\":\"search_term_string\"}}],\"inLanguage\":\"fr-FR\"},{\"@type\":\"Organization\",\"@id\":\"https:\/\/sinbran.de\/fr\/#organization\",\"name\":\"Sinbran GmbH\",\"url\":\"https:\/\/sinbran.de\/fr\/\",\"logo\":{\"@type\":\"ImageObject\",\"inLanguage\":\"fr-FR\",\"@id\":\"https:\/\/sinbran.de\/fr\/#\/schema\/logo\/image\/\",\"url\":\"https:\/\/sinbran.de\/wp-content\/uploads\/2024\/04\/SINBRAN_Schatten_Logo-200.png\",\"contentUrl\":\"https:\/\/sinbran.de\/wp-content\/uploads\/2024\/04\/SINBRAN_Schatten_Logo-200.png\",\"width\":200,\"height\":175,\"caption\":\"Sinbran GmbH\"},\"image\":{\"@id\":\"https:\/\/sinbran.de\/fr\/#\/schema\/logo\/image\/\"},\"sameAs\":[\"https:\/\/www.linkedin.com\/company\/sinbran-gmbh\/?viewAsMember=true\"]}]}<\/script>\n<!-- \/ Yoast SEO plugin. -->","yoast_head_json":{"title":"Solutions sur mesure SINBRAN\u00ae","description":"Solutions sur mesure de SINBRAN\u00ae pour des besoins de filtration sp\u00e9cifiques. Demandez maintenant !","robots":{"index":"index","follow":"follow","max-snippet":"max-snippet:-1","max-image-preview":"max-image-preview:large","max-video-preview":"max-video-preview:-1"},"canonical":"https:\/\/sinbran.de\/fr\/produits\/solutions-speziales\/","og_locale":"fr_FR","og_type":"article","og_title":"Solutions sur mesure SINBRAN\u00ae","og_description":"Solutions sur mesure de SINBRAN\u00ae pour des besoins de filtration sp\u00e9cifiques. Demandez maintenant !","og_url":"https:\/\/sinbran.de\/fr\/produits\/solutions-speziales\/","og_site_name":"Sinbran","article_modified_time":"2024-10-08T06:31:06+00:00","twitter_card":"summary_large_image","twitter_misc":{"Est. reading time":"3 minutes"},"schema":{"@context":"https:\/\/schema.org","@graph":[{"@type":"WebPage","@id":"https:\/\/sinbran.de\/fr\/produits\/solutions-speziales\/","url":"https:\/\/sinbran.de\/fr\/produits\/solutions-speziales\/","name":"Solutions sur mesure SINBRAN\u00ae","isPartOf":{"@id":"https:\/\/sinbran.de\/fr\/#website"},"datePublished":"2024-06-28T09:01:06+00:00","dateModified":"2024-10-08T06:31:06+00:00","description":"Solutions sur mesure de SINBRAN\u00ae pour des besoins de filtration sp\u00e9cifiques. Demandez maintenant !","breadcrumb":{"@id":"https:\/\/sinbran.de\/fr\/produits\/solutions-speziales\/#breadcrumb"},"inLanguage":"fr-FR","potentialAction":[{"@type":"ReadAction","target":["https:\/\/sinbran.de\/fr\/produits\/solutions-speziales\/"]}]},{"@type":"BreadcrumbList","@id":"https:\/\/sinbran.de\/fr\/produits\/solutions-speziales\/#breadcrumb","itemListElement":[{"@type":"ListItem","position":1,"name":"Startseite","item":"https:\/\/sinbran.de\/fr\/"},{"@type":"ListItem","position":2,"name":"Produits","item":"https:\/\/sinbran.de\/fr\/produits\/"},{"@type":"ListItem","position":3,"name":"Solutions speziales"}]},{"@type":"WebSite","@id":"https:\/\/sinbran.de\/fr\/#website","url":"https:\/\/sinbran.de\/fr\/","name":"Sinbran entwickelt, produziert und vertreibt SINBRAN\u00ae Filterelemente","description":"Filterelemente von Sinbran","publisher":{"@id":"https:\/\/sinbran.de\/fr\/#organization"},"potentialAction":[{"@type":"SearchAction","target":{"@type":"EntryPoint","urlTemplate":"https:\/\/sinbran.de\/fr\/?s={search_term_string}"},"query-input":{"@type":"PropertyValueSpecification","valueRequired":true,"valueName":"search_term_string"}}],"inLanguage":"fr-FR"},{"@type":"Organization","@id":"https:\/\/sinbran.de\/fr\/#organization","name":"Sinbran GmbH","url":"https:\/\/sinbran.de\/fr\/","logo":{"@type":"ImageObject","inLanguage":"fr-FR","@id":"https:\/\/sinbran.de\/fr\/#\/schema\/logo\/image\/","url":"https:\/\/sinbran.de\/wp-content\/uploads\/2024\/04\/SINBRAN_Schatten_Logo-200.png","contentUrl":"https:\/\/sinbran.de\/wp-content\/uploads\/2024\/04\/SINBRAN_Schatten_Logo-200.png","width":200,"height":175,"caption":"Sinbran GmbH"},"image":{"@id":"https:\/\/sinbran.de\/fr\/#\/schema\/logo\/image\/"},"sameAs":["https:\/\/www.linkedin.com\/company\/sinbran-gmbh\/?viewAsMember=true"]}]}},"_links":{"self":[{"href":"https:\/\/sinbran.de\/fr\/wp-json\/wp\/v2\/pages\/1949","targetHints":{"allow":["GET"]}}],"collection":[{"href":"https:\/\/sinbran.de\/fr\/wp-json\/wp\/v2\/pages"}],"about":[{"href":"https:\/\/sinbran.de\/fr\/wp-json\/wp\/v2\/types\/page"}],"author":[{"embeddable":true,"href":"https:\/\/sinbran.de\/fr\/wp-json\/wp\/v2\/users\/4"}],"replies":[{"embeddable":true,"href":"https:\/\/sinbran.de\/fr\/wp-json\/wp\/v2\/comments?post=1949"}],"version-history":[{"count":8,"href":"https:\/\/sinbran.de\/fr\/wp-json\/wp\/v2\/pages\/1949\/revisions"}],"predecessor-version":[{"id":2040,"href":"https:\/\/sinbran.de\/fr\/wp-json\/wp\/v2\/pages\/1949\/revisions\/2040"}],"up":[{"embeddable":true,"href":"https:\/\/sinbran.de\/fr\/wp-json\/wp\/v2\/pages\/1833"}],"wp:attachment":[{"href":"https:\/\/sinbran.de\/fr\/wp-json\/wp\/v2\/media?parent=1949"}],"curies":[{"name":"wp","href":"https:\/\/api.w.org\/{rel}","templated":true}]}}