{"id":1963,"date":"2024-06-28T11:32:55","date_gmt":"2024-06-28T09:32:55","guid":{"rendered":"https:\/\/fm-medientechnik-test.de\/?page_id=1963"},"modified":"2024-10-08T08:32:48","modified_gmt":"2024-10-08T06:32:48","slug":"filtres-annulaires-a-impact-interne","status":"publish","type":"page","link":"https:\/\/sinbran.de\/fr\/produits\/filtres-annulaires-a-impact-interne\/","title":{"rendered":"Filtres annulaires a impact interne"},"content":{"rendered":"<div class=\"fusion-fullwidth fullwidth-box fusion-builder-row-1 fusion-parallax-none nonhundred-percent-fullwidth non-hundred-percent-height-scrolling lazyload\" style=\"--awb-border-radius-top-left:0px;--awb-border-radius-top-right:0px;--awb-border-radius-bottom-right:0px;--awb-border-radius-bottom-left:0px;--awb-margin-top:-4.5em;--awb-background-size:cover;--awb-flex-wrap:wrap;\" data-bg=\"https:\/\/sinbran.de\/wp-content\/uploads\/2024\/04\/sinbran-hgr-heller-scaled.jpg\" ><div class=\"fusion-builder-row fusion-row\"><div class=\"fusion-layout-column fusion_builder_column fusion-builder-column-0 fusion_builder_column_1_1 1_1 fusion-one-full fusion-column-first fusion-column-last\" style=\"--awb-bg-blend:overlay;--awb-bg-size:cover;--awb-margin-top:5em;\"><div class=\"fusion-column-wrapper fusion-flex-column-wrapper-legacy\"><div class=\"fusion-text fusion-text-1\"><h1>Filtres \u00e0 anneaux \u00e0 impact interne<\/h1>\n<p>Fabriqu\u00e9s en qualit\u00e9 alimentaire et pharmaceutique ainsi qu&#8217;en qualit\u00e9 industrielle, nos filtres \u00e0 anneaux \u00e0 impact interne ultramodernes offrent des caract\u00e9ristiques de performance exceptionnelles qui r\u00e9pondent aux normes industrielles les plus strictes.<\/p>\n<\/div><div class=\"accordian fusion-accordian\" style=\"--awb-border-size:1px;--awb-icon-size:16px;--awb-content-font-size:16px;--awb-icon-alignment:left;--awb-hover-color:#f9f9f9;--awb-border-color:#cccccc;--awb-background-color:#ffffff;--awb-divider-color:var(--awb-color6);--awb-divider-hover-color:#e0dede;--awb-icon-color:#ffffff;--awb-title-color:var(--awb-color6);--awb-content-color:#000000;--awb-icon-box-color:#333333;--awb-toggle-hover-accent-color:var(--awb-color8);--awb-title-font-family:&quot;Open Sans&quot;;--awb-title-font-weight:400;--awb-title-font-style:normal;--awb-title-font-size:16px;--awb-title-text-transform:uppercase;--awb-content-font-family:&quot;Open Sans&quot;;--awb-content-font-style:normal;--awb-content-font-weight:400;\"><div class=\"panel-group fusion-toggle-icon-boxed\" id=\"accordion-1963-1\"><div class=\"fusion-panel panel-default panel-c095cce2fafbeba7d fusion-toggle-has-divider\" style=\"--awb-title-color:#e20917;\"><div class=\"panel-heading\"><h4 class=\"panel-title toggle\" id=\"toggle_c095cce2fafbeba7d\"><a aria-expanded=\"false\" aria-controls=\"c095cce2fafbeba7d\" role=\"button\" data-toggle=\"collapse\" data-target=\"#c095cce2fafbeba7d\" href=\"#c095cce2fafbeba7d\"><span class=\"fusion-toggle-icon-wrapper\" aria-hidden=\"true\"><i class=\"fa-fusion-box active-icon awb-icon-minus\" aria-hidden=\"true\"><\/i><i class=\"fa-fusion-box inactive-icon awb-icon-plus\" aria-hidden=\"true\"><\/i><\/span><span class=\"fusion-toggle-heading\">APPLICATIONS MULTIPLES<\/span><\/a><\/h4><\/div><div id=\"c095cce2fafbeba7d\" class=\"panel-collapse collapse \" aria-labelledby=\"toggle_c095cce2fafbeba7d\"><div class=\"panel-body toggle-content fusion-clearfix\">Nos filtres \u00e0 anneaux \u00e0 impact interne sont polyvalents et conviennent particuli\u00e8rement aux applications dans les domaines de la ventilation, du transport pneumatique et de la protection des pompes \u00e0 vide. Gr\u00e2ce \u00e0 leur construction robuste et \u00e0 leurs excellentes propri\u00e9t\u00e9s de filtration, ils offrent une protection fiable et des performances optimales dans les applications industrielles les plus diverses.<\/div><\/div><\/div><div class=\"fusion-panel panel-default panel-4c1967a18685600fd fusion-toggle-has-divider\" style=\"--awb-title-color:#e20917;\"><div class=\"panel-heading\"><h4 class=\"panel-title toggle\" id=\"toggle_4c1967a18685600fd\"><a aria-expanded=\"false\" aria-controls=\"4c1967a18685600fd\" role=\"button\" data-toggle=\"collapse\" data-target=\"#4c1967a18685600fd\" href=\"#4c1967a18685600fd\"><span class=\"fusion-toggle-icon-wrapper\" aria-hidden=\"true\"><i class=\"fa-fusion-box active-icon awb-icon-minus\" aria-hidden=\"true\"><\/i><i class=\"fa-fusion-box inactive-icon awb-icon-plus\" aria-hidden=\"true\"><\/i><\/span><span class=\"fusion-toggle-heading\">CONSTRUCTION ROBUSTE<\/span><\/a><\/h4><\/div><div id=\"4c1967a18685600fd\" class=\"panel-collapse collapse \" aria-labelledby=\"toggle_4c1967a18685600fd\"><div class=\"panel-body toggle-content fusion-clearfix\">La paroi de dix mm d&#8217;\u00e9paisseur de nos filtres annulaires, combin\u00e9e \u00e0 une membrane ePTFE lamin\u00e9e \u00e0 l&#8217;int\u00e9rieur, garantit une r\u00e9sistance et une durabilit\u00e9 maximales. Cette construction robuste est responsable de la longue dur\u00e9e de vie dans les conditions les plus exigeantes.<\/div><\/div><\/div><div class=\"fusion-panel panel-default panel-5317260f64fc81ad2 fusion-toggle-has-divider\" style=\"--awb-title-color:#e20917;\"><div class=\"panel-heading\"><h4 class=\"panel-title toggle\" id=\"toggle_5317260f64fc81ad2\"><a aria-expanded=\"false\" aria-controls=\"5317260f64fc81ad2\" role=\"button\" data-toggle=\"collapse\" data-target=\"#5317260f64fc81ad2\" href=\"#5317260f64fc81ad2\"><span class=\"fusion-toggle-icon-wrapper\" aria-hidden=\"true\"><i class=\"fa-fusion-box active-icon awb-icon-minus\" aria-hidden=\"true\"><\/i><i class=\"fa-fusion-box inactive-icon awb-icon-plus\" aria-hidden=\"true\"><\/i><\/span><span class=\"fusion-toggle-heading\">LES NORMES INDUSTRIELLES LES PLUS \u00c9LEV\u00c9ES<\/span><\/a><\/h4><\/div><div id=\"5317260f64fc81ad2\" class=\"panel-collapse collapse \" aria-labelledby=\"toggle_5317260f64fc81ad2\"><div class=\"panel-body toggle-content fusion-clearfix\">Nos filtres annulaires \u00e0 rev\u00eatement interne sont fabriqu\u00e9s selon les normes industrielles les plus \u00e9lev\u00e9es et r\u00e9pondent \u00e0 des exigences de qualit\u00e9 strictes. La membrane interne en ePTFE assure une excellente efficacit\u00e9 de filtration, tandis que la construction solide des parois r\u00e9siste sans probl\u00e8me aux contraintes m\u00e9caniques.<\/p>\n<p>Nous sommes toujours \u00e0 votre disposition pour de plus amples informations et des conseils personnalis\u00e9s. Notre \u00e9quipe d&#8217;experts se fera un plaisir de vous aider \u00e0 trouver la solution optimale pour vos besoins sp\u00e9cifiques.<\/p>\n<p>D\u00e9couvrez l&#8217;avenir de la technologie de filtration avec nos filtres \u00e0 anneaux \u00e0 chargement interne &#8211; robustes, fiables et performants.<\/div><\/div><\/div><\/div><\/div><div class=\"fusion-clearfix\"><\/div><\/div><\/div><\/div><\/div>\n","protected":false},"excerpt":{"rendered":"","protected":false},"author":4,"featured_media":0,"parent":1833,"menu_order":0,"comment_status":"closed","ping_status":"closed","template":"100-width.php","meta":{"footnotes":""},"class_list":["post-1963","page","type-page","status-publish","hentry"],"yoast_head":"<!-- This site is optimized with the Yoast SEO plugin v26.9 - https:\/\/yoast.com\/product\/yoast-seo-wordpress\/ -->\n<title>Filtres \u00e0 anneau rev\u00eatus int\u00e9rieurement SINBRAN\u00ae<\/title>\n<meta name=\"description\" content=\"Filtres annulaires efficaces \u00e0 pression interne. Des solutions optimales pour vos applications du plus haut niveau !\" \/>\n<meta name=\"robots\" content=\"index, follow, max-snippet:-1, max-image-preview:large, max-video-preview:-1\" \/>\n<link rel=\"canonical\" href=\"https:\/\/sinbran.de\/fr\/produits\/filtres-annulaires-a-impact-interne\/\" \/>\n<meta property=\"og:locale\" content=\"fr_FR\" \/>\n<meta property=\"og:type\" content=\"article\" \/>\n<meta property=\"og:title\" content=\"Filtres \u00e0 anneau rev\u00eatus int\u00e9rieurement SINBRAN\u00ae\" \/>\n<meta property=\"og:description\" content=\"Filtres annulaires efficaces \u00e0 pression interne. Des solutions optimales pour vos applications du plus haut niveau !\" \/>\n<meta property=\"og:url\" content=\"https:\/\/sinbran.de\/fr\/produits\/filtres-annulaires-a-impact-interne\/\" \/>\n<meta property=\"og:site_name\" content=\"Sinbran\" \/>\n<meta property=\"article:modified_time\" content=\"2024-10-08T06:32:48+00:00\" \/>\n<meta name=\"twitter:card\" content=\"summary_large_image\" \/>\n<meta name=\"twitter:label1\" content=\"Est. reading time\" \/>\n\t<meta name=\"twitter:data1\" content=\"2 minutes\" \/>\n<script type=\"application\/ld+json\" class=\"yoast-schema-graph\">{\"@context\":\"https:\/\/schema.org\",\"@graph\":[{\"@type\":\"WebPage\",\"@id\":\"https:\/\/sinbran.de\/fr\/produits\/filtres-annulaires-a-impact-interne\/\",\"url\":\"https:\/\/sinbran.de\/fr\/produits\/filtres-annulaires-a-impact-interne\/\",\"name\":\"Filtres \u00e0 anneau rev\u00eatus int\u00e9rieurement SINBRAN\u00ae\",\"isPartOf\":{\"@id\":\"https:\/\/sinbran.de\/fr\/#website\"},\"datePublished\":\"2024-06-28T09:32:55+00:00\",\"dateModified\":\"2024-10-08T06:32:48+00:00\",\"description\":\"Filtres annulaires efficaces \u00e0 pression interne. Des solutions optimales pour vos applications du plus haut niveau !\",\"breadcrumb\":{\"@id\":\"https:\/\/sinbran.de\/fr\/produits\/filtres-annulaires-a-impact-interne\/#breadcrumb\"},\"inLanguage\":\"fr-FR\",\"potentialAction\":[{\"@type\":\"ReadAction\",\"target\":[\"https:\/\/sinbran.de\/fr\/produits\/filtres-annulaires-a-impact-interne\/\"]}]},{\"@type\":\"BreadcrumbList\",\"@id\":\"https:\/\/sinbran.de\/fr\/produits\/filtres-annulaires-a-impact-interne\/#breadcrumb\",\"itemListElement\":[{\"@type\":\"ListItem\",\"position\":1,\"name\":\"Startseite\",\"item\":\"https:\/\/sinbran.de\/fr\/\"},{\"@type\":\"ListItem\",\"position\":2,\"name\":\"Produits\",\"item\":\"https:\/\/sinbran.de\/fr\/produits\/\"},{\"@type\":\"ListItem\",\"position\":3,\"name\":\"Filtres annulaires a impact interne\"}]},{\"@type\":\"WebSite\",\"@id\":\"https:\/\/sinbran.de\/fr\/#website\",\"url\":\"https:\/\/sinbran.de\/fr\/\",\"name\":\"Sinbran entwickelt, produziert und vertreibt SINBRAN\u00ae Filterelemente\",\"description\":\"Filterelemente von Sinbran\",\"publisher\":{\"@id\":\"https:\/\/sinbran.de\/fr\/#organization\"},\"potentialAction\":[{\"@type\":\"SearchAction\",\"target\":{\"@type\":\"EntryPoint\",\"urlTemplate\":\"https:\/\/sinbran.de\/fr\/?s={search_term_string}\"},\"query-input\":{\"@type\":\"PropertyValueSpecification\",\"valueRequired\":true,\"valueName\":\"search_term_string\"}}],\"inLanguage\":\"fr-FR\"},{\"@type\":\"Organization\",\"@id\":\"https:\/\/sinbran.de\/fr\/#organization\",\"name\":\"Sinbran GmbH\",\"url\":\"https:\/\/sinbran.de\/fr\/\",\"logo\":{\"@type\":\"ImageObject\",\"inLanguage\":\"fr-FR\",\"@id\":\"https:\/\/sinbran.de\/fr\/#\/schema\/logo\/image\/\",\"url\":\"https:\/\/sinbran.de\/wp-content\/uploads\/2024\/04\/SINBRAN_Schatten_Logo-200.png\",\"contentUrl\":\"https:\/\/sinbran.de\/wp-content\/uploads\/2024\/04\/SINBRAN_Schatten_Logo-200.png\",\"width\":200,\"height\":175,\"caption\":\"Sinbran GmbH\"},\"image\":{\"@id\":\"https:\/\/sinbran.de\/fr\/#\/schema\/logo\/image\/\"},\"sameAs\":[\"https:\/\/www.linkedin.com\/company\/sinbran-gmbh\/?viewAsMember=true\"]}]}<\/script>\n<!-- \/ Yoast SEO plugin. -->","yoast_head_json":{"title":"Filtres \u00e0 anneau rev\u00eatus int\u00e9rieurement SINBRAN\u00ae","description":"Filtres annulaires efficaces \u00e0 pression interne. Des solutions optimales pour vos applications du plus haut niveau !","robots":{"index":"index","follow":"follow","max-snippet":"max-snippet:-1","max-image-preview":"max-image-preview:large","max-video-preview":"max-video-preview:-1"},"canonical":"https:\/\/sinbran.de\/fr\/produits\/filtres-annulaires-a-impact-interne\/","og_locale":"fr_FR","og_type":"article","og_title":"Filtres \u00e0 anneau rev\u00eatus int\u00e9rieurement SINBRAN\u00ae","og_description":"Filtres annulaires efficaces \u00e0 pression interne. Des solutions optimales pour vos applications du plus haut niveau !","og_url":"https:\/\/sinbran.de\/fr\/produits\/filtres-annulaires-a-impact-interne\/","og_site_name":"Sinbran","article_modified_time":"2024-10-08T06:32:48+00:00","twitter_card":"summary_large_image","twitter_misc":{"Est. reading time":"2 minutes"},"schema":{"@context":"https:\/\/schema.org","@graph":[{"@type":"WebPage","@id":"https:\/\/sinbran.de\/fr\/produits\/filtres-annulaires-a-impact-interne\/","url":"https:\/\/sinbran.de\/fr\/produits\/filtres-annulaires-a-impact-interne\/","name":"Filtres \u00e0 anneau rev\u00eatus int\u00e9rieurement SINBRAN\u00ae","isPartOf":{"@id":"https:\/\/sinbran.de\/fr\/#website"},"datePublished":"2024-06-28T09:32:55+00:00","dateModified":"2024-10-08T06:32:48+00:00","description":"Filtres annulaires efficaces \u00e0 pression interne. Des solutions optimales pour vos applications du plus haut niveau !","breadcrumb":{"@id":"https:\/\/sinbran.de\/fr\/produits\/filtres-annulaires-a-impact-interne\/#breadcrumb"},"inLanguage":"fr-FR","potentialAction":[{"@type":"ReadAction","target":["https:\/\/sinbran.de\/fr\/produits\/filtres-annulaires-a-impact-interne\/"]}]},{"@type":"BreadcrumbList","@id":"https:\/\/sinbran.de\/fr\/produits\/filtres-annulaires-a-impact-interne\/#breadcrumb","itemListElement":[{"@type":"ListItem","position":1,"name":"Startseite","item":"https:\/\/sinbran.de\/fr\/"},{"@type":"ListItem","position":2,"name":"Produits","item":"https:\/\/sinbran.de\/fr\/produits\/"},{"@type":"ListItem","position":3,"name":"Filtres annulaires a impact interne"}]},{"@type":"WebSite","@id":"https:\/\/sinbran.de\/fr\/#website","url":"https:\/\/sinbran.de\/fr\/","name":"Sinbran entwickelt, produziert und vertreibt SINBRAN\u00ae Filterelemente","description":"Filterelemente von Sinbran","publisher":{"@id":"https:\/\/sinbran.de\/fr\/#organization"},"potentialAction":[{"@type":"SearchAction","target":{"@type":"EntryPoint","urlTemplate":"https:\/\/sinbran.de\/fr\/?s={search_term_string}"},"query-input":{"@type":"PropertyValueSpecification","valueRequired":true,"valueName":"search_term_string"}}],"inLanguage":"fr-FR"},{"@type":"Organization","@id":"https:\/\/sinbran.de\/fr\/#organization","name":"Sinbran GmbH","url":"https:\/\/sinbran.de\/fr\/","logo":{"@type":"ImageObject","inLanguage":"fr-FR","@id":"https:\/\/sinbran.de\/fr\/#\/schema\/logo\/image\/","url":"https:\/\/sinbran.de\/wp-content\/uploads\/2024\/04\/SINBRAN_Schatten_Logo-200.png","contentUrl":"https:\/\/sinbran.de\/wp-content\/uploads\/2024\/04\/SINBRAN_Schatten_Logo-200.png","width":200,"height":175,"caption":"Sinbran GmbH"},"image":{"@id":"https:\/\/sinbran.de\/fr\/#\/schema\/logo\/image\/"},"sameAs":["https:\/\/www.linkedin.com\/company\/sinbran-gmbh\/?viewAsMember=true"]}]}},"_links":{"self":[{"href":"https:\/\/sinbran.de\/fr\/wp-json\/wp\/v2\/pages\/1963","targetHints":{"allow":["GET"]}}],"collection":[{"href":"https:\/\/sinbran.de\/fr\/wp-json\/wp\/v2\/pages"}],"about":[{"href":"https:\/\/sinbran.de\/fr\/wp-json\/wp\/v2\/types\/page"}],"author":[{"embeddable":true,"href":"https:\/\/sinbran.de\/fr\/wp-json\/wp\/v2\/users\/4"}],"replies":[{"embeddable":true,"href":"https:\/\/sinbran.de\/fr\/wp-json\/wp\/v2\/comments?post=1963"}],"version-history":[{"count":4,"href":"https:\/\/sinbran.de\/fr\/wp-json\/wp\/v2\/pages\/1963\/revisions"}],"predecessor-version":[{"id":2041,"href":"https:\/\/sinbran.de\/fr\/wp-json\/wp\/v2\/pages\/1963\/revisions\/2041"}],"up":[{"embeddable":true,"href":"https:\/\/sinbran.de\/fr\/wp-json\/wp\/v2\/pages\/1833"}],"wp:attachment":[{"href":"https:\/\/sinbran.de\/fr\/wp-json\/wp\/v2\/media?parent=1963"}],"curies":[{"name":"wp","href":"https:\/\/api.w.org\/{rel}","templated":true}]}}