{"id":1967,"date":"2024-06-28T12:10:42","date_gmt":"2024-06-28T10:10:42","guid":{"rendered":"https:\/\/fm-medientechnik-test.de\/?page_id=1967"},"modified":"2024-10-08T08:34:33","modified_gmt":"2024-10-08T06:34:33","slug":"elements-renforces","status":"publish","type":"page","link":"https:\/\/sinbran.de\/fr\/produits\/elements-renforces\/","title":{"rendered":"Elements renforces"},"content":{"rendered":"<div class=\"fusion-fullwidth fullwidth-box fusion-builder-row-1 has-pattern-background has-mask-background fusion-parallax-none nonhundred-percent-fullwidth non-hundred-percent-height-scrolling lazyload\" style=\"--awb-border-radius-top-left:0px;--awb-border-radius-top-right:0px;--awb-border-radius-bottom-right:0px;--awb-border-radius-bottom-left:0px;--awb-margin-top:-4.5em;--awb-background-size:cover;--awb-flex-wrap:wrap;\" data-bg=\"https:\/\/sinbran.de\/wp-content\/uploads\/2024\/04\/sinbran-hgr-heller-scaled.jpg\" ><div class=\"fusion-builder-row fusion-row\"><div class=\"fusion-layout-column fusion_builder_column fusion-builder-column-0 fusion_builder_column_1_1 1_1 fusion-one-full fusion-column-first fusion-column-last\" style=\"--awb-bg-blend:overlay;--awb-bg-size:cover;--awb-margin-top:5em;\"><div class=\"fusion-column-wrapper fusion-flex-column-wrapper-legacy\"><div class=\"fusion-text fusion-text-1\"><h1>El\u00e9ments renforc\u00e9s<\/h1>\n<p><strong>\u00c9l\u00e9ments filtrants SINBRAN<sup>\u00ae<\/sup> &#8211; Version renforc\u00e9e<\/strong><\/p>\n<p>Les \u00e9l\u00e9ments filtrants innovants SINBRAN<sup>\u00ae<\/sup> en version renforc\u00e9e \u00e9tablissent de nouveaux standards dans la technique de filtration avec des tubes filtrants fritt\u00e9s avec une membrane ePTFE lamin\u00e9e. Ils offrent des propri\u00e9t\u00e9s exceptionnelles pour les applications les plus exigeantes dans la technique industrielle moderne.<\/p>\n<\/div><div class=\"accordian fusion-accordian\" style=\"--awb-border-size:1px;--awb-icon-size:16px;--awb-content-font-size:16px;--awb-icon-alignment:left;--awb-hover-color:#f9f9f9;--awb-border-color:#cccccc;--awb-background-color:#ffffff;--awb-divider-color:var(--awb-color6);--awb-divider-hover-color:#e0dede;--awb-icon-color:#ffffff;--awb-title-color:var(--awb-color6);--awb-content-color:#000000;--awb-icon-box-color:#333333;--awb-toggle-hover-accent-color:var(--awb-color8);--awb-title-font-family:&quot;Open Sans&quot;;--awb-title-font-weight:400;--awb-title-font-style:normal;--awb-title-font-size:16px;--awb-title-text-transform:uppercase;--awb-content-font-family:&quot;Open Sans&quot;;--awb-content-font-style:normal;--awb-content-font-weight:400;\"><div class=\"panel-group fusion-toggle-icon-boxed\" id=\"accordion-1967-1\"><div class=\"fusion-panel panel-default panel-0af6793b65d52a5e3 fusion-toggle-has-divider\" style=\"--awb-title-color:#e20917;\"><div class=\"panel-heading\"><h4 class=\"panel-title toggle\" id=\"toggle_0af6793b65d52a5e3\"><a aria-expanded=\"false\" aria-controls=\"0af6793b65d52a5e3\" role=\"button\" data-toggle=\"collapse\" data-target=\"#0af6793b65d52a5e3\" href=\"#0af6793b65d52a5e3\"><span class=\"fusion-toggle-icon-wrapper\" aria-hidden=\"true\"><i class=\"fa-fusion-box active-icon awb-icon-minus\" aria-hidden=\"true\"><\/i><i class=\"fa-fusion-box inactive-icon awb-icon-plus\" aria-hidden=\"true\"><\/i><\/span><span class=\"fusion-toggle-heading\">R\u00c9SISTANCE ACCRUE \u00c0 LA TEMP\u00c9RATURE<\/span><\/a><\/h4><\/div><div id=\"0af6793b65d52a5e3\" class=\"panel-collapse collapse \" aria-labelledby=\"toggle_0af6793b65d52a5e3\"><div class=\"panel-body toggle-content fusion-clearfix\">Nos \u00e9l\u00e9ments filtrants renforc\u00e9s SINBRAN<sup>\u00ae<\/sup> se distinguent par une r\u00e9sistance thermique exceptionnelle. Ils sont capables de r\u00e9sister \u00e0 des pics de temp\u00e9rature allant jusqu&#8217;\u00e0 90 \u00b0C et peuvent \u00eatre utilis\u00e9s en permanence \u00e0 des temp\u00e9ratures allant jusqu&#8217;\u00e0 85 \u00b0C.<\/p>\n<p>Pour un montage horizontal ou pour les grands modules, contactez-nous au pr\u00e9alable.<\/div><\/div><\/div><div class=\"fusion-panel panel-default panel-8292a77ecc91092de fusion-toggle-has-divider\" style=\"--awb-title-color:#e20917;\"><div class=\"panel-heading\"><h4 class=\"panel-title toggle\" id=\"toggle_8292a77ecc91092de\"><a aria-expanded=\"false\" aria-controls=\"8292a77ecc91092de\" role=\"button\" data-toggle=\"collapse\" data-target=\"#8292a77ecc91092de\" href=\"#8292a77ecc91092de\"><span class=\"fusion-toggle-icon-wrapper\" aria-hidden=\"true\"><i class=\"fa-fusion-box active-icon awb-icon-minus\" aria-hidden=\"true\"><\/i><i class=\"fa-fusion-box inactive-icon awb-icon-plus\" aria-hidden=\"true\"><\/i><\/span><span class=\"fusion-toggle-heading\">R\u00c9SISTANCE CHIMIQUE ACCRUE<\/span><\/a><\/h4><\/div><div id=\"8292a77ecc91092de\" class=\"panel-collapse collapse \" aria-labelledby=\"toggle_8292a77ecc91092de\"><div class=\"panel-body toggle-content fusion-clearfix\">Les \u00e9l\u00e9ments filtrants SINBRAN<sup>\u00ae<\/sup> en version renforc\u00e9e sont id\u00e9aux pour une utilisation dans des atmosph\u00e8res agressives. Leur r\u00e9sistance chimique accrue permet un fonctionnement fiable m\u00eame dans des conditions extr\u00eames. Pour les applications sp\u00e9ciales, nous recommandons \u00e9galement de nous consulter afin de garantir la compatibilit\u00e9 et les performances.<\/div><\/div><\/div><div class=\"fusion-panel panel-default panel-762ec476a77d9203d fusion-toggle-has-divider\" style=\"--awb-title-color:#e20917;\"><div class=\"panel-heading\"><h4 class=\"panel-title toggle\" id=\"toggle_762ec476a77d9203d\"><a aria-expanded=\"false\" aria-controls=\"762ec476a77d9203d\" role=\"button\" data-toggle=\"collapse\" data-target=\"#762ec476a77d9203d\" href=\"#762ec476a77d9203d\"><span class=\"fusion-toggle-icon-wrapper\" aria-hidden=\"true\"><i class=\"fa-fusion-box active-icon awb-icon-minus\" aria-hidden=\"true\"><\/i><i class=\"fa-fusion-box inactive-icon awb-icon-plus\" aria-hidden=\"true\"><\/i><\/span><span class=\"fusion-toggle-heading\">R\u00c9SISTANCE M\u00c9CANIQUE PLUS \u00c9LEV\u00c9E<\/span><\/a><\/h4><\/div><div id=\"762ec476a77d9203d\" class=\"panel-collapse collapse \" aria-labelledby=\"toggle_762ec476a77d9203d\"><div class=\"panel-body toggle-content fusion-clearfix\">La tr\u00e8s grande r\u00e9sistance m\u00e9canique est une caract\u00e9ristique exceptionnelle des \u00e9l\u00e9ments filtrants renforc\u00e9s SINBRAN<sup>\u00ae<\/sup>. Ils sont capables de supporter sans probl\u00e8me des diff\u00e9rences de pression (\u0394P) de plus de 500 mbar, ce qui en fait le choix optimal pour les applications soumises \u00e0 des exigences m\u00e9caniques \u00e9lev\u00e9es.<\/div><\/div><\/div><\/div><\/div><div class=\"fusion-clearfix\"><\/div><\/div><\/div><\/div><\/div>\n","protected":false},"excerpt":{"rendered":"","protected":false},"author":4,"featured_media":0,"parent":1833,"menu_order":0,"comment_status":"closed","ping_status":"closed","template":"100-width.php","meta":{"footnotes":""},"class_list":["post-1967","page","type-page","status-publish","hentry"],"yoast_head":"<!-- This site is optimized with the Yoast SEO plugin v26.9 - https:\/\/yoast.com\/product\/yoast-seo-wordpress\/ -->\n<title>\u00c9l\u00e9ments filtrants renforc\u00e9s SINBRAN\u00ae, tr\u00e8s robustes<\/title>\n<meta name=\"description\" content=\"\u00c9l\u00e9ments robustes et renforc\u00e9s en SINBRAN\u00ae, oreilles de filtre fritt\u00e9es, membrane ePTFE. Pour des t\u00e2ches de filtration exclusives !\" \/>\n<meta name=\"robots\" content=\"index, follow, max-snippet:-1, max-image-preview:large, max-video-preview:-1\" \/>\n<link rel=\"canonical\" href=\"https:\/\/sinbran.de\/fr\/produits\/elements-renforces\/\" \/>\n<meta property=\"og:locale\" content=\"fr_FR\" \/>\n<meta property=\"og:type\" content=\"article\" \/>\n<meta property=\"og:title\" content=\"\u00c9l\u00e9ments filtrants renforc\u00e9s SINBRAN\u00ae, tr\u00e8s robustes\" \/>\n<meta property=\"og:description\" content=\"\u00c9l\u00e9ments robustes et renforc\u00e9s en SINBRAN\u00ae, oreilles de filtre fritt\u00e9es, membrane ePTFE. Pour des t\u00e2ches de filtration exclusives !\" \/>\n<meta property=\"og:url\" content=\"https:\/\/sinbran.de\/fr\/produits\/elements-renforces\/\" \/>\n<meta property=\"og:site_name\" content=\"Sinbran\" \/>\n<meta property=\"article:modified_time\" content=\"2024-10-08T06:34:33+00:00\" \/>\n<meta name=\"twitter:card\" content=\"summary_large_image\" \/>\n<meta name=\"twitter:label1\" content=\"Est. reading time\" \/>\n\t<meta name=\"twitter:data1\" content=\"2 minutes\" \/>\n<script type=\"application\/ld+json\" class=\"yoast-schema-graph\">{\"@context\":\"https:\/\/schema.org\",\"@graph\":[{\"@type\":\"WebPage\",\"@id\":\"https:\/\/sinbran.de\/fr\/produits\/elements-renforces\/\",\"url\":\"https:\/\/sinbran.de\/fr\/produits\/elements-renforces\/\",\"name\":\"\u00c9l\u00e9ments filtrants renforc\u00e9s SINBRAN\u00ae, tr\u00e8s robustes\",\"isPartOf\":{\"@id\":\"https:\/\/sinbran.de\/fr\/#website\"},\"datePublished\":\"2024-06-28T10:10:42+00:00\",\"dateModified\":\"2024-10-08T06:34:33+00:00\",\"description\":\"\u00c9l\u00e9ments robustes et renforc\u00e9s en SINBRAN\u00ae, oreilles de filtre fritt\u00e9es, membrane ePTFE. Pour des t\u00e2ches de filtration exclusives !\",\"breadcrumb\":{\"@id\":\"https:\/\/sinbran.de\/fr\/produits\/elements-renforces\/#breadcrumb\"},\"inLanguage\":\"fr-FR\",\"potentialAction\":[{\"@type\":\"ReadAction\",\"target\":[\"https:\/\/sinbran.de\/fr\/produits\/elements-renforces\/\"]}]},{\"@type\":\"BreadcrumbList\",\"@id\":\"https:\/\/sinbran.de\/fr\/produits\/elements-renforces\/#breadcrumb\",\"itemListElement\":[{\"@type\":\"ListItem\",\"position\":1,\"name\":\"Startseite\",\"item\":\"https:\/\/sinbran.de\/fr\/\"},{\"@type\":\"ListItem\",\"position\":2,\"name\":\"Produits\",\"item\":\"https:\/\/sinbran.de\/fr\/produits\/\"},{\"@type\":\"ListItem\",\"position\":3,\"name\":\"Elements renforces\"}]},{\"@type\":\"WebSite\",\"@id\":\"https:\/\/sinbran.de\/fr\/#website\",\"url\":\"https:\/\/sinbran.de\/fr\/\",\"name\":\"Sinbran entwickelt, produziert und vertreibt SINBRAN\u00ae Filterelemente\",\"description\":\"Filterelemente von Sinbran\",\"publisher\":{\"@id\":\"https:\/\/sinbran.de\/fr\/#organization\"},\"potentialAction\":[{\"@type\":\"SearchAction\",\"target\":{\"@type\":\"EntryPoint\",\"urlTemplate\":\"https:\/\/sinbran.de\/fr\/?s={search_term_string}\"},\"query-input\":{\"@type\":\"PropertyValueSpecification\",\"valueRequired\":true,\"valueName\":\"search_term_string\"}}],\"inLanguage\":\"fr-FR\"},{\"@type\":\"Organization\",\"@id\":\"https:\/\/sinbran.de\/fr\/#organization\",\"name\":\"Sinbran GmbH\",\"url\":\"https:\/\/sinbran.de\/fr\/\",\"logo\":{\"@type\":\"ImageObject\",\"inLanguage\":\"fr-FR\",\"@id\":\"https:\/\/sinbran.de\/fr\/#\/schema\/logo\/image\/\",\"url\":\"https:\/\/sinbran.de\/wp-content\/uploads\/2024\/04\/SINBRAN_Schatten_Logo-200.png\",\"contentUrl\":\"https:\/\/sinbran.de\/wp-content\/uploads\/2024\/04\/SINBRAN_Schatten_Logo-200.png\",\"width\":200,\"height\":175,\"caption\":\"Sinbran GmbH\"},\"image\":{\"@id\":\"https:\/\/sinbran.de\/fr\/#\/schema\/logo\/image\/\"},\"sameAs\":[\"https:\/\/www.linkedin.com\/company\/sinbran-gmbh\/?viewAsMember=true\"]}]}<\/script>\n<!-- \/ Yoast SEO plugin. -->","yoast_head_json":{"title":"\u00c9l\u00e9ments filtrants renforc\u00e9s SINBRAN\u00ae, tr\u00e8s robustes","description":"\u00c9l\u00e9ments robustes et renforc\u00e9s en SINBRAN\u00ae, oreilles de filtre fritt\u00e9es, membrane ePTFE. Pour des t\u00e2ches de filtration exclusives !","robots":{"index":"index","follow":"follow","max-snippet":"max-snippet:-1","max-image-preview":"max-image-preview:large","max-video-preview":"max-video-preview:-1"},"canonical":"https:\/\/sinbran.de\/fr\/produits\/elements-renforces\/","og_locale":"fr_FR","og_type":"article","og_title":"\u00c9l\u00e9ments filtrants renforc\u00e9s SINBRAN\u00ae, tr\u00e8s robustes","og_description":"\u00c9l\u00e9ments robustes et renforc\u00e9s en SINBRAN\u00ae, oreilles de filtre fritt\u00e9es, membrane ePTFE. Pour des t\u00e2ches de filtration exclusives !","og_url":"https:\/\/sinbran.de\/fr\/produits\/elements-renforces\/","og_site_name":"Sinbran","article_modified_time":"2024-10-08T06:34:33+00:00","twitter_card":"summary_large_image","twitter_misc":{"Est. reading time":"2 minutes"},"schema":{"@context":"https:\/\/schema.org","@graph":[{"@type":"WebPage","@id":"https:\/\/sinbran.de\/fr\/produits\/elements-renforces\/","url":"https:\/\/sinbran.de\/fr\/produits\/elements-renforces\/","name":"\u00c9l\u00e9ments filtrants renforc\u00e9s SINBRAN\u00ae, tr\u00e8s robustes","isPartOf":{"@id":"https:\/\/sinbran.de\/fr\/#website"},"datePublished":"2024-06-28T10:10:42+00:00","dateModified":"2024-10-08T06:34:33+00:00","description":"\u00c9l\u00e9ments robustes et renforc\u00e9s en SINBRAN\u00ae, oreilles de filtre fritt\u00e9es, membrane ePTFE. Pour des t\u00e2ches de filtration exclusives !","breadcrumb":{"@id":"https:\/\/sinbran.de\/fr\/produits\/elements-renforces\/#breadcrumb"},"inLanguage":"fr-FR","potentialAction":[{"@type":"ReadAction","target":["https:\/\/sinbran.de\/fr\/produits\/elements-renforces\/"]}]},{"@type":"BreadcrumbList","@id":"https:\/\/sinbran.de\/fr\/produits\/elements-renforces\/#breadcrumb","itemListElement":[{"@type":"ListItem","position":1,"name":"Startseite","item":"https:\/\/sinbran.de\/fr\/"},{"@type":"ListItem","position":2,"name":"Produits","item":"https:\/\/sinbran.de\/fr\/produits\/"},{"@type":"ListItem","position":3,"name":"Elements renforces"}]},{"@type":"WebSite","@id":"https:\/\/sinbran.de\/fr\/#website","url":"https:\/\/sinbran.de\/fr\/","name":"Sinbran entwickelt, produziert und vertreibt SINBRAN\u00ae Filterelemente","description":"Filterelemente von Sinbran","publisher":{"@id":"https:\/\/sinbran.de\/fr\/#organization"},"potentialAction":[{"@type":"SearchAction","target":{"@type":"EntryPoint","urlTemplate":"https:\/\/sinbran.de\/fr\/?s={search_term_string}"},"query-input":{"@type":"PropertyValueSpecification","valueRequired":true,"valueName":"search_term_string"}}],"inLanguage":"fr-FR"},{"@type":"Organization","@id":"https:\/\/sinbran.de\/fr\/#organization","name":"Sinbran GmbH","url":"https:\/\/sinbran.de\/fr\/","logo":{"@type":"ImageObject","inLanguage":"fr-FR","@id":"https:\/\/sinbran.de\/fr\/#\/schema\/logo\/image\/","url":"https:\/\/sinbran.de\/wp-content\/uploads\/2024\/04\/SINBRAN_Schatten_Logo-200.png","contentUrl":"https:\/\/sinbran.de\/wp-content\/uploads\/2024\/04\/SINBRAN_Schatten_Logo-200.png","width":200,"height":175,"caption":"Sinbran GmbH"},"image":{"@id":"https:\/\/sinbran.de\/fr\/#\/schema\/logo\/image\/"},"sameAs":["https:\/\/www.linkedin.com\/company\/sinbran-gmbh\/?viewAsMember=true"]}]}},"_links":{"self":[{"href":"https:\/\/sinbran.de\/fr\/wp-json\/wp\/v2\/pages\/1967","targetHints":{"allow":["GET"]}}],"collection":[{"href":"https:\/\/sinbran.de\/fr\/wp-json\/wp\/v2\/pages"}],"about":[{"href":"https:\/\/sinbran.de\/fr\/wp-json\/wp\/v2\/types\/page"}],"author":[{"embeddable":true,"href":"https:\/\/sinbran.de\/fr\/wp-json\/wp\/v2\/users\/4"}],"replies":[{"embeddable":true,"href":"https:\/\/sinbran.de\/fr\/wp-json\/wp\/v2\/comments?post=1967"}],"version-history":[{"count":4,"href":"https:\/\/sinbran.de\/fr\/wp-json\/wp\/v2\/pages\/1967\/revisions"}],"predecessor-version":[{"id":2042,"href":"https:\/\/sinbran.de\/fr\/wp-json\/wp\/v2\/pages\/1967\/revisions\/2042"}],"up":[{"embeddable":true,"href":"https:\/\/sinbran.de\/fr\/wp-json\/wp\/v2\/pages\/1833"}],"wp:attachment":[{"href":"https:\/\/sinbran.de\/fr\/wp-json\/wp\/v2\/media?parent=1967"}],"curies":[{"name":"wp","href":"https:\/\/api.w.org\/{rel}","templated":true}]}}