{"id":1975,"date":"2024-06-28T12:37:12","date_gmt":"2024-06-28T10:37:12","guid":{"rendered":"https:\/\/fm-medientechnik-test.de\/?page_id=1975"},"modified":"2024-10-08T08:36:21","modified_gmt":"2024-10-08T06:36:21","slug":"elements-sans-pwis","status":"publish","type":"page","link":"https:\/\/sinbran.de\/fr\/produits\/elements-sans-pwis\/","title":{"rendered":"Elements sans PWIS"},"content":{"rendered":"<div class=\"fusion-fullwidth fullwidth-box fusion-builder-row-1 fusion-parallax-none nonhundred-percent-fullwidth non-hundred-percent-height-scrolling lazyload\" style=\"--awb-border-radius-top-left:0px;--awb-border-radius-top-right:0px;--awb-border-radius-bottom-right:0px;--awb-border-radius-bottom-left:0px;--awb-margin-top:-4.5em;--awb-background-size:cover;--awb-flex-wrap:wrap;\" data-bg=\"https:\/\/sinbran.de\/wp-content\/uploads\/2024\/04\/sinbran-hgr-heller-scaled.jpg\" ><div class=\"fusion-builder-row fusion-row\"><div class=\"fusion-layout-column fusion_builder_column fusion-builder-column-0 fusion_builder_column_1_1 1_1 fusion-one-full fusion-column-first fusion-column-last\" style=\"--awb-bg-blend:overlay;--awb-bg-size:cover;--awb-margin-top:5em;\"><div class=\"fusion-column-wrapper fusion-flex-column-wrapper-legacy\"><div class=\"fusion-text fusion-text-1\"><h1>El\u00e9ments filtrants SINBRAN<sup>\u00ae<\/sup> pour l&#8217;utilisation dans les applications de peinture<\/h1>\n<p>Pour obtenir une peinture sans d\u00e9faut, les surfaces \u00e0 peindre ne doivent pas \u00eatre contamin\u00e9es par des impuret\u00e9s. Ces impuret\u00e9s ne sont pas seulement des silicones, mais aussi certaines graisses et huiles.<\/p>\n<p>Pour l&#8217;\u00e9l\u00e9ment filtrant, cela signifie qu&#8217;aucun composant ne doit se d\u00e9tacher et qu&#8217;il doit \u00eatre exempt de substances perturbant le mouillage de la peinture (sans PWIS).<\/p>\n<\/div><div class=\"accordian fusion-accordian\" style=\"--awb-border-size:1px;--awb-icon-size:16px;--awb-content-font-size:16px;--awb-icon-alignment:left;--awb-hover-color:#f9f9f9;--awb-border-color:#cccccc;--awb-background-color:#ffffff;--awb-divider-color:var(--awb-color6);--awb-divider-hover-color:#e0dede;--awb-icon-color:#ffffff;--awb-title-color:var(--awb-color6);--awb-content-color:#000000;--awb-icon-box-color:#333333;--awb-toggle-hover-accent-color:var(--awb-color8);--awb-title-font-family:&quot;Open Sans&quot;;--awb-title-font-weight:400;--awb-title-font-style:normal;--awb-title-font-size:16px;--awb-title-text-transform:uppercase;--awb-content-font-family:&quot;Open Sans&quot;;--awb-content-font-style:normal;--awb-content-font-weight:400;\"><div class=\"panel-group fusion-toggle-icon-boxed\" id=\"accordion-1975-1\"><div class=\"fusion-panel panel-default panel-a37c378069b5c80e2 fusion-toggle-has-divider\"><div class=\"panel-heading\"><h4 class=\"panel-title toggle\" id=\"toggle_a37c378069b5c80e2\"><a aria-expanded=\"false\" aria-controls=\"a37c378069b5c80e2\" role=\"button\" data-toggle=\"collapse\" data-target=\"#a37c378069b5c80e2\" href=\"#a37c378069b5c80e2\"><span class=\"fusion-toggle-icon-wrapper\" aria-hidden=\"true\"><i class=\"fa-fusion-box active-icon awb-icon-minus\" aria-hidden=\"true\"><\/i><i class=\"fa-fusion-box inactive-icon awb-icon-plus\" aria-hidden=\"true\"><\/i><\/span><span class=\"fusion-toggle-heading\">LE CHOIX OPTIMAL DES MAT\u00c9RIAUX FAVORISE L'ABSENCE DE PWIS<\/span><\/a><\/h4><\/div><div id=\"a37c378069b5c80e2\" class=\"panel-collapse collapse \" aria-labelledby=\"toggle_a37c378069b5c80e2\"><div class=\"panel-body toggle-content fusion-clearfix\">Les \u00e9l\u00e9ments filtrants SINBRAN<sup>\u00ae<\/sup>\u00a0sont uniquement compos\u00e9s de poly\u00e9thyl\u00e8ne, de PTFE et, le cas \u00e9ch\u00e9ant, d&#8217;acier inoxydable. Aucun produit auxiliaire n&#8217;est utilis\u00e9 pour la fabrication.<\/p>\n<p>Dans le corps fritt\u00e9 poreux, les diff\u00e9rentes particules sont solidement fusionn\u00e9es entre elles au niveau de leurs surfaces de contact. Contrairement aux feutres, aux tissus ou aux non-tiss\u00e9s, aucune particule ou fibre ne peut donc se d\u00e9tacher pendant le fonctionnement et contaminer ainsi les poussi\u00e8res de peinture.<\/p>\n<p>La membrane en PTFE utilis\u00e9e est fermement li\u00e9e \u00e0 la surface fritt\u00e9e et s\u00e9pare la poussi\u00e8re de mani\u00e8re fiable \u00e0 la surface. Elle emp\u00eache ainsi la contamination de l&#8217;\u00e9l\u00e9ment filtrant par la poussi\u00e8re accumul\u00e9e.<\/p>\n<p>L&#8217;acier inoxydable des renforts de la bride se comporte de mani\u00e8re neutre vis-\u00e0-vis du produit.<\/p>\n<p>Les joints en EPDM utilis\u00e9s sont fabriqu\u00e9s de mani\u00e8re \u00e0 ne pas contenir de substances critiques.<\/div><\/div><\/div><div class=\"fusion-panel panel-default panel-b07a5b30bdece77ba fusion-toggle-has-divider\"><div class=\"panel-heading\"><h4 class=\"panel-title toggle\" id=\"toggle_b07a5b30bdece77ba\"><a aria-expanded=\"false\" aria-controls=\"b07a5b30bdece77ba\" role=\"button\" data-toggle=\"collapse\" data-target=\"#b07a5b30bdece77ba\" href=\"#b07a5b30bdece77ba\"><span class=\"fusion-toggle-icon-wrapper\" aria-hidden=\"true\"><i class=\"fa-fusion-box active-icon awb-icon-minus\" aria-hidden=\"true\"><\/i><i class=\"fa-fusion-box inactive-icon awb-icon-plus\" aria-hidden=\"true\"><\/i><\/span><span class=\"fusion-toggle-heading\">FABRICATION PROPRE<\/span><\/a><\/h4><\/div><div id=\"b07a5b30bdece77ba\" class=\"panel-collapse collapse \" aria-labelledby=\"toggle_b07a5b30bdece77ba\"><div class=\"panel-body toggle-content fusion-clearfix\">La fabrication des \u00e9l\u00e9ments filtrants SINBRAN<sup>\u00ae<\/sup> et de leurs composants est purement thermique ou m\u00e9canique.<\/p>\n<p>Aucune mati\u00e8re \u00e9trang\u00e8re telle que des lubrifiants, des huiles, des colles, des masses de scellement ou des solvants n&#8217;est utilis\u00e9e. Toute contamination du produit par l&#8217;\u00e9l\u00e9ment filtrant SINBRAN<sup>\u00ae<\/sup> est donc exclue.<\/p>\n<p>Les machines de production sont con\u00e7ues en cons\u00e9quence et sont d\u00e9barrass\u00e9es des impuret\u00e9s involontaires avant chaque lot de production par une \u00e9tape de nettoyage sp\u00e9ciale.<\/div><\/div><\/div><div class=\"fusion-panel panel-default panel-3fda30c5342b37a53 fusion-toggle-has-divider\"><div class=\"panel-heading\"><h4 class=\"panel-title toggle\" id=\"toggle_3fda30c5342b37a53\"><a aria-expanded=\"false\" aria-controls=\"3fda30c5342b37a53\" role=\"button\" data-toggle=\"collapse\" data-target=\"#3fda30c5342b37a53\" href=\"#3fda30c5342b37a53\"><span class=\"fusion-toggle-icon-wrapper\" aria-hidden=\"true\"><i class=\"fa-fusion-box active-icon awb-icon-minus\" aria-hidden=\"true\"><\/i><i class=\"fa-fusion-box inactive-icon awb-icon-plus\" aria-hidden=\"true\"><\/i><\/span><span class=\"fusion-toggle-heading\">LES 4 AVANTAGES EN UN COUP D'\u0152IL<\/span><\/a><\/h4><\/div><div id=\"3fda30c5342b37a53\" class=\"panel-collapse collapse \" aria-labelledby=\"toggle_3fda30c5342b37a53\"><div class=\"panel-body toggle-content fusion-clearfix\"><strong>1. De faibles \u00e9missions:<\/strong><br \/>\nLa structure microfine de la membrane garantit des taux d&#8217;\u00e9limination sup\u00e9rieurs \u00e0 99,9 %.<\/p>\n<p><strong>2. Un nettoyage simple et complet lors du changement de produit:<\/strong><br \/>\nGr\u00e2ce \u00e0 la g\u00e9om\u00e9trie simple et ronde, il n&#8217;y a pas de plis ou d&#8217;angles morts.<\/p>\n<p><strong>3. Membrane 100 % ePTFE:<\/strong><br \/>\nLe mat\u00e9riau aux meilleures propri\u00e9t\u00e9s anti-adh\u00e9rentes.<\/p>\n<p><strong>4. Une utilisation flexible:<\/strong><br \/>\nDiverses brides ainsi que des longueurs librement choisies assurent un large champ d&#8217;application.<\/p>\n<\/div><\/div><\/div><div class=\"fusion-panel panel-default panel-83b507b94383a713e fusion-toggle-has-divider\" style=\"--awb-title-color:#e20917;\"><div class=\"panel-heading\"><h4 class=\"panel-title toggle\" id=\"toggle_83b507b94383a713e\"><a aria-expanded=\"false\" aria-controls=\"83b507b94383a713e\" role=\"button\" data-toggle=\"collapse\" data-target=\"#83b507b94383a713e\" href=\"#83b507b94383a713e\"><span class=\"fusion-toggle-icon-wrapper\" aria-hidden=\"true\"><i class=\"fa-fusion-box active-icon awb-icon-minus\" aria-hidden=\"true\"><\/i><i class=\"fa-fusion-box inactive-icon awb-icon-plus\" aria-hidden=\"true\"><\/i><\/span><span class=\"fusion-toggle-heading\">UNE TECHNOLOGIE \u00c9PROUV\u00c9E<\/span><\/a><\/h4><\/div><div id=\"83b507b94383a713e\" class=\"panel-collapse collapse \" aria-labelledby=\"toggle_83b507b94383a713e\"><div class=\"panel-body toggle-content fusion-clearfix\">Au cours des 20 ann\u00e9es qui se sont \u00e9coul\u00e9es depuis l&#8217;introduction sur le march\u00e9 des \u00e9l\u00e9ments filtrants SINBRAN<sup>\u00ae<\/sup>, plusieurs milliers d&#8217;\u00e9l\u00e9ments ont \u00e9t\u00e9 utilis\u00e9s avec succ\u00e8s dans des applications de peinture et de rev\u00eatement.<\/div><\/div><\/div><\/div><\/div><div class=\"fusion-clearfix\"><\/div><\/div><\/div><\/div><\/div>\n","protected":false},"excerpt":{"rendered":"","protected":false},"author":4,"featured_media":0,"parent":1833,"menu_order":0,"comment_status":"closed","ping_status":"closed","template":"100-width.php","meta":{"footnotes":""},"class_list":["post-1975","page","type-page","status-publish","hentry"],"yoast_head":"<!-- This site is optimized with the Yoast SEO plugin v26.9 - https:\/\/yoast.com\/product\/yoast-seo-wordpress\/ -->\n<title>\u00c9l\u00e9ments sans LABS SINBRAN\u00ae<\/title>\n<meta name=\"description\" content=\"\u00c9l\u00e9ments filtrants de haute qualit\u00e9 sans LABS de SINBRAN\u00ae. Application fiable pour des travaux de peinture sans erreur !\" \/>\n<meta name=\"robots\" content=\"index, follow, max-snippet:-1, max-image-preview:large, max-video-preview:-1\" \/>\n<link rel=\"canonical\" href=\"https:\/\/sinbran.de\/fr\/produits\/elements-sans-pwis\/\" \/>\n<meta property=\"og:locale\" content=\"fr_FR\" \/>\n<meta property=\"og:type\" content=\"article\" \/>\n<meta property=\"og:title\" content=\"\u00c9l\u00e9ments sans LABS SINBRAN\u00ae\" \/>\n<meta property=\"og:description\" content=\"\u00c9l\u00e9ments filtrants de haute qualit\u00e9 sans LABS de SINBRAN\u00ae. Application fiable pour des travaux de peinture sans erreur !\" \/>\n<meta property=\"og:url\" content=\"https:\/\/sinbran.de\/fr\/produits\/elements-sans-pwis\/\" \/>\n<meta property=\"og:site_name\" content=\"Sinbran\" \/>\n<meta property=\"article:modified_time\" content=\"2024-10-08T06:36:21+00:00\" \/>\n<meta name=\"twitter:card\" content=\"summary_large_image\" \/>\n<meta name=\"twitter:label1\" content=\"Est. reading time\" \/>\n\t<meta name=\"twitter:data1\" content=\"3 minutes\" \/>\n<script type=\"application\/ld+json\" class=\"yoast-schema-graph\">{\"@context\":\"https:\/\/schema.org\",\"@graph\":[{\"@type\":\"WebPage\",\"@id\":\"https:\/\/sinbran.de\/fr\/produits\/elements-sans-pwis\/\",\"url\":\"https:\/\/sinbran.de\/fr\/produits\/elements-sans-pwis\/\",\"name\":\"\u00c9l\u00e9ments sans LABS SINBRAN\u00ae\",\"isPartOf\":{\"@id\":\"https:\/\/sinbran.de\/fr\/#website\"},\"datePublished\":\"2024-06-28T10:37:12+00:00\",\"dateModified\":\"2024-10-08T06:36:21+00:00\",\"description\":\"\u00c9l\u00e9ments filtrants de haute qualit\u00e9 sans LABS de SINBRAN\u00ae. Application fiable pour des travaux de peinture sans erreur !\",\"breadcrumb\":{\"@id\":\"https:\/\/sinbran.de\/fr\/produits\/elements-sans-pwis\/#breadcrumb\"},\"inLanguage\":\"fr-FR\",\"potentialAction\":[{\"@type\":\"ReadAction\",\"target\":[\"https:\/\/sinbran.de\/fr\/produits\/elements-sans-pwis\/\"]}]},{\"@type\":\"BreadcrumbList\",\"@id\":\"https:\/\/sinbran.de\/fr\/produits\/elements-sans-pwis\/#breadcrumb\",\"itemListElement\":[{\"@type\":\"ListItem\",\"position\":1,\"name\":\"Startseite\",\"item\":\"https:\/\/sinbran.de\/fr\/\"},{\"@type\":\"ListItem\",\"position\":2,\"name\":\"Produits\",\"item\":\"https:\/\/sinbran.de\/fr\/produits\/\"},{\"@type\":\"ListItem\",\"position\":3,\"name\":\"Elements sans PWIS\"}]},{\"@type\":\"WebSite\",\"@id\":\"https:\/\/sinbran.de\/fr\/#website\",\"url\":\"https:\/\/sinbran.de\/fr\/\",\"name\":\"Sinbran entwickelt, produziert und vertreibt SINBRAN\u00ae Filterelemente\",\"description\":\"Filterelemente von Sinbran\",\"publisher\":{\"@id\":\"https:\/\/sinbran.de\/fr\/#organization\"},\"potentialAction\":[{\"@type\":\"SearchAction\",\"target\":{\"@type\":\"EntryPoint\",\"urlTemplate\":\"https:\/\/sinbran.de\/fr\/?s={search_term_string}\"},\"query-input\":{\"@type\":\"PropertyValueSpecification\",\"valueRequired\":true,\"valueName\":\"search_term_string\"}}],\"inLanguage\":\"fr-FR\"},{\"@type\":\"Organization\",\"@id\":\"https:\/\/sinbran.de\/fr\/#organization\",\"name\":\"Sinbran GmbH\",\"url\":\"https:\/\/sinbran.de\/fr\/\",\"logo\":{\"@type\":\"ImageObject\",\"inLanguage\":\"fr-FR\",\"@id\":\"https:\/\/sinbran.de\/fr\/#\/schema\/logo\/image\/\",\"url\":\"https:\/\/sinbran.de\/wp-content\/uploads\/2024\/04\/SINBRAN_Schatten_Logo-200.png\",\"contentUrl\":\"https:\/\/sinbran.de\/wp-content\/uploads\/2024\/04\/SINBRAN_Schatten_Logo-200.png\",\"width\":200,\"height\":175,\"caption\":\"Sinbran GmbH\"},\"image\":{\"@id\":\"https:\/\/sinbran.de\/fr\/#\/schema\/logo\/image\/\"},\"sameAs\":[\"https:\/\/www.linkedin.com\/company\/sinbran-gmbh\/?viewAsMember=true\"]}]}<\/script>\n<!-- \/ Yoast SEO plugin. -->","yoast_head_json":{"title":"\u00c9l\u00e9ments sans LABS SINBRAN\u00ae","description":"\u00c9l\u00e9ments filtrants de haute qualit\u00e9 sans LABS de SINBRAN\u00ae. Application fiable pour des travaux de peinture sans erreur !","robots":{"index":"index","follow":"follow","max-snippet":"max-snippet:-1","max-image-preview":"max-image-preview:large","max-video-preview":"max-video-preview:-1"},"canonical":"https:\/\/sinbran.de\/fr\/produits\/elements-sans-pwis\/","og_locale":"fr_FR","og_type":"article","og_title":"\u00c9l\u00e9ments sans LABS SINBRAN\u00ae","og_description":"\u00c9l\u00e9ments filtrants de haute qualit\u00e9 sans LABS de SINBRAN\u00ae. Application fiable pour des travaux de peinture sans erreur !","og_url":"https:\/\/sinbran.de\/fr\/produits\/elements-sans-pwis\/","og_site_name":"Sinbran","article_modified_time":"2024-10-08T06:36:21+00:00","twitter_card":"summary_large_image","twitter_misc":{"Est. reading time":"3 minutes"},"schema":{"@context":"https:\/\/schema.org","@graph":[{"@type":"WebPage","@id":"https:\/\/sinbran.de\/fr\/produits\/elements-sans-pwis\/","url":"https:\/\/sinbran.de\/fr\/produits\/elements-sans-pwis\/","name":"\u00c9l\u00e9ments sans LABS SINBRAN\u00ae","isPartOf":{"@id":"https:\/\/sinbran.de\/fr\/#website"},"datePublished":"2024-06-28T10:37:12+00:00","dateModified":"2024-10-08T06:36:21+00:00","description":"\u00c9l\u00e9ments filtrants de haute qualit\u00e9 sans LABS de SINBRAN\u00ae. Application fiable pour des travaux de peinture sans erreur !","breadcrumb":{"@id":"https:\/\/sinbran.de\/fr\/produits\/elements-sans-pwis\/#breadcrumb"},"inLanguage":"fr-FR","potentialAction":[{"@type":"ReadAction","target":["https:\/\/sinbran.de\/fr\/produits\/elements-sans-pwis\/"]}]},{"@type":"BreadcrumbList","@id":"https:\/\/sinbran.de\/fr\/produits\/elements-sans-pwis\/#breadcrumb","itemListElement":[{"@type":"ListItem","position":1,"name":"Startseite","item":"https:\/\/sinbran.de\/fr\/"},{"@type":"ListItem","position":2,"name":"Produits","item":"https:\/\/sinbran.de\/fr\/produits\/"},{"@type":"ListItem","position":3,"name":"Elements sans PWIS"}]},{"@type":"WebSite","@id":"https:\/\/sinbran.de\/fr\/#website","url":"https:\/\/sinbran.de\/fr\/","name":"Sinbran entwickelt, produziert und vertreibt SINBRAN\u00ae Filterelemente","description":"Filterelemente von Sinbran","publisher":{"@id":"https:\/\/sinbran.de\/fr\/#organization"},"potentialAction":[{"@type":"SearchAction","target":{"@type":"EntryPoint","urlTemplate":"https:\/\/sinbran.de\/fr\/?s={search_term_string}"},"query-input":{"@type":"PropertyValueSpecification","valueRequired":true,"valueName":"search_term_string"}}],"inLanguage":"fr-FR"},{"@type":"Organization","@id":"https:\/\/sinbran.de\/fr\/#organization","name":"Sinbran GmbH","url":"https:\/\/sinbran.de\/fr\/","logo":{"@type":"ImageObject","inLanguage":"fr-FR","@id":"https:\/\/sinbran.de\/fr\/#\/schema\/logo\/image\/","url":"https:\/\/sinbran.de\/wp-content\/uploads\/2024\/04\/SINBRAN_Schatten_Logo-200.png","contentUrl":"https:\/\/sinbran.de\/wp-content\/uploads\/2024\/04\/SINBRAN_Schatten_Logo-200.png","width":200,"height":175,"caption":"Sinbran GmbH"},"image":{"@id":"https:\/\/sinbran.de\/fr\/#\/schema\/logo\/image\/"},"sameAs":["https:\/\/www.linkedin.com\/company\/sinbran-gmbh\/?viewAsMember=true"]}]}},"_links":{"self":[{"href":"https:\/\/sinbran.de\/fr\/wp-json\/wp\/v2\/pages\/1975","targetHints":{"allow":["GET"]}}],"collection":[{"href":"https:\/\/sinbran.de\/fr\/wp-json\/wp\/v2\/pages"}],"about":[{"href":"https:\/\/sinbran.de\/fr\/wp-json\/wp\/v2\/types\/page"}],"author":[{"embeddable":true,"href":"https:\/\/sinbran.de\/fr\/wp-json\/wp\/v2\/users\/4"}],"replies":[{"embeddable":true,"href":"https:\/\/sinbran.de\/fr\/wp-json\/wp\/v2\/comments?post=1975"}],"version-history":[{"count":10,"href":"https:\/\/sinbran.de\/fr\/wp-json\/wp\/v2\/pages\/1975\/revisions"}],"predecessor-version":[{"id":2269,"href":"https:\/\/sinbran.de\/fr\/wp-json\/wp\/v2\/pages\/1975\/revisions\/2269"}],"up":[{"embeddable":true,"href":"https:\/\/sinbran.de\/fr\/wp-json\/wp\/v2\/pages\/1833"}],"wp:attachment":[{"href":"https:\/\/sinbran.de\/fr\/wp-json\/wp\/v2\/media?parent=1975"}],"curies":[{"name":"wp","href":"https:\/\/api.w.org\/{rel}","templated":true}]}}