{"id":1984,"date":"2024-06-29T11:01:56","date_gmt":"2024-06-29T09:01:56","guid":{"rendered":"https:\/\/fm-medientechnik-test.de\/?page_id=1984"},"modified":"2024-10-08T08:37:41","modified_gmt":"2024-10-08T06:37:41","slug":"alimentaire","status":"publish","type":"page","link":"https:\/\/sinbran.de\/fr\/produits\/alimentaire\/","title":{"rendered":"Alimentaire"},"content":{"rendered":"<div class=\"fusion-fullwidth fullwidth-box fusion-builder-row-1 fusion-parallax-none nonhundred-percent-fullwidth non-hundred-percent-height-scrolling lazyload\" style=\"--awb-border-radius-top-left:0px;--awb-border-radius-top-right:0px;--awb-border-radius-bottom-right:0px;--awb-border-radius-bottom-left:0px;--awb-margin-top:-4.5em;--awb-background-size:cover;--awb-flex-wrap:wrap;\" data-bg=\"https:\/\/sinbran.de\/wp-content\/uploads\/2024\/04\/sinbran-hgr-heller-scaled.jpg\" ><div class=\"fusion-builder-row fusion-row\"><div class=\"fusion-layout-column fusion_builder_column fusion-builder-column-0 fusion_builder_column_1_1 1_1 fusion-one-full fusion-column-first fusion-column-last\" style=\"--awb-bg-blend:overlay;--awb-bg-size:cover;--awb-margin-top:5em;\"><div class=\"fusion-column-wrapper fusion-flex-column-wrapper-legacy\"><div class=\"fusion-text fusion-text-1\"><h1>Alimentaire<\/h1>\n<p><strong>\u00c9l\u00e9ments filtrants SINBRAN<sup>\u00ae<\/sup> pour l&#8217;utilisation dans l&#8217;industrie alimentaire<\/strong><\/p>\n<p>Les \u00e9l\u00e9ments filtrants SINBRAN<sup>\u00ae <\/sup>Food sont de plus en plus pr\u00e9sents dans les applications de l&#8217;industrie alimentaire.<\/p>\n<\/div><div class=\"accordian fusion-accordian\" style=\"--awb-border-size:1px;--awb-icon-size:16px;--awb-content-font-size:16px;--awb-icon-alignment:left;--awb-hover-color:#f9f9f9;--awb-border-color:#cccccc;--awb-background-color:#ffffff;--awb-divider-color:var(--awb-color6);--awb-divider-hover-color:#e0dede;--awb-icon-color:#ffffff;--awb-title-color:var(--awb-color6);--awb-content-color:#000000;--awb-icon-box-color:#333333;--awb-toggle-hover-accent-color:var(--awb-color8);--awb-title-font-family:&quot;Open Sans&quot;;--awb-title-font-weight:400;--awb-title-font-style:normal;--awb-title-font-size:16px;--awb-title-text-transform:uppercase;--awb-content-font-family:&quot;Open Sans&quot;;--awb-content-font-style:normal;--awb-content-font-weight:400;\"><div class=\"panel-group fusion-toggle-icon-boxed\" id=\"accordion-1984-1\"><div class=\"fusion-panel panel-default panel-e9dfd2868f6e2a879 fusion-toggle-has-divider\" style=\"--awb-title-color:#e20917;\"><div class=\"panel-heading\"><h4 class=\"panel-title toggle\" id=\"toggle_e9dfd2868f6e2a879\"><a aria-expanded=\"false\" aria-controls=\"e9dfd2868f6e2a879\" role=\"button\" data-toggle=\"collapse\" data-target=\"#e9dfd2868f6e2a879\" href=\"#e9dfd2868f6e2a879\"><span class=\"fusion-toggle-icon-wrapper\" aria-hidden=\"true\"><i class=\"fa-fusion-box active-icon awb-icon-minus\" aria-hidden=\"true\"><\/i><i class=\"fa-fusion-box inactive-icon awb-icon-plus\" aria-hidden=\"true\"><\/i><\/span><span class=\"fusion-toggle-heading\">EXIGENCES RELATIVES AUX MAT\u00c9RIAUX EN CONTACT AVEC LES ALIMENTS<\/span><\/a><\/h4><\/div><div id=\"e9dfd2868f6e2a879\" class=\"panel-collapse collapse \" aria-labelledby=\"toggle_e9dfd2868f6e2a879\"><div class=\"panel-body toggle-content fusion-clearfix\">\n<p>En g\u00e9n\u00e9ral, les objets en contact avec les aliments doivent remplir deux conditions de base:<br \/>\n1. Les mat\u00e9riaux utilis\u00e9s doivent \u00eatre adapt\u00e9s au contact alimentaire.<\/p>\n<p>2. Ils doivent \u00eatre fabriqu\u00e9s conform\u00e9ment aux &#8220;bonnes pratiques de fabrication&#8221; (BPF), comme l&#8217;exigent le r\u00e8glement europ\u00e9en 2023\/2006 et le r\u00e8glement 21CFR177.XXXX de la FDA.<\/p>\n<p>Les \u00e9l\u00e9ments filtrants SINBRAN<sup>\u00ae<\/sup> sont fabriqu\u00e9s \u00e0 partir de mat\u00e9riaux d\u00e9clar\u00e9s inoffensifs par les deux r\u00e8glements. Aucun adjuvant comme la colle, les solvants ou les masses de scellement n&#8217;est utilis\u00e9 pour la fabrication. La production est conforme aux exigences de l&#8217;UE 2023\/2006.<\/p>\n<\/div><\/div><\/div><div class=\"fusion-panel panel-default panel-17ccb409b8de09928 fusion-toggle-has-divider\" style=\"--awb-title-color:#e20917;\"><div class=\"panel-heading\"><h4 class=\"panel-title toggle\" id=\"toggle_17ccb409b8de09928\"><a aria-expanded=\"false\" aria-controls=\"17ccb409b8de09928\" role=\"button\" data-toggle=\"collapse\" data-target=\"#17ccb409b8de09928\" href=\"#17ccb409b8de09928\"><span class=\"fusion-toggle-icon-wrapper\" aria-hidden=\"true\"><i class=\"fa-fusion-box active-icon awb-icon-minus\" aria-hidden=\"true\"><\/i><i class=\"fa-fusion-box inactive-icon awb-icon-plus\" aria-hidden=\"true\"><\/i><\/span><span class=\"fusion-toggle-heading\">CHOIX APPROPRI\u00c9 DES MAT\u00c9RIAUX<\/span><\/a><\/h4><\/div><div id=\"17ccb409b8de09928\" class=\"panel-collapse collapse \" aria-labelledby=\"toggle_17ccb409b8de09928\"><div class=\"panel-body toggle-content fusion-clearfix\">Les \u00e9l\u00e9ments filtrants SINBRAN<sup>\u00ae<\/sup> sont exclusivement compos\u00e9s de poly\u00e9thyl\u00e8ne, d&#8217;ePTFE, d&#8217;acier inoxydable et de silicone.<\/p>\n<p>La fabrication des \u00e9l\u00e9ments filtrants SINBRAN<sup>\u00ae<\/sup> et de leurs composants est purement thermique et m\u00e9canique. Aucun mat\u00e9riau \u00e9tranger comme des lubrifiants, des huiles, des colles, des masses de scellement ou des solvants n&#8217;est utilis\u00e9. Toute contamination du produit par les \u00e9l\u00e9ments filtrants SINBRAN<sup>\u00ae<\/sup> Food est donc exclue.<\/p>\n<p>Dans le cas du corps fritt\u00e9 poreux, les particules individuelles sont solidement fusionn\u00e9es entre elles au niveau de leurs surfaces de contact. Cela emp\u00eache de mani\u00e8re fiable les particules de se d\u00e9tacher de l&#8217;\u00e9l\u00e9ment filtrant et de contaminer le produit. La membrane en ePTFE utilis\u00e9e est fermement li\u00e9e \u00e0 la surface fritt\u00e9e et s\u00e9pare de mani\u00e8re fiable la poussi\u00e8re \u00e0 la surface, ce qui permet de contourner et d&#8217;emp\u00eacher la contamination de l&#8217;\u00e9l\u00e9ment filtrant par la poussi\u00e8re stock\u00e9e.<\/p>\n<p>L&#8217;acier inoxydable du renforcement de la bride se comporte de mani\u00e8re neutre vis-\u00e0-vis du produit.<\/p>\n<p>Les joints sont fabriqu\u00e9s en silicone homologu\u00e9 pour le contact alimentaire.<\/p>\n<\/div><\/div><\/div><div class=\"fusion-panel panel-default panel-3d86ef1db007d27f0 fusion-toggle-has-divider\" style=\"--awb-title-color:#e20917;\"><div class=\"panel-heading\"><h4 class=\"panel-title toggle\" id=\"toggle_3d86ef1db007d27f0\"><a aria-expanded=\"false\" aria-controls=\"3d86ef1db007d27f0\" role=\"button\" data-toggle=\"collapse\" data-target=\"#3d86ef1db007d27f0\" href=\"#3d86ef1db007d27f0\"><span class=\"fusion-toggle-icon-wrapper\" aria-hidden=\"true\"><i class=\"fa-fusion-box active-icon awb-icon-minus\" aria-hidden=\"true\"><\/i><i class=\"fa-fusion-box inactive-icon awb-icon-plus\" aria-hidden=\"true\"><\/i><\/span><span class=\"fusion-toggle-heading\">BONNES PRATIQUES DE FABRICATION (GMP)<\/span><\/a><\/h4><\/div><div id=\"3d86ef1db007d27f0\" class=\"panel-collapse collapse \" aria-labelledby=\"toggle_3d86ef1db007d27f0\"><div class=\"panel-body toggle-content fusion-clearfix\">Selon le r\u00e8glement europ\u00e9en 2023\/2006, les &#8220;bonnes pratiques de fabrication&#8221; doivent garantir que les produits \u00e0 fabriquer r\u00e9pondent aux normes de qualit\u00e9 appropri\u00e9es pour leur utilisation pr\u00e9vue. Ils ne doivent pas mettre en danger la sant\u00e9 humaine ni entra\u00eener une modification inacceptable des aliments.<\/p>\n<p>Pour y parvenir, le r\u00e8glement fixe un certain nombre d&#8217;exigences et de mesures. Les \u00e9l\u00e9ments SINBRAN\u00ae Food sont fabriqu\u00e9s et emball\u00e9s conform\u00e9ment \u00e0 ces exigences et mesures.<\/p>\n<p>Les \u00e9l\u00e9ments filtrants SINBRAN<sup>\u00ae<\/sup> Food sont exempts d&#8217;impuret\u00e9s non intentionnelles. Une st\u00e9rilisation est possible en fonction du proc\u00e9d\u00e9 choisi. Veuillez nous contacter \u00e0 ce sujet.<\/div><\/div><\/div><div class=\"fusion-panel panel-default panel-ff986a2d349e6c86d fusion-toggle-has-divider\" style=\"--awb-title-color:#e20917;\"><div class=\"panel-heading\"><h4 class=\"panel-title toggle\" id=\"toggle_ff986a2d349e6c86d\"><a aria-expanded=\"false\" aria-controls=\"ff986a2d349e6c86d\" role=\"button\" data-toggle=\"collapse\" data-target=\"#ff986a2d349e6c86d\" href=\"#ff986a2d349e6c86d\"><span class=\"fusion-toggle-icon-wrapper\" aria-hidden=\"true\"><i class=\"fa-fusion-box active-icon awb-icon-minus\" aria-hidden=\"true\"><\/i><i class=\"fa-fusion-box inactive-icon awb-icon-plus\" aria-hidden=\"true\"><\/i><\/span><span class=\"fusion-toggle-heading\">CONFORMIT\u00c9<\/span><\/a><\/h4><\/div><div id=\"ff986a2d349e6c86d\" class=\"panel-collapse collapse \" aria-labelledby=\"toggle_ff986a2d349e6c86d\"><div class=\"panel-body toggle-content fusion-clearfix\">La conformit\u00e9 des mat\u00e9riaux utilis\u00e9s est garantie par le fait qu&#8217;ils sont r\u00e9pertori\u00e9s comme inoffensifs dans les r\u00e8glements correspondants. En outre, les mat\u00e9riaux sont soumis \u00e0 des tests de migration r\u00e9guliers par un institut de contr\u00f4le ind\u00e9pendant afin de garantir leur ad\u00e9quation. La fabrication est conforme aux directives GMP (Good Manufacturing Practice).<\/p>\n<p>Des sp\u00e9cifications d\u00e9taill\u00e9es sont disponibles aupr\u00e8s de Sinbran GmbH, l&#8217;aptitude globale des \u00e9l\u00e9ments filtrants SINBRAN<sup>\u00ae<\/sup> Food est certifi\u00e9e par les d\u00e9clarations de conformit\u00e9 correspondantes.<\/div><\/div><\/div><div class=\"fusion-panel panel-default panel-ade32a37f19295119 fusion-toggle-has-divider\" style=\"--awb-title-color:#e20917;\"><div class=\"panel-heading\"><h4 class=\"panel-title toggle\" id=\"toggle_ade32a37f19295119\"><a aria-expanded=\"false\" aria-controls=\"ade32a37f19295119\" role=\"button\" data-toggle=\"collapse\" data-target=\"#ade32a37f19295119\" href=\"#ade32a37f19295119\"><span class=\"fusion-toggle-icon-wrapper\" aria-hidden=\"true\"><i class=\"fa-fusion-box active-icon awb-icon-minus\" aria-hidden=\"true\"><\/i><i class=\"fa-fusion-box inactive-icon awb-icon-plus\" aria-hidden=\"true\"><\/i><\/span><span class=\"fusion-toggle-heading\">COMPOSITION DU MAT\u00c9RIAU<\/span><\/a><\/h4><\/div><div id=\"ade32a37f19295119\" class=\"panel-collapse collapse \" aria-labelledby=\"toggle_ade32a37f19295119\"><div class=\"panel-body toggle-content fusion-clearfix\">\n<p>Les \u00e9l\u00e9ments filtrants SINBRAN<sup>\u00ae<\/sup> Food se composent uniquement de poly\u00e9thyl\u00e8ne, de PTFE, de silicone et, le cas \u00e9ch\u00e9ant, d&#8217;acier inoxydable ; pour les \u00e9l\u00e9ments antistatiques, du noir de carbone est incorpor\u00e9 dans le poly\u00e9thyl\u00e8ne.<\/p>\n<p><strong>Poly\u00e9thyl\u00e8ne:<\/strong> list\u00e9 comme appropri\u00e9 dans la liste de l&#8217;Union de l&#8217;UE 10\/2011 sous le n\u00b0 de r\u00e9f. 125. La FDA d\u00e9signe le poly\u00e9thyl\u00e8ne comme appropri\u00e9 dans le 21CFR177.1520.<br \/>\n<strong>PTFE:<\/strong> list\u00e9 comme appropri\u00e9 dans la liste de l&#8217;Union de l&#8217;UE 10\/2011 sous la r\u00e9f. n\u00b0 281. La FDA d\u00e9signe le PTFE comme appropri\u00e9 dans le 21CFR177.1550.<br \/>\n<strong>Silicone:<\/strong> \u00e9valu\u00e9 dans la base de donn\u00e9es du BfR sous la recommandation 150 &#8220;XV.Silicone&#8221; et list\u00e9 comme appropri\u00e9 par la FDA dans le 21CFR177.2600.<br \/>\n<strong>Acier inoxydable:<\/strong> \u00e9tat de la technique indiquant qu&#8217;il convient comme mat\u00e9riau de contact alimentaire.<\/p>\n<\/div><\/div><\/div><div class=\"fusion-panel panel-default panel-45cc8f043329e9bdd fusion-toggle-has-divider\" style=\"--awb-title-color:#e20917;\"><div class=\"panel-heading\"><h4 class=\"panel-title toggle\" id=\"toggle_45cc8f043329e9bdd\"><a aria-expanded=\"false\" aria-controls=\"45cc8f043329e9bdd\" role=\"button\" data-toggle=\"collapse\" data-target=\"#45cc8f043329e9bdd\" href=\"#45cc8f043329e9bdd\"><span class=\"fusion-toggle-icon-wrapper\" aria-hidden=\"true\"><i class=\"fa-fusion-box active-icon awb-icon-minus\" aria-hidden=\"true\"><\/i><i class=\"fa-fusion-box inactive-icon awb-icon-plus\" aria-hidden=\"true\"><\/i><\/span><span class=\"fusion-toggle-heading\">APER\u00c7U DES AVANTAGES<\/span><\/a><\/h4><\/div><div id=\"45cc8f043329e9bdd\" class=\"panel-collapse collapse \" aria-labelledby=\"toggle_45cc8f043329e9bdd\"><div class=\"panel-body toggle-content fusion-clearfix\">\n<p><strong>1. Des propri\u00e9t\u00e9s de filtration \u00e9prouv\u00e9es:<\/strong><\/p>\n<ul>\n<li>La structure microfine de la membrane assure une efficacit\u00e9 de s\u00e9paration &gt;99,9 %.<\/li>\n<li>La surface en ePTFE permet une faible adh\u00e9rence du produit gr\u00e2ce \u00e0 sa propri\u00e9t\u00e9 anti-adh\u00e9rente.<\/li>\n<li>La surface tr\u00e8s lisse permet de d\u00e9tacher rapidement les r\u00e9sidus de produit.<\/li>\n<\/ul>\n<p><strong>2. Faibles pertes de charge:<\/strong><\/p>\n<ul>\n<li>Possibilit\u00e9 de doubler le d\u00e9bit pour une m\u00eame charge.<\/li>\n<\/ul>\n<p><strong>3. Mat\u00e9riaux conformes:<\/strong><\/p>\n<ul>\n<li>Poly\u00e9thyl\u00e8ne, ePTFE, acier inoxydable et silicone.<\/li>\n<\/ul>\n<p><strong>4. Fabrication conforme aux BPF<\/strong><b> <span style=\"color: var(--awb-content-color); font-family: var(--awb-content-font-family); font-size: var(--awb-content-font-size); font-style: var(--awb-content-font-style); letter-spacing: var(--awb-content-letter-spacing); text-transform: var(--awb-content-text-transform); background-color: var(--awb-bg-color-hover);\">(Bonnes Pratiques de Fabrication)<\/span><\/b><strong style=\"color: var(--awb-content-color); font-family: var(--awb-content-font-family); font-size: var(--awb-content-font-size); font-style: var(--awb-content-font-style); letter-spacing: var(--awb-content-letter-spacing); text-transform: var(--awb-content-text-transform); background-color: var(--awb-bg-color-hover);\">:<\/strong><\/p>\n<ul>\n<li>Un soin particulier apport\u00e9 \u00e0 la fabrication.<\/li>\n<\/ul>\n<p><strong>5. D\u00e9claration de conformit\u00e9 disponible:<\/strong><\/p>\n<ul>\n<li>Une d\u00e9claration de conformit\u00e9 atteste de l&#8217;aptitude \u00e0 l&#8217;utilisation dans l&#8217;industrie alimentaire.<\/li>\n<\/ul>\n<\/div><\/div><\/div><\/div><\/div><div class=\"fusion-clearfix\"><\/div><\/div><\/div><\/div><\/div>\n","protected":false},"excerpt":{"rendered":"","protected":false},"author":4,"featured_media":0,"parent":1833,"menu_order":0,"comment_status":"closed","ping_status":"closed","template":"100-width.php","meta":{"footnotes":""},"class_list":["post-1984","page","type-page","status-publish","hentry"],"yoast_head":"<!-- This site is optimized with the Yoast SEO plugin v26.9 - https:\/\/yoast.com\/product\/yoast-seo-wordpress\/ -->\n<title>Modules SINBRAN\u00ae pour l&#039;alimentation<\/title>\n<meta name=\"description\" content=\"Modules filtrants SINBRAN\u00ae de haute qualit\u00e9 pour l&#039;industrie alimentaire en poly\u00e9thyl\u00e8ne, ePTFE, acier inoxydable et silicone.\" \/>\n<meta name=\"robots\" content=\"index, follow, max-snippet:-1, max-image-preview:large, max-video-preview:-1\" \/>\n<link rel=\"canonical\" href=\"https:\/\/sinbran.de\/fr\/produits\/alimentaire\/\" \/>\n<meta property=\"og:locale\" content=\"fr_FR\" \/>\n<meta property=\"og:type\" content=\"article\" \/>\n<meta property=\"og:title\" content=\"Modules SINBRAN\u00ae pour l&#039;alimentation\" \/>\n<meta property=\"og:description\" content=\"Modules filtrants SINBRAN\u00ae de haute qualit\u00e9 pour l&#039;industrie alimentaire en poly\u00e9thyl\u00e8ne, ePTFE, acier inoxydable et silicone.\" \/>\n<meta property=\"og:url\" content=\"https:\/\/sinbran.de\/fr\/produits\/alimentaire\/\" \/>\n<meta property=\"og:site_name\" content=\"Sinbran\" \/>\n<meta property=\"article:modified_time\" content=\"2024-10-08T06:37:41+00:00\" \/>\n<meta name=\"twitter:card\" content=\"summary_large_image\" \/>\n<meta name=\"twitter:label1\" content=\"Est. reading time\" \/>\n\t<meta name=\"twitter:data1\" content=\"5 minutes\" \/>\n<script type=\"application\/ld+json\" class=\"yoast-schema-graph\">{\"@context\":\"https:\/\/schema.org\",\"@graph\":[{\"@type\":\"WebPage\",\"@id\":\"https:\/\/sinbran.de\/fr\/produits\/alimentaire\/\",\"url\":\"https:\/\/sinbran.de\/fr\/produits\/alimentaire\/\",\"name\":\"Modules SINBRAN\u00ae pour l'alimentation\",\"isPartOf\":{\"@id\":\"https:\/\/sinbran.de\/fr\/#website\"},\"datePublished\":\"2024-06-29T09:01:56+00:00\",\"dateModified\":\"2024-10-08T06:37:41+00:00\",\"description\":\"Modules filtrants SINBRAN\u00ae de haute qualit\u00e9 pour l'industrie alimentaire en poly\u00e9thyl\u00e8ne, ePTFE, acier inoxydable et silicone.\",\"breadcrumb\":{\"@id\":\"https:\/\/sinbran.de\/fr\/produits\/alimentaire\/#breadcrumb\"},\"inLanguage\":\"fr-FR\",\"potentialAction\":[{\"@type\":\"ReadAction\",\"target\":[\"https:\/\/sinbran.de\/fr\/produits\/alimentaire\/\"]}]},{\"@type\":\"BreadcrumbList\",\"@id\":\"https:\/\/sinbran.de\/fr\/produits\/alimentaire\/#breadcrumb\",\"itemListElement\":[{\"@type\":\"ListItem\",\"position\":1,\"name\":\"Startseite\",\"item\":\"https:\/\/sinbran.de\/fr\/\"},{\"@type\":\"ListItem\",\"position\":2,\"name\":\"Produits\",\"item\":\"https:\/\/sinbran.de\/fr\/produits\/\"},{\"@type\":\"ListItem\",\"position\":3,\"name\":\"Alimentaire\"}]},{\"@type\":\"WebSite\",\"@id\":\"https:\/\/sinbran.de\/fr\/#website\",\"url\":\"https:\/\/sinbran.de\/fr\/\",\"name\":\"Sinbran entwickelt, produziert und vertreibt SINBRAN\u00ae Filterelemente\",\"description\":\"Filterelemente von Sinbran\",\"publisher\":{\"@id\":\"https:\/\/sinbran.de\/fr\/#organization\"},\"potentialAction\":[{\"@type\":\"SearchAction\",\"target\":{\"@type\":\"EntryPoint\",\"urlTemplate\":\"https:\/\/sinbran.de\/fr\/?s={search_term_string}\"},\"query-input\":{\"@type\":\"PropertyValueSpecification\",\"valueRequired\":true,\"valueName\":\"search_term_string\"}}],\"inLanguage\":\"fr-FR\"},{\"@type\":\"Organization\",\"@id\":\"https:\/\/sinbran.de\/fr\/#organization\",\"name\":\"Sinbran GmbH\",\"url\":\"https:\/\/sinbran.de\/fr\/\",\"logo\":{\"@type\":\"ImageObject\",\"inLanguage\":\"fr-FR\",\"@id\":\"https:\/\/sinbran.de\/fr\/#\/schema\/logo\/image\/\",\"url\":\"https:\/\/sinbran.de\/wp-content\/uploads\/2024\/04\/SINBRAN_Schatten_Logo-200.png\",\"contentUrl\":\"https:\/\/sinbran.de\/wp-content\/uploads\/2024\/04\/SINBRAN_Schatten_Logo-200.png\",\"width\":200,\"height\":175,\"caption\":\"Sinbran GmbH\"},\"image\":{\"@id\":\"https:\/\/sinbran.de\/fr\/#\/schema\/logo\/image\/\"},\"sameAs\":[\"https:\/\/www.linkedin.com\/company\/sinbran-gmbh\/?viewAsMember=true\"]}]}<\/script>\n<!-- \/ Yoast SEO plugin. -->","yoast_head_json":{"title":"Modules SINBRAN\u00ae pour l'alimentation","description":"Modules filtrants SINBRAN\u00ae de haute qualit\u00e9 pour l'industrie alimentaire en poly\u00e9thyl\u00e8ne, ePTFE, acier inoxydable et silicone.","robots":{"index":"index","follow":"follow","max-snippet":"max-snippet:-1","max-image-preview":"max-image-preview:large","max-video-preview":"max-video-preview:-1"},"canonical":"https:\/\/sinbran.de\/fr\/produits\/alimentaire\/","og_locale":"fr_FR","og_type":"article","og_title":"Modules SINBRAN\u00ae pour l'alimentation","og_description":"Modules filtrants SINBRAN\u00ae de haute qualit\u00e9 pour l'industrie alimentaire en poly\u00e9thyl\u00e8ne, ePTFE, acier inoxydable et silicone.","og_url":"https:\/\/sinbran.de\/fr\/produits\/alimentaire\/","og_site_name":"Sinbran","article_modified_time":"2024-10-08T06:37:41+00:00","twitter_card":"summary_large_image","twitter_misc":{"Est. reading time":"5 minutes"},"schema":{"@context":"https:\/\/schema.org","@graph":[{"@type":"WebPage","@id":"https:\/\/sinbran.de\/fr\/produits\/alimentaire\/","url":"https:\/\/sinbran.de\/fr\/produits\/alimentaire\/","name":"Modules SINBRAN\u00ae pour l'alimentation","isPartOf":{"@id":"https:\/\/sinbran.de\/fr\/#website"},"datePublished":"2024-06-29T09:01:56+00:00","dateModified":"2024-10-08T06:37:41+00:00","description":"Modules filtrants SINBRAN\u00ae de haute qualit\u00e9 pour l'industrie alimentaire en poly\u00e9thyl\u00e8ne, ePTFE, acier inoxydable et silicone.","breadcrumb":{"@id":"https:\/\/sinbran.de\/fr\/produits\/alimentaire\/#breadcrumb"},"inLanguage":"fr-FR","potentialAction":[{"@type":"ReadAction","target":["https:\/\/sinbran.de\/fr\/produits\/alimentaire\/"]}]},{"@type":"BreadcrumbList","@id":"https:\/\/sinbran.de\/fr\/produits\/alimentaire\/#breadcrumb","itemListElement":[{"@type":"ListItem","position":1,"name":"Startseite","item":"https:\/\/sinbran.de\/fr\/"},{"@type":"ListItem","position":2,"name":"Produits","item":"https:\/\/sinbran.de\/fr\/produits\/"},{"@type":"ListItem","position":3,"name":"Alimentaire"}]},{"@type":"WebSite","@id":"https:\/\/sinbran.de\/fr\/#website","url":"https:\/\/sinbran.de\/fr\/","name":"Sinbran entwickelt, produziert und vertreibt SINBRAN\u00ae Filterelemente","description":"Filterelemente von Sinbran","publisher":{"@id":"https:\/\/sinbran.de\/fr\/#organization"},"potentialAction":[{"@type":"SearchAction","target":{"@type":"EntryPoint","urlTemplate":"https:\/\/sinbran.de\/fr\/?s={search_term_string}"},"query-input":{"@type":"PropertyValueSpecification","valueRequired":true,"valueName":"search_term_string"}}],"inLanguage":"fr-FR"},{"@type":"Organization","@id":"https:\/\/sinbran.de\/fr\/#organization","name":"Sinbran GmbH","url":"https:\/\/sinbran.de\/fr\/","logo":{"@type":"ImageObject","inLanguage":"fr-FR","@id":"https:\/\/sinbran.de\/fr\/#\/schema\/logo\/image\/","url":"https:\/\/sinbran.de\/wp-content\/uploads\/2024\/04\/SINBRAN_Schatten_Logo-200.png","contentUrl":"https:\/\/sinbran.de\/wp-content\/uploads\/2024\/04\/SINBRAN_Schatten_Logo-200.png","width":200,"height":175,"caption":"Sinbran GmbH"},"image":{"@id":"https:\/\/sinbran.de\/fr\/#\/schema\/logo\/image\/"},"sameAs":["https:\/\/www.linkedin.com\/company\/sinbran-gmbh\/?viewAsMember=true"]}]}},"_links":{"self":[{"href":"https:\/\/sinbran.de\/fr\/wp-json\/wp\/v2\/pages\/1984","targetHints":{"allow":["GET"]}}],"collection":[{"href":"https:\/\/sinbran.de\/fr\/wp-json\/wp\/v2\/pages"}],"about":[{"href":"https:\/\/sinbran.de\/fr\/wp-json\/wp\/v2\/types\/page"}],"author":[{"embeddable":true,"href":"https:\/\/sinbran.de\/fr\/wp-json\/wp\/v2\/users\/4"}],"replies":[{"embeddable":true,"href":"https:\/\/sinbran.de\/fr\/wp-json\/wp\/v2\/comments?post=1984"}],"version-history":[{"count":8,"href":"https:\/\/sinbran.de\/fr\/wp-json\/wp\/v2\/pages\/1984\/revisions"}],"predecessor-version":[{"id":2272,"href":"https:\/\/sinbran.de\/fr\/wp-json\/wp\/v2\/pages\/1984\/revisions\/2272"}],"up":[{"embeddable":true,"href":"https:\/\/sinbran.de\/fr\/wp-json\/wp\/v2\/pages\/1833"}],"wp:attachment":[{"href":"https:\/\/sinbran.de\/fr\/wp-json\/wp\/v2\/media?parent=1984"}],"curies":[{"name":"wp","href":"https:\/\/api.w.org\/{rel}","templated":true}]}}