{"id":1990,"date":"2024-06-29T11:38:22","date_gmt":"2024-06-29T09:38:22","guid":{"rendered":"https:\/\/fm-medientechnik-test.de\/?page_id=1990"},"modified":"2024-10-08T08:38:54","modified_gmt":"2024-10-08T06:38:54","slug":"pharma","status":"publish","type":"page","link":"https:\/\/sinbran.de\/fr\/produits\/pharma\/","title":{"rendered":"Pharma"},"content":{"rendered":"<div class=\"fusion-fullwidth fullwidth-box fusion-builder-row-1 has-pattern-background has-mask-background fusion-parallax-none nonhundred-percent-fullwidth non-hundred-percent-height-scrolling lazyload\" style=\"--awb-border-radius-top-left:0px;--awb-border-radius-top-right:0px;--awb-border-radius-bottom-right:0px;--awb-border-radius-bottom-left:0px;--awb-margin-top:-4.5em;--awb-background-size:cover;--awb-flex-wrap:wrap;\" data-bg=\"https:\/\/sinbran.de\/wp-content\/uploads\/2024\/04\/sinbran-hgr-heller-scaled.jpg\" ><div class=\"fusion-builder-row fusion-row\"><div class=\"fusion-layout-column fusion_builder_column fusion-builder-column-0 fusion_builder_column_1_1 1_1 fusion-one-full fusion-column-first fusion-column-last\" style=\"--awb-bg-blend:overlay;--awb-bg-size:cover;--awb-margin-top:5em;\" data-scroll-devices=\"small-visibility,medium-visibility,large-visibility\"><div class=\"fusion-column-wrapper fusion-column-has-shadow fusion-flex-column-wrapper-legacy\"><div class=\"fusion-text fusion-text-1\"><h1>Pharma<\/h1>\n<p><strong>El\u00e9ments filtrants SINBRAN<sup>\u00ae<\/sup> pour applications industrielles dans l&#8217;industrie pharmaceutique<\/strong><\/p>\n<p>Les \u00e9l\u00e9ments filtrants SINBRAN<sup>\u00ae<\/sup> Pharma sont d\u00e9velopp\u00e9s avec pr\u00e9cision pour r\u00e9pondre aux exigences \u00e9lev\u00e9es de l&#8217;industrie pharmaceutique. Nous sommes le seul fabricant de filtres en mesure de produire des \u00e9l\u00e9ments filtrants conformes \u00e0 la classe VI de l&#8217;USP, m\u00eame avec des propri\u00e9t\u00e9s antistatiques.<br \/>\nDans le processus d&#8217;emballage, ceux-ci sont soumis \u00e0 un traitement r\u00e9duisant les germes.<\/p>\n<\/div><div class=\"accordian fusion-accordian\" style=\"--awb-border-size:1px;--awb-icon-size:16px;--awb-content-font-size:16px;--awb-icon-alignment:left;--awb-hover-color:#f9f9f9;--awb-border-color:#cccccc;--awb-background-color:#ffffff;--awb-divider-color:var(--awb-color6);--awb-divider-hover-color:#e0dede;--awb-icon-color:#ffffff;--awb-title-color:var(--awb-color6);--awb-content-color:#000000;--awb-icon-box-color:#333333;--awb-toggle-hover-accent-color:var(--awb-color8);--awb-title-font-family:&quot;Open Sans&quot;;--awb-title-font-weight:400;--awb-title-font-style:normal;--awb-title-font-size:16px;--awb-title-text-transform:uppercase;--awb-content-font-family:&quot;Open Sans&quot;;--awb-content-font-style:normal;--awb-content-font-weight:400;\"><div class=\"panel-group fusion-toggle-icon-boxed\" id=\"accordion-1990-1\"><div class=\"fusion-panel panel-default panel-50192abe6dff5e465 fusion-toggle-has-divider\" style=\"--awb-title-color:#e20917;\"><div class=\"panel-heading\"><h4 class=\"panel-title toggle\" id=\"toggle_50192abe6dff5e465\"><a aria-expanded=\"false\" aria-controls=\"50192abe6dff5e465\" role=\"button\" data-toggle=\"collapse\" data-target=\"#50192abe6dff5e465\" href=\"#50192abe6dff5e465\"><span class=\"fusion-toggle-icon-wrapper\" aria-hidden=\"true\"><i class=\"fa-fusion-box active-icon awb-icon-minus\" aria-hidden=\"true\"><\/i><i class=\"fa-fusion-box inactive-icon awb-icon-plus\" aria-hidden=\"true\"><\/i><\/span><span class=\"fusion-toggle-heading\">EXIGENCES RELATIVES AUX MAT\u00c9RIAUX DE CONTACT PHARMACEUTIQUES<\/span><\/a><\/h4><\/div><div id=\"50192abe6dff5e465\" class=\"panel-collapse collapse \" aria-labelledby=\"toggle_50192abe6dff5e465\"><div class=\"panel-body toggle-content fusion-clearfix\">Dans l&#8217;industrie pharmaceutique, les mat\u00e9riaux qui entrent en contact avec les produits pharmaceutiques doivent r\u00e9pondre \u00e0 des r\u00e8gles strictes :<br \/>\n1. Autorisation des mat\u00e9riaux utilis\u00e9s pour le contact pharmaceutique.<br \/>\n2. Fabrication conform\u00e9ment aux directives &#8220;Good Manufacturing Practice&#8221; (GMP), comme l&#8217;exigent le r\u00e8glement europ\u00e9en 2023\/2006 et le r\u00e8glement 21CFR177.XXXX de la FDA.<\/p>\n<p>Les \u00e9l\u00e9ments filtrants SINBRAN\u00ae sont exclusivement compos\u00e9s de mat\u00e9riaux consid\u00e9r\u00e9s comme s\u00fbrs conform\u00e9ment \u00e0 ces r\u00e8glements. Pendant le processus de fabrication, aucun adjuvant tel que des colles, des solvants ou des masses de scellement n&#8217;est utilis\u00e9. La production est enti\u00e8rement conforme aux exigences de l&#8217;UE 2023\/2006.<\/p>\n<\/div><\/div><\/div><div class=\"fusion-panel panel-default panel-55e3e6f86410c8b44 fusion-toggle-has-divider\" style=\"--awb-title-color:#e20917;\"><div class=\"panel-heading\"><h4 class=\"panel-title toggle\" id=\"toggle_55e3e6f86410c8b44\"><a aria-expanded=\"false\" aria-controls=\"55e3e6f86410c8b44\" role=\"button\" data-toggle=\"collapse\" data-target=\"#55e3e6f86410c8b44\" href=\"#55e3e6f86410c8b44\"><span class=\"fusion-toggle-icon-wrapper\" aria-hidden=\"true\"><i class=\"fa-fusion-box active-icon awb-icon-minus\" aria-hidden=\"true\"><\/i><i class=\"fa-fusion-box inactive-icon awb-icon-plus\" aria-hidden=\"true\"><\/i><\/span><span class=\"fusion-toggle-heading\">CHOIX OPTIMIS\u00c9 DES MAT\u00c9RIAUX<\/span><\/a><\/h4><\/div><div id=\"55e3e6f86410c8b44\" class=\"panel-collapse collapse \" aria-labelledby=\"toggle_55e3e6f86410c8b44\"><div class=\"panel-body toggle-content fusion-clearfix\">Les \u00e9l\u00e9ments filtrants SINBRAN<sup>\u00ae<\/sup> sont fabriqu\u00e9s exclusivement \u00e0 partir de poly\u00e9thyl\u00e8ne, de PTFE, d&#8217;acier inoxydable et de joints en silicone approuv\u00e9s par les autorit\u00e9s pharmaceutiques.<\/p>\n<p>La production des \u00e9l\u00e9ments filtrants SINBRAN\u00ae et de leurs composants est r\u00e9alis\u00e9e par des proc\u00e9d\u00e9s thermiques et m\u00e9caniques pr\u00e9cis qui excluent l&#8217;utilisation de mat\u00e9riaux \u00e9trangers tels que les lubrifiants, les huiles, les colles, les masses de scellement ou les solvants. Cela garantit l&#8217;absence de toute contamination des produits pharmaceutiques.<\/p>\n<p>Le corps fritt\u00e9 poreux est compos\u00e9 de particules solidement fusionn\u00e9es qui emp\u00eachent la lib\u00e9ration de particules de l&#8217;\u00e9l\u00e9ment filtrant. La membrane ePTFE est solidement fix\u00e9e \u00e0 la surface fritt\u00e9e et assure une s\u00e9paration efficace des poussi\u00e8res, emp\u00eachant ainsi toute contamination de l&#8217;\u00e9l\u00e9ment filtrant.<\/p>\n<p>L&#8217;acier inoxydable des renforts de la bride est chimiquement inerte par rapport au produit.<\/p>\n<p>Les joints sont en silicone, un mat\u00e9riau approuv\u00e9 pour une utilisation pharmaceutique.<\/div><\/div><\/div><div class=\"fusion-panel panel-default panel-94d58027ef75c731a fusion-toggle-has-divider\" style=\"--awb-title-color:#e20917;\"><div class=\"panel-heading\"><h4 class=\"panel-title toggle\" id=\"toggle_94d58027ef75c731a\"><a aria-expanded=\"false\" aria-controls=\"94d58027ef75c731a\" role=\"button\" data-toggle=\"collapse\" data-target=\"#94d58027ef75c731a\" href=\"#94d58027ef75c731a\"><span class=\"fusion-toggle-icon-wrapper\" aria-hidden=\"true\"><i class=\"fa-fusion-box active-icon awb-icon-minus\" aria-hidden=\"true\"><\/i><i class=\"fa-fusion-box inactive-icon awb-icon-plus\" aria-hidden=\"true\"><\/i><\/span><span class=\"fusion-toggle-heading\">RESPECT DES BONNES PRATIQUES DE FABRICATION (GMP)<\/span><\/a><\/h4><\/div><div id=\"94d58027ef75c731a\" class=\"panel-collapse collapse \" aria-labelledby=\"toggle_94d58027ef75c731a\"><div class=\"panel-body toggle-content fusion-clearfix\">Le r\u00e8glement europ\u00e9en 2023\/2006 garantit que les &#8220;bonnes pratiques de fabrication&#8221; assurent que les produits r\u00e9pondent aux normes de qualit\u00e9 requises et qu&#8217;ils ne mettent pas en danger la sant\u00e9 humaine et n&#8217;alt\u00e8rent pas le produit pharmaceutique de mani\u00e8re inacceptable.<\/p>\n<p>Pour s&#8217;en assurer, le r\u00e8glement d\u00e9finit des exigences et des mesures sp\u00e9cifiques. Les \u00e9l\u00e9ments SINBRAN<sup>\u00ae<\/sup> Pharma sont fabriqu\u00e9s et emball\u00e9s conform\u00e9ment \u00e0 ces normes.<\/p>\n<p>Les \u00e9l\u00e9ments filtrants SINBRAN<sup>\u00ae<\/sup> Pharma sont exempts d&#8217;impuret\u00e9s involontaires. Une st\u00e9rilisation est possible en fonction du proc\u00e9d\u00e9 choisi. Veuillez nous contacter \u00e0 ce sujet.<\/div><\/div><\/div><div class=\"fusion-panel panel-default panel-84ee7a2a50cce4492 fusion-toggle-has-divider\" style=\"--awb-title-color:#e20917;\"><div class=\"panel-heading\"><h4 class=\"panel-title toggle\" id=\"toggle_84ee7a2a50cce4492\"><a aria-expanded=\"false\" aria-controls=\"84ee7a2a50cce4492\" role=\"button\" data-toggle=\"collapse\" data-target=\"#84ee7a2a50cce4492\" href=\"#84ee7a2a50cce4492\"><span class=\"fusion-toggle-icon-wrapper\" aria-hidden=\"true\"><i class=\"fa-fusion-box active-icon awb-icon-minus\" aria-hidden=\"true\"><\/i><i class=\"fa-fusion-box inactive-icon awb-icon-plus\" aria-hidden=\"true\"><\/i><\/span><span class=\"fusion-toggle-heading\">CONFORMIT\u00c9 ET S\u00c9CURIT\u00c9<\/span><\/a><\/h4><\/div><div id=\"84ee7a2a50cce4492\" class=\"panel-collapse collapse \" aria-labelledby=\"toggle_84ee7a2a50cce4492\"><div class=\"panel-body toggle-content fusion-clearfix\">\n<p>La conformit\u00e9 des mat\u00e9riaux utilis\u00e9s est assur\u00e9e par leur r\u00e9f\u00e9rencement dans les r\u00e8glements pertinents. En outre, les mat\u00e9riaux sont soumis \u00e0 des tests de migration r\u00e9guliers effectu\u00e9s par des instituts de contr\u00f4le ind\u00e9pendants afin de garantir leur ad\u00e9quation. La production est enti\u00e8rement conforme aux directives GMP.<\/p>\n<p>Des sp\u00e9cifications d\u00e9taill\u00e9es pour l&#8217;utilisation pr\u00e9vue sont disponibles aupr\u00e8s de Sinbran GmbH. L&#8217;aptitude globale des \u00e9l\u00e9ments filtrants SINBRAN<sup>\u00ae<\/sup> Pharma est confirm\u00e9e par les d\u00e9clarations de conformit\u00e9 correspondantes.<\/p>\n<p><strong>Certificat de conformit\u00e9 pour les tests USP<\/strong><br \/>\nLes \u00e9l\u00e9ments filtrants SINBRAN<sup>\u00ae<\/sup> PHARMA sont exclusivement fabriqu\u00e9s dans notre usine en Allemagne. Afin de d\u00e9terminer la biocompatibilit\u00e9 de ce produit conform\u00e9ment \u00e0 l&#8217;USP &lt;87&gt; et \u00e0 l&#8217;USP &lt;88&gt;, diff\u00e9rentes \u00e9tudes sont men\u00e9es.<\/p>\n<p>L&#8217;\u00e9tude de cytotoxicit\u00e9 montre qu&#8217;aucune substance cytotoxique n&#8217;est lib\u00e9r\u00e9e. Dans l&#8217;\u00e9tude de toxicit\u00e9 syst\u00e9mique aigu\u00eb, aucune r\u00e9action syst\u00e9mique significative ne se produit. L&#8217;\u00e9tude de toxicit\u00e9 ne r\u00e9v\u00e8le aucune anomalie significative. Le test d&#8217;implantation montre que la r\u00e9action macroscopique de l&#8217;objet test\u00e9 ne diff\u00e8re pas significativement de celle du contr\u00f4le n\u00e9gatif USP.<\/p>\n<p>Les r\u00e9sultats de ces tests ont confirm\u00e9 que l&#8217;\u00e9l\u00e9ment filtrant SINBRAN<sup>\u00ae<\/sup> PHARMA de type &#8220;P&#8221; r\u00e9pond aux exigences strictes de l&#8217;USP Classe VI.<\/p>\n<\/div><\/div><\/div><div class=\"fusion-panel panel-default panel-ebf5ff8ccfebc2130 fusion-toggle-has-divider\" style=\"--awb-title-color:#e20917;\"><div class=\"panel-heading\"><h4 class=\"panel-title toggle\" id=\"toggle_ebf5ff8ccfebc2130\"><a aria-expanded=\"false\" aria-controls=\"ebf5ff8ccfebc2130\" role=\"button\" data-toggle=\"collapse\" data-target=\"#ebf5ff8ccfebc2130\" href=\"#ebf5ff8ccfebc2130\"><span class=\"fusion-toggle-icon-wrapper\" aria-hidden=\"true\"><i class=\"fa-fusion-box active-icon awb-icon-minus\" aria-hidden=\"true\"><\/i><i class=\"fa-fusion-box inactive-icon awb-icon-plus\" aria-hidden=\"true\"><\/i><\/span><span class=\"fusion-toggle-heading\">COMPOSITION DU MAT\u00c9RIAU<\/span><\/a><\/h4><\/div><div id=\"ebf5ff8ccfebc2130\" class=\"panel-collapse collapse \" aria-labelledby=\"toggle_ebf5ff8ccfebc2130\"><div class=\"panel-body toggle-content fusion-clearfix\">\n<p>Les \u00e9l\u00e9ments filtrants SINBRAN<sup>\u00ae<\/sup> Pharma sont exclusivement compos\u00e9s de poly\u00e9thyl\u00e8ne, d&#8217;ePTFE, de joints en silicone et, le cas \u00e9ch\u00e9ant, d&#8217;acier inoxydable. Pour les applications antistatiques, du noir de carbone est incorpor\u00e9 dans le poly\u00e9thyl\u00e8ne.<\/p>\n<p><strong>Poly\u00e9thyl\u00e8ne:<\/strong> List\u00e9 dans la liste de l&#8217;Union europ\u00e9enne 10\/2011 sous le r\u00e9f. n\u00b0 125 et reconnu par la FDA dans la 21CFR177.1520.<\/p>\n<p><strong>PTFE:<\/strong> list\u00e9 dans la liste de l&#8217;Union europ\u00e9enne 10\/2011 sous le n\u00b0 de r\u00e9f. 281 et reconnu par la FDA dans la 21CFR177.1550.<\/p>\n<p><strong>Silicone:<\/strong> \u00e9valu\u00e9 dans la base de donn\u00e9es BfR sous la recommandation 150 &#8220;XV.Silicone&#8221; et reconnu par la FDA dans la 21CFR177.2600.<\/p>\n<p><strong>Acier inoxydable:<\/strong> g\u00e9n\u00e9ralement reconnu comme mat\u00e9riau appropri\u00e9 pour le contact pharmaceutique.<\/p>\n<\/div><\/div><\/div><div class=\"fusion-panel panel-default panel-17c5437c4458ee923 fusion-toggle-has-divider\" style=\"--awb-title-color:#e20917;\"><div class=\"panel-heading\"><h4 class=\"panel-title toggle\" id=\"toggle_17c5437c4458ee923\"><a aria-expanded=\"false\" aria-controls=\"17c5437c4458ee923\" role=\"button\" data-toggle=\"collapse\" data-target=\"#17c5437c4458ee923\" href=\"#17c5437c4458ee923\"><span class=\"fusion-toggle-icon-wrapper\" aria-hidden=\"true\"><i class=\"fa-fusion-box active-icon awb-icon-minus\" aria-hidden=\"true\"><\/i><i class=\"fa-fusion-box inactive-icon awb-icon-plus\" aria-hidden=\"true\"><\/i><\/span><span class=\"fusion-toggle-heading\">APER\u00c7U DES AVANTAGES<\/span><\/a><\/h4><\/div><div id=\"17c5437c4458ee923\" class=\"panel-collapse collapse \" aria-labelledby=\"toggle_17c5437c4458ee923\"><div class=\"panel-body toggle-content fusion-clearfix\">\n<p><strong>1. Excellentes propri\u00e9t\u00e9s de filtration:<\/strong><\/p>\n<ul>\n<li>La structure microfine de la membrane garantit des performances de d\u00e9p\u00f4t de &gt;99,9 %.<\/li>\n<li>La surface en ePTFE minimise l&#8217;adh\u00e9rence du produit gr\u00e2ce \u00e0 ses propri\u00e9t\u00e9s antiadh\u00e9sives.<\/li>\n<li>La surface lisse permet de d\u00e9tacher rapidement les r\u00e9sidus de produit.<\/li>\n<\/ul>\n<p><strong>2. Pertes de pression minimales:<\/strong><\/p>\n<ul>\n<li>Permet de doubler le d\u00e9bit pour une m\u00eame charge.<\/li>\n<\/ul>\n<p><strong>3. Mat\u00e9riaux conformes :<\/strong><\/p>\n<ul>\n<li>Utilisation exclusive de poly\u00e9thyl\u00e8ne, d&#8217;ePTFE, d&#8217;acier inoxydable et de joints en silicone.<\/li>\n<\/ul>\n<p><strong>4. Fabrication selon les BPF :<\/strong><\/p>\n<p>Le plus grand soin lors de la fabrication.<\/p>\n<p><strong>5. D\u00e9clarations de conformit\u00e9 disponibles:<\/strong><\/p>\n<ul>\n<li>Une d\u00e9claration de conformit\u00e9 confirme l&#8217;aptitude \u00e0 l&#8217;utilisation dans l&#8217;industrie pharmaceutique.<\/li>\n<\/ul>\n<p>D\u00e9couvrez les avantages des \u00e9l\u00e9ments filtrants SINBRAN<sup>\u00ae<\/sup> Pharma pour vos applications pharmaceutiques et assurez-vous une qualit\u00e9 et une fiabilit\u00e9 maximales.<\/p>\n<\/div><\/div><\/div><\/div><\/div><div class=\"fusion-clearfix\"><\/div><\/div><\/div><\/div><\/div>\n","protected":false},"excerpt":{"rendered":"","protected":false},"author":4,"featured_media":0,"parent":1833,"menu_order":0,"comment_status":"closed","ping_status":"closed","template":"100-width.php","meta":{"footnotes":""},"class_list":["post-1990","page","type-page","status-publish","hentry"],"yoast_head":"<!-- This site is optimized with the Yoast SEO plugin v26.9 - https:\/\/yoast.com\/product\/yoast-seo-wordpress\/ -->\n<title>Modules SINBRAN\u00ae pour la pharmacie<\/title>\n<meta name=\"description\" content=\"Modules SINBRAN\u00ae de haute qualit\u00e9 pour une puret\u00e9 maximale dans l&#039;industrie pharmaceutique. Informez-vous !\" \/>\n<meta name=\"robots\" content=\"index, follow, max-snippet:-1, max-image-preview:large, max-video-preview:-1\" \/>\n<link rel=\"canonical\" href=\"https:\/\/sinbran.de\/fr\/produits\/pharma\/\" \/>\n<meta property=\"og:locale\" content=\"fr_FR\" \/>\n<meta property=\"og:type\" content=\"article\" \/>\n<meta property=\"og:title\" content=\"Modules SINBRAN\u00ae pour la pharmacie\" \/>\n<meta property=\"og:description\" content=\"Modules SINBRAN\u00ae de haute qualit\u00e9 pour une puret\u00e9 maximale dans l&#039;industrie pharmaceutique. Informez-vous !\" \/>\n<meta property=\"og:url\" content=\"https:\/\/sinbran.de\/fr\/produits\/pharma\/\" \/>\n<meta property=\"og:site_name\" content=\"Sinbran\" \/>\n<meta property=\"article:modified_time\" content=\"2024-10-08T06:38:54+00:00\" \/>\n<meta name=\"twitter:card\" content=\"summary_large_image\" \/>\n<meta name=\"twitter:label1\" content=\"Est. reading time\" \/>\n\t<meta name=\"twitter:data1\" content=\"5 minutes\" \/>\n<script type=\"application\/ld+json\" class=\"yoast-schema-graph\">{\"@context\":\"https:\/\/schema.org\",\"@graph\":[{\"@type\":\"WebPage\",\"@id\":\"https:\/\/sinbran.de\/fr\/produits\/pharma\/\",\"url\":\"https:\/\/sinbran.de\/fr\/produits\/pharma\/\",\"name\":\"Modules SINBRAN\u00ae pour la pharmacie\",\"isPartOf\":{\"@id\":\"https:\/\/sinbran.de\/fr\/#website\"},\"datePublished\":\"2024-06-29T09:38:22+00:00\",\"dateModified\":\"2024-10-08T06:38:54+00:00\",\"description\":\"Modules SINBRAN\u00ae de haute qualit\u00e9 pour une puret\u00e9 maximale dans l'industrie pharmaceutique. Informez-vous !\",\"breadcrumb\":{\"@id\":\"https:\/\/sinbran.de\/fr\/produits\/pharma\/#breadcrumb\"},\"inLanguage\":\"fr-FR\",\"potentialAction\":[{\"@type\":\"ReadAction\",\"target\":[\"https:\/\/sinbran.de\/fr\/produits\/pharma\/\"]}]},{\"@type\":\"BreadcrumbList\",\"@id\":\"https:\/\/sinbran.de\/fr\/produits\/pharma\/#breadcrumb\",\"itemListElement\":[{\"@type\":\"ListItem\",\"position\":1,\"name\":\"Startseite\",\"item\":\"https:\/\/sinbran.de\/fr\/\"},{\"@type\":\"ListItem\",\"position\":2,\"name\":\"Produits\",\"item\":\"https:\/\/sinbran.de\/fr\/produits\/\"},{\"@type\":\"ListItem\",\"position\":3,\"name\":\"Pharma\"}]},{\"@type\":\"WebSite\",\"@id\":\"https:\/\/sinbran.de\/fr\/#website\",\"url\":\"https:\/\/sinbran.de\/fr\/\",\"name\":\"Sinbran entwickelt, produziert und vertreibt SINBRAN\u00ae Filterelemente\",\"description\":\"Filterelemente von Sinbran\",\"publisher\":{\"@id\":\"https:\/\/sinbran.de\/fr\/#organization\"},\"potentialAction\":[{\"@type\":\"SearchAction\",\"target\":{\"@type\":\"EntryPoint\",\"urlTemplate\":\"https:\/\/sinbran.de\/fr\/?s={search_term_string}\"},\"query-input\":{\"@type\":\"PropertyValueSpecification\",\"valueRequired\":true,\"valueName\":\"search_term_string\"}}],\"inLanguage\":\"fr-FR\"},{\"@type\":\"Organization\",\"@id\":\"https:\/\/sinbran.de\/fr\/#organization\",\"name\":\"Sinbran GmbH\",\"url\":\"https:\/\/sinbran.de\/fr\/\",\"logo\":{\"@type\":\"ImageObject\",\"inLanguage\":\"fr-FR\",\"@id\":\"https:\/\/sinbran.de\/fr\/#\/schema\/logo\/image\/\",\"url\":\"https:\/\/sinbran.de\/wp-content\/uploads\/2024\/04\/SINBRAN_Schatten_Logo-200.png\",\"contentUrl\":\"https:\/\/sinbran.de\/wp-content\/uploads\/2024\/04\/SINBRAN_Schatten_Logo-200.png\",\"width\":200,\"height\":175,\"caption\":\"Sinbran GmbH\"},\"image\":{\"@id\":\"https:\/\/sinbran.de\/fr\/#\/schema\/logo\/image\/\"},\"sameAs\":[\"https:\/\/www.linkedin.com\/company\/sinbran-gmbh\/?viewAsMember=true\"]}]}<\/script>\n<!-- \/ Yoast SEO plugin. -->","yoast_head_json":{"title":"Modules SINBRAN\u00ae pour la pharmacie","description":"Modules SINBRAN\u00ae de haute qualit\u00e9 pour une puret\u00e9 maximale dans l'industrie pharmaceutique. Informez-vous !","robots":{"index":"index","follow":"follow","max-snippet":"max-snippet:-1","max-image-preview":"max-image-preview:large","max-video-preview":"max-video-preview:-1"},"canonical":"https:\/\/sinbran.de\/fr\/produits\/pharma\/","og_locale":"fr_FR","og_type":"article","og_title":"Modules SINBRAN\u00ae pour la pharmacie","og_description":"Modules SINBRAN\u00ae de haute qualit\u00e9 pour une puret\u00e9 maximale dans l'industrie pharmaceutique. Informez-vous !","og_url":"https:\/\/sinbran.de\/fr\/produits\/pharma\/","og_site_name":"Sinbran","article_modified_time":"2024-10-08T06:38:54+00:00","twitter_card":"summary_large_image","twitter_misc":{"Est. reading time":"5 minutes"},"schema":{"@context":"https:\/\/schema.org","@graph":[{"@type":"WebPage","@id":"https:\/\/sinbran.de\/fr\/produits\/pharma\/","url":"https:\/\/sinbran.de\/fr\/produits\/pharma\/","name":"Modules SINBRAN\u00ae pour la pharmacie","isPartOf":{"@id":"https:\/\/sinbran.de\/fr\/#website"},"datePublished":"2024-06-29T09:38:22+00:00","dateModified":"2024-10-08T06:38:54+00:00","description":"Modules SINBRAN\u00ae de haute qualit\u00e9 pour une puret\u00e9 maximale dans l'industrie pharmaceutique. Informez-vous !","breadcrumb":{"@id":"https:\/\/sinbran.de\/fr\/produits\/pharma\/#breadcrumb"},"inLanguage":"fr-FR","potentialAction":[{"@type":"ReadAction","target":["https:\/\/sinbran.de\/fr\/produits\/pharma\/"]}]},{"@type":"BreadcrumbList","@id":"https:\/\/sinbran.de\/fr\/produits\/pharma\/#breadcrumb","itemListElement":[{"@type":"ListItem","position":1,"name":"Startseite","item":"https:\/\/sinbran.de\/fr\/"},{"@type":"ListItem","position":2,"name":"Produits","item":"https:\/\/sinbran.de\/fr\/produits\/"},{"@type":"ListItem","position":3,"name":"Pharma"}]},{"@type":"WebSite","@id":"https:\/\/sinbran.de\/fr\/#website","url":"https:\/\/sinbran.de\/fr\/","name":"Sinbran entwickelt, produziert und vertreibt SINBRAN\u00ae Filterelemente","description":"Filterelemente von Sinbran","publisher":{"@id":"https:\/\/sinbran.de\/fr\/#organization"},"potentialAction":[{"@type":"SearchAction","target":{"@type":"EntryPoint","urlTemplate":"https:\/\/sinbran.de\/fr\/?s={search_term_string}"},"query-input":{"@type":"PropertyValueSpecification","valueRequired":true,"valueName":"search_term_string"}}],"inLanguage":"fr-FR"},{"@type":"Organization","@id":"https:\/\/sinbran.de\/fr\/#organization","name":"Sinbran GmbH","url":"https:\/\/sinbran.de\/fr\/","logo":{"@type":"ImageObject","inLanguage":"fr-FR","@id":"https:\/\/sinbran.de\/fr\/#\/schema\/logo\/image\/","url":"https:\/\/sinbran.de\/wp-content\/uploads\/2024\/04\/SINBRAN_Schatten_Logo-200.png","contentUrl":"https:\/\/sinbran.de\/wp-content\/uploads\/2024\/04\/SINBRAN_Schatten_Logo-200.png","width":200,"height":175,"caption":"Sinbran GmbH"},"image":{"@id":"https:\/\/sinbran.de\/fr\/#\/schema\/logo\/image\/"},"sameAs":["https:\/\/www.linkedin.com\/company\/sinbran-gmbh\/?viewAsMember=true"]}]}},"_links":{"self":[{"href":"https:\/\/sinbran.de\/fr\/wp-json\/wp\/v2\/pages\/1990","targetHints":{"allow":["GET"]}}],"collection":[{"href":"https:\/\/sinbran.de\/fr\/wp-json\/wp\/v2\/pages"}],"about":[{"href":"https:\/\/sinbran.de\/fr\/wp-json\/wp\/v2\/types\/page"}],"author":[{"embeddable":true,"href":"https:\/\/sinbran.de\/fr\/wp-json\/wp\/v2\/users\/4"}],"replies":[{"embeddable":true,"href":"https:\/\/sinbran.de\/fr\/wp-json\/wp\/v2\/comments?post=1990"}],"version-history":[{"count":10,"href":"https:\/\/sinbran.de\/fr\/wp-json\/wp\/v2\/pages\/1990\/revisions"}],"predecessor-version":[{"id":2275,"href":"https:\/\/sinbran.de\/fr\/wp-json\/wp\/v2\/pages\/1990\/revisions\/2275"}],"up":[{"embeddable":true,"href":"https:\/\/sinbran.de\/fr\/wp-json\/wp\/v2\/pages\/1833"}],"wp:attachment":[{"href":"https:\/\/sinbran.de\/fr\/wp-json\/wp\/v2\/media?parent=1990"}],"curies":[{"name":"wp","href":"https:\/\/api.w.org\/{rel}","templated":true}]}}