{"id":2000,"date":"2024-06-29T11:58:13","date_gmt":"2024-06-29T09:58:13","guid":{"rendered":"https:\/\/fm-medientechnik-test.de\/?page_id=2000"},"modified":"2024-10-08T08:40:24","modified_gmt":"2024-10-08T06:40:24","slug":"low-emission-module","status":"publish","type":"page","link":"https:\/\/sinbran.de\/fr\/produits\/low-emission-module\/","title":{"rendered":"Low emission module"},"content":{"rendered":"<div class=\"fusion-fullwidth fullwidth-box fusion-builder-row-1 fusion-parallax-none nonhundred-percent-fullwidth non-hundred-percent-height-scrolling lazyload\" style=\"--awb-border-radius-top-left:0px;--awb-border-radius-top-right:0px;--awb-border-radius-bottom-right:0px;--awb-border-radius-bottom-left:0px;--awb-margin-top:-4.5em;--awb-background-size:cover;--awb-flex-wrap:wrap;\" data-bg=\"https:\/\/sinbran.de\/wp-content\/uploads\/2024\/04\/sinbran-hgr-heller-scaled.jpg\" ><div class=\"fusion-builder-row fusion-row\"><div class=\"fusion-layout-column fusion_builder_column fusion-builder-column-0 fusion_builder_column_1_1 1_1 fusion-one-full fusion-column-first fusion-column-last\" style=\"--awb-bg-blend:overlay;--awb-bg-size:cover;--awb-margin-top:5em;\"><div class=\"fusion-column-wrapper fusion-flex-column-wrapper-legacy\"><div class=\"fusion-text fusion-text-1\"><h1>Module \u00e0 faibles \u00e9missions<\/h1>\n<p>Cet \u00e9l\u00e9ment filtrant innovant Low Emission Module \u00e9tablit de nouvelles normes dans la technologie de filtration et est sp\u00e9cialement con\u00e7u pour les applications qui exigent les plus hauts niveaux de contr\u00f4le des \u00e9missions et de s\u00e9curit\u00e9.<\/p>\n<\/div><div class=\"accordian fusion-accordian\" style=\"--awb-border-size:1px;--awb-icon-size:16px;--awb-content-font-size:16px;--awb-icon-alignment:left;--awb-hover-color:#f9f9f9;--awb-border-color:#cccccc;--awb-background-color:#ffffff;--awb-divider-color:var(--awb-color6);--awb-divider-hover-color:#e0dede;--awb-icon-color:#ffffff;--awb-title-color:var(--awb-color6);--awb-content-color:#000000;--awb-icon-box-color:#333333;--awb-toggle-hover-accent-color:var(--awb-color8);--awb-title-font-family:&quot;Open Sans&quot;;--awb-title-font-weight:400;--awb-title-font-style:normal;--awb-title-font-size:16px;--awb-title-text-transform:uppercase;--awb-content-font-family:&quot;Open Sans&quot;;--awb-content-font-style:normal;--awb-content-font-weight:400;\"><div class=\"panel-group fusion-toggle-icon-boxed\" id=\"accordion-2000-1\"><div class=\"fusion-panel panel-default panel-eeb17771299f2b93e fusion-toggle-has-divider\" style=\"--awb-title-color:#e20917;\"><div class=\"panel-heading\"><h4 class=\"panel-title toggle\" id=\"toggle_eeb17771299f2b93e\"><a aria-expanded=\"false\" aria-controls=\"eeb17771299f2b93e\" role=\"button\" data-toggle=\"collapse\" data-target=\"#eeb17771299f2b93e\" href=\"#eeb17771299f2b93e\"><span class=\"fusion-toggle-icon-wrapper\" aria-hidden=\"true\"><i class=\"fa-fusion-box active-icon awb-icon-minus\" aria-hidden=\"true\"><\/i><i class=\"fa-fusion-box inactive-icon awb-icon-plus\" aria-hidden=\"true\"><\/i><\/span><span class=\"fusion-toggle-heading\">NORMES DE FILTRATION LES PLUS \u00c9LEV\u00c9ES<\/span><\/a><\/h4><\/div><div id=\"eeb17771299f2b93e\" class=\"panel-collapse collapse \" aria-labelledby=\"toggle_eeb17771299f2b93e\"><div class=\"panel-body toggle-content fusion-clearfix\">Notre Low Emission Module a \u00e9t\u00e9 con\u00e7u pour r\u00e9pondre aux exigences de filtration les plus strictes. Il est particuli\u00e8rement recommand\u00e9 pour une utilisation dans la fabrication de batteries, l&#8217;industrie chimique et la filtration de substances dangereuses. Chaque \u00e9l\u00e9ment filtrant est produit individuellement et est soumis \u00e0 des contr\u00f4les m\u00e9caniques et manuels afin de garantir une qualit\u00e9 \u00e0 100%.<\/div><\/div><\/div><div class=\"fusion-panel panel-default panel-758d8d690279993d5 fusion-toggle-has-divider\" style=\"--awb-title-color:#e20917;\"><div class=\"panel-heading\"><h4 class=\"panel-title toggle\" id=\"toggle_758d8d690279993d5\"><a aria-expanded=\"false\" aria-controls=\"758d8d690279993d5\" role=\"button\" data-toggle=\"collapse\" data-target=\"#758d8d690279993d5\" href=\"#758d8d690279993d5\"><span class=\"fusion-toggle-icon-wrapper\" aria-hidden=\"true\"><i class=\"fa-fusion-box active-icon awb-icon-minus\" aria-hidden=\"true\"><\/i><i class=\"fa-fusion-box inactive-icon awb-icon-plus\" aria-hidden=\"true\"><\/i><\/span><span class=\"fusion-toggle-heading\">CONSTRUCTION RENFORC\u00c9E ET R\u00c9SISTANCE \u00c0 LA TEMP\u00c9RATURE<\/span><\/a><\/h4><\/div><div id=\"758d8d690279993d5\" class=\"panel-collapse collapse \" aria-labelledby=\"toggle_758d8d690279993d5\"><div class=\"panel-body toggle-content fusion-clearfix\">Le module \u00e0 faibles \u00e9missions est con\u00e7u pour r\u00e9sister aux charges les plus \u00e9lev\u00e9es. Il se caract\u00e9rise par une r\u00e9sistance thermique \u00e9lev\u00e9e et peut supporter des temp\u00e9ratures allant jusqu&#8217;\u00e0 90 \u00b0C. Cela le rend id\u00e9al pour les applications industrielles exigeantes.<\/div><\/div><\/div><div class=\"fusion-panel panel-default panel-b1b7f7af0be71d78c fusion-toggle-has-divider\" style=\"--awb-title-color:#e20917;\"><div class=\"panel-heading\"><h4 class=\"panel-title toggle\" id=\"toggle_b1b7f7af0be71d78c\"><a aria-expanded=\"false\" aria-controls=\"b1b7f7af0be71d78c\" role=\"button\" data-toggle=\"collapse\" data-target=\"#b1b7f7af0be71d78c\" href=\"#b1b7f7af0be71d78c\"><span class=\"fusion-toggle-icon-wrapper\" aria-hidden=\"true\"><i class=\"fa-fusion-box active-icon awb-icon-minus\" aria-hidden=\"true\"><\/i><i class=\"fa-fusion-box inactive-icon awb-icon-plus\" aria-hidden=\"true\"><\/i><\/span><span class=\"fusion-toggle-heading\">R\u00c9SISTANCE CHIMIQUE ET R\u00c9SISTANCE M\u00c9CANIQUE<\/span><\/a><\/h4><\/div><div id=\"b1b7f7af0be71d78c\" class=\"panel-collapse collapse \" aria-labelledby=\"toggle_b1b7f7af0be71d78c\"><div class=\"panel-body toggle-content fusion-clearfix\">Nos \u00e9l\u00e9ments filtrants offrent une excellente r\u00e9sistance chimique, ce qui leur permet de fonctionner de mani\u00e8re fiable m\u00eame dans des environnements agressifs.<br \/>\nDe plus, ils sont extr\u00eamement r\u00e9sistants sur le plan m\u00e9canique, ce qui garantit une filtration efficace et durable.<\/div><\/div><\/div><div class=\"fusion-panel panel-default panel-3b69ae7680f80def7 fusion-toggle-has-divider\" style=\"--awb-title-color:#e20917;\"><div class=\"panel-heading\"><h4 class=\"panel-title toggle\" id=\"toggle_3b69ae7680f80def7\"><a aria-expanded=\"false\" aria-controls=\"3b69ae7680f80def7\" role=\"button\" data-toggle=\"collapse\" data-target=\"#3b69ae7680f80def7\" href=\"#3b69ae7680f80def7\"><span class=\"fusion-toggle-icon-wrapper\" aria-hidden=\"true\"><i class=\"fa-fusion-box active-icon awb-icon-minus\" aria-hidden=\"true\"><\/i><i class=\"fa-fusion-box inactive-icon awb-icon-plus\" aria-hidden=\"true\"><\/i><\/span><span class=\"fusion-toggle-heading\">R\u00c9CUP\u00c9RATION DE 100 % DU PRODUIT<\/span><\/a><\/h4><\/div><div id=\"3b69ae7680f80def7\" class=\"panel-collapse collapse \" aria-labelledby=\"toggle_3b69ae7680f80def7\"><div class=\"panel-body toggle-content fusion-clearfix\">L&#8217;un des points forts de notre module \u00e0 faible \u00e9mission est sa capacit\u00e9 \u00e0 r\u00e9cup\u00e9rer 100 % du produit. Cela signifie qu&#8217;aucun produit de valeur n&#8217;est perdu et que l&#8217;efficacit\u00e9 de vos processus est maximis\u00e9e.<\/div><\/div><\/div><div class=\"fusion-panel panel-default panel-373880d595c579d8a fusion-toggle-has-divider\" style=\"--awb-title-color:#e20917;\"><div class=\"panel-heading\"><h4 class=\"panel-title toggle\" id=\"toggle_373880d595c579d8a\"><a aria-expanded=\"false\" aria-controls=\"373880d595c579d8a\" role=\"button\" data-toggle=\"collapse\" data-target=\"#373880d595c579d8a\" href=\"#373880d595c579d8a\"><span class=\"fusion-toggle-icon-wrapper\" aria-hidden=\"true\"><i class=\"fa-fusion-box active-icon awb-icon-minus\" aria-hidden=\"true\"><\/i><i class=\"fa-fusion-box inactive-icon awb-icon-plus\" aria-hidden=\"true\"><\/i><\/span><span class=\"fusion-toggle-heading\">VERSION ANTISTATIQUE EN OPTION<\/span><\/a><\/h4><\/div><div id=\"373880d595c579d8a\" class=\"panel-collapse collapse \" aria-labelledby=\"toggle_373880d595c579d8a\"><div class=\"panel-body toggle-content fusion-clearfix\">Pour les applications o\u00f9 les charges \u00e9lectrostatiques pourraient poser probl\u00e8me, nous proposons \u00e9galement nos modules dans une version antistatique. Cela assure une s\u00e9curit\u00e9 et une fiabilit\u00e9 suppl\u00e9mentaires.<\/div><\/div><\/div><div class=\"fusion-panel panel-default panel-8a49acde94f09fdfe fusion-toggle-has-divider\" style=\"--awb-title-color:#e20917;\"><div class=\"panel-heading\"><h4 class=\"panel-title toggle\" id=\"toggle_8a49acde94f09fdfe\"><a aria-expanded=\"false\" aria-controls=\"8a49acde94f09fdfe\" role=\"button\" data-toggle=\"collapse\" data-target=\"#8a49acde94f09fdfe\" href=\"#8a49acde94f09fdfe\"><span class=\"fusion-toggle-icon-wrapper\" aria-hidden=\"true\"><i class=\"fa-fusion-box active-icon awb-icon-minus\" aria-hidden=\"true\"><\/i><i class=\"fa-fusion-box inactive-icon awb-icon-plus\" aria-hidden=\"true\"><\/i><\/span><span class=\"fusion-toggle-heading\">EMBALLAGE ET TRANSPORT<\/span><\/a><\/h4><\/div><div id=\"8a49acde94f09fdfe\" class=\"panel-collapse collapse \" aria-labelledby=\"toggle_8a49acde94f09fdfe\"><div class=\"panel-body toggle-content fusion-clearfix\">\n<p>Pour garantir que nos \u00e9l\u00e9ments filtrants arrivent intacts chez vous, chaque \u00e9l\u00e9ment est emball\u00e9 individuellement dans une housse anti-poussi\u00e8re en plastique et un carton s\u00e9par\u00e9. Cet emballage minutieux prot\u00e8ge les modules des dommages li\u00e9s au transport et garantit une protection \u00e0 100%.<\/p>\n<p>D\u00e9couvrez l&#8217;avenir du contr\u00f4le des \u00e9missions avec notre module \u00e0 faibles \u00e9missions. Nous sommes \u00e0 votre disposition pour de plus amples informations et des conseils personnalis\u00e9s.<\/p>\n<p><strong>SINBRAN<sup>\u00ae<\/sup> \u2013 votre partenaire pour une technologie de filtration ultramoderne.<\/strong><\/p>\n<p><a href=\"https:\/\/sinbran.de\/wp-content\/uploads\/2024\/04\/0403_Newsletter_neues_Filterelement_en.jpg\" target=\"_blank\" rel=\"noopener\"><img decoding=\"async\" class=\"lazyload alignleft wp-image-980\" src=\"https:\/\/sinbran.de\/wp-content\/uploads\/2024\/04\/0403_Newsletter_neues_Filterelement_en.jpg\" data-orig-src=\"https:\/\/sinbran.de\/wp-content\/uploads\/2024\/04\/0403_Newsletter_neues_Filterelement_en.jpg\" alt=\"Newsletter_neues_Filterelement_en\" width=\"200\" height=\"283\" srcset=\"data:image\/svg+xml,%3Csvg%20xmlns%3D%27http%3A%2F%2Fwww.w3.org%2F2000%2Fsvg%27%20width%3D%27200%27%20height%3D%27283%27%20viewBox%3D%270%200%20200%20283%27%3E%3Crect%20width%3D%27200%27%20height%3D%27283%27%20fill-opacity%3D%220%22%2F%3E%3C%2Fsvg%3E\" data-srcset=\"https:\/\/sinbran.de\/wp-content\/uploads\/2024\/04\/0403_Newsletter_neues_Filterelement_en-200x283.jpg 200w, https:\/\/sinbran.de\/wp-content\/uploads\/2024\/04\/0403_Newsletter_neues_Filterelement_en-212x300.jpg 212w, https:\/\/sinbran.de\/wp-content\/uploads\/2024\/04\/0403_Newsletter_neues_Filterelement_en-400x565.jpg 400w, https:\/\/sinbran.de\/wp-content\/uploads\/2024\/04\/0403_Newsletter_neues_Filterelement_en-600x848.jpg 600w, https:\/\/sinbran.de\/wp-content\/uploads\/2024\/04\/0403_Newsletter_neues_Filterelement_en-725x1024.jpg 725w, https:\/\/sinbran.de\/wp-content\/uploads\/2024\/04\/0403_Newsletter_neues_Filterelement_en-768x1085.jpg 768w, https:\/\/sinbran.de\/wp-content\/uploads\/2024\/04\/0403_Newsletter_neues_Filterelement_en-800x1130.jpg 800w, https:\/\/sinbran.de\/wp-content\/uploads\/2024\/04\/0403_Newsletter_neues_Filterelement_en.jpg 850w\" data-sizes=\"auto\" data-orig-sizes=\"(max-width: 200px) 100vw, 200px\" \/><\/a><\/p>\n<p>&nbsp;<\/p>\n<p>&nbsp;<\/p>\n<\/div><\/div><\/div><\/div><\/div><div class=\"fusion-clearfix\"><\/div><\/div><\/div><\/div><\/div>\n","protected":false},"excerpt":{"rendered":"","protected":false},"author":4,"featured_media":0,"parent":1833,"menu_order":0,"comment_status":"closed","ping_status":"closed","template":"100-width.php","meta":{"footnotes":""},"class_list":["post-2000","page","type-page","status-publish","hentry"],"yoast_head":"<!-- This site is optimized with the Yoast SEO plugin v26.9 - https:\/\/yoast.com\/product\/yoast-seo-wordpress\/ -->\n<title>Modules SINBRAN\u00ae \u00e0 faibles \u00e9missions<\/title>\n<meta name=\"description\" content=\"Modules \u00e0 faibles \u00e9missions SINBRAN\u00ae efficaces pour une filtration \u00e9cologique. D\u00e9couvrez nos solutions !\" \/>\n<meta name=\"robots\" content=\"index, follow, max-snippet:-1, max-image-preview:large, max-video-preview:-1\" \/>\n<link rel=\"canonical\" href=\"https:\/\/sinbran.de\/fr\/produits\/low-emission-module\/\" \/>\n<meta property=\"og:locale\" content=\"fr_FR\" \/>\n<meta property=\"og:type\" content=\"article\" \/>\n<meta property=\"og:title\" content=\"Modules SINBRAN\u00ae \u00e0 faibles \u00e9missions\" \/>\n<meta property=\"og:description\" content=\"Modules \u00e0 faibles \u00e9missions SINBRAN\u00ae efficaces pour une filtration \u00e9cologique. D\u00e9couvrez nos solutions !\" \/>\n<meta property=\"og:url\" content=\"https:\/\/sinbran.de\/fr\/produits\/low-emission-module\/\" \/>\n<meta property=\"og:site_name\" content=\"Sinbran\" \/>\n<meta property=\"article:modified_time\" content=\"2024-10-08T06:40:24+00:00\" \/>\n<meta property=\"og:image\" content=\"https:\/\/sinbran.de\/wp-content\/uploads\/2024\/04\/0403_Newsletter_neues_Filterelement_en.jpg\" \/>\n<meta name=\"twitter:card\" content=\"summary_large_image\" \/>\n<meta name=\"twitter:label1\" content=\"Est. reading time\" \/>\n\t<meta name=\"twitter:data1\" content=\"3 minutes\" \/>\n<script type=\"application\/ld+json\" class=\"yoast-schema-graph\">{\"@context\":\"https:\/\/schema.org\",\"@graph\":[{\"@type\":\"WebPage\",\"@id\":\"https:\/\/sinbran.de\/fr\/produits\/low-emission-module\/\",\"url\":\"https:\/\/sinbran.de\/fr\/produits\/low-emission-module\/\",\"name\":\"Modules SINBRAN\u00ae \u00e0 faibles \u00e9missions\",\"isPartOf\":{\"@id\":\"https:\/\/sinbran.de\/fr\/#website\"},\"primaryImageOfPage\":{\"@id\":\"https:\/\/sinbran.de\/fr\/produits\/low-emission-module\/#primaryimage\"},\"image\":{\"@id\":\"https:\/\/sinbran.de\/fr\/produits\/low-emission-module\/#primaryimage\"},\"thumbnailUrl\":\"https:\/\/sinbran.de\/wp-content\/uploads\/2024\/04\/0403_Newsletter_neues_Filterelement_en.jpg\",\"datePublished\":\"2024-06-29T09:58:13+00:00\",\"dateModified\":\"2024-10-08T06:40:24+00:00\",\"description\":\"Modules \u00e0 faibles \u00e9missions SINBRAN\u00ae efficaces pour une filtration \u00e9cologique. D\u00e9couvrez nos solutions !\",\"breadcrumb\":{\"@id\":\"https:\/\/sinbran.de\/fr\/produits\/low-emission-module\/#breadcrumb\"},\"inLanguage\":\"fr-FR\",\"potentialAction\":[{\"@type\":\"ReadAction\",\"target\":[\"https:\/\/sinbran.de\/fr\/produits\/low-emission-module\/\"]}]},{\"@type\":\"ImageObject\",\"inLanguage\":\"fr-FR\",\"@id\":\"https:\/\/sinbran.de\/fr\/produits\/low-emission-module\/#primaryimage\",\"url\":\"https:\/\/sinbran.de\/wp-content\/uploads\/2024\/04\/0403_Newsletter_neues_Filterelement_en.jpg\",\"contentUrl\":\"https:\/\/sinbran.de\/wp-content\/uploads\/2024\/04\/0403_Newsletter_neues_Filterelement_en.jpg\"},{\"@type\":\"BreadcrumbList\",\"@id\":\"https:\/\/sinbran.de\/fr\/produits\/low-emission-module\/#breadcrumb\",\"itemListElement\":[{\"@type\":\"ListItem\",\"position\":1,\"name\":\"Startseite\",\"item\":\"https:\/\/sinbran.de\/fr\/\"},{\"@type\":\"ListItem\",\"position\":2,\"name\":\"Produits\",\"item\":\"https:\/\/sinbran.de\/fr\/produits\/\"},{\"@type\":\"ListItem\",\"position\":3,\"name\":\"Low emission module\"}]},{\"@type\":\"WebSite\",\"@id\":\"https:\/\/sinbran.de\/fr\/#website\",\"url\":\"https:\/\/sinbran.de\/fr\/\",\"name\":\"Sinbran entwickelt, produziert und vertreibt SINBRAN\u00ae Filterelemente\",\"description\":\"Filterelemente von Sinbran\",\"publisher\":{\"@id\":\"https:\/\/sinbran.de\/fr\/#organization\"},\"potentialAction\":[{\"@type\":\"SearchAction\",\"target\":{\"@type\":\"EntryPoint\",\"urlTemplate\":\"https:\/\/sinbran.de\/fr\/?s={search_term_string}\"},\"query-input\":{\"@type\":\"PropertyValueSpecification\",\"valueRequired\":true,\"valueName\":\"search_term_string\"}}],\"inLanguage\":\"fr-FR\"},{\"@type\":\"Organization\",\"@id\":\"https:\/\/sinbran.de\/fr\/#organization\",\"name\":\"Sinbran GmbH\",\"url\":\"https:\/\/sinbran.de\/fr\/\",\"logo\":{\"@type\":\"ImageObject\",\"inLanguage\":\"fr-FR\",\"@id\":\"https:\/\/sinbran.de\/fr\/#\/schema\/logo\/image\/\",\"url\":\"https:\/\/sinbran.de\/wp-content\/uploads\/2024\/04\/SINBRAN_Schatten_Logo-200.png\",\"contentUrl\":\"https:\/\/sinbran.de\/wp-content\/uploads\/2024\/04\/SINBRAN_Schatten_Logo-200.png\",\"width\":200,\"height\":175,\"caption\":\"Sinbran GmbH\"},\"image\":{\"@id\":\"https:\/\/sinbran.de\/fr\/#\/schema\/logo\/image\/\"},\"sameAs\":[\"https:\/\/www.linkedin.com\/company\/sinbran-gmbh\/?viewAsMember=true\"]}]}<\/script>\n<!-- \/ Yoast SEO plugin. -->","yoast_head_json":{"title":"Modules SINBRAN\u00ae \u00e0 faibles \u00e9missions","description":"Modules \u00e0 faibles \u00e9missions SINBRAN\u00ae efficaces pour une filtration \u00e9cologique. D\u00e9couvrez nos solutions !","robots":{"index":"index","follow":"follow","max-snippet":"max-snippet:-1","max-image-preview":"max-image-preview:large","max-video-preview":"max-video-preview:-1"},"canonical":"https:\/\/sinbran.de\/fr\/produits\/low-emission-module\/","og_locale":"fr_FR","og_type":"article","og_title":"Modules SINBRAN\u00ae \u00e0 faibles \u00e9missions","og_description":"Modules \u00e0 faibles \u00e9missions SINBRAN\u00ae efficaces pour une filtration \u00e9cologique. D\u00e9couvrez nos solutions !","og_url":"https:\/\/sinbran.de\/fr\/produits\/low-emission-module\/","og_site_name":"Sinbran","article_modified_time":"2024-10-08T06:40:24+00:00","og_image":[{"url":"https:\/\/sinbran.de\/wp-content\/uploads\/2024\/04\/0403_Newsletter_neues_Filterelement_en.jpg","type":"","width":"","height":""}],"twitter_card":"summary_large_image","twitter_misc":{"Est. reading time":"3 minutes"},"schema":{"@context":"https:\/\/schema.org","@graph":[{"@type":"WebPage","@id":"https:\/\/sinbran.de\/fr\/produits\/low-emission-module\/","url":"https:\/\/sinbran.de\/fr\/produits\/low-emission-module\/","name":"Modules SINBRAN\u00ae \u00e0 faibles \u00e9missions","isPartOf":{"@id":"https:\/\/sinbran.de\/fr\/#website"},"primaryImageOfPage":{"@id":"https:\/\/sinbran.de\/fr\/produits\/low-emission-module\/#primaryimage"},"image":{"@id":"https:\/\/sinbran.de\/fr\/produits\/low-emission-module\/#primaryimage"},"thumbnailUrl":"https:\/\/sinbran.de\/wp-content\/uploads\/2024\/04\/0403_Newsletter_neues_Filterelement_en.jpg","datePublished":"2024-06-29T09:58:13+00:00","dateModified":"2024-10-08T06:40:24+00:00","description":"Modules \u00e0 faibles \u00e9missions SINBRAN\u00ae efficaces pour une filtration \u00e9cologique. D\u00e9couvrez nos solutions !","breadcrumb":{"@id":"https:\/\/sinbran.de\/fr\/produits\/low-emission-module\/#breadcrumb"},"inLanguage":"fr-FR","potentialAction":[{"@type":"ReadAction","target":["https:\/\/sinbran.de\/fr\/produits\/low-emission-module\/"]}]},{"@type":"ImageObject","inLanguage":"fr-FR","@id":"https:\/\/sinbran.de\/fr\/produits\/low-emission-module\/#primaryimage","url":"https:\/\/sinbran.de\/wp-content\/uploads\/2024\/04\/0403_Newsletter_neues_Filterelement_en.jpg","contentUrl":"https:\/\/sinbran.de\/wp-content\/uploads\/2024\/04\/0403_Newsletter_neues_Filterelement_en.jpg"},{"@type":"BreadcrumbList","@id":"https:\/\/sinbran.de\/fr\/produits\/low-emission-module\/#breadcrumb","itemListElement":[{"@type":"ListItem","position":1,"name":"Startseite","item":"https:\/\/sinbran.de\/fr\/"},{"@type":"ListItem","position":2,"name":"Produits","item":"https:\/\/sinbran.de\/fr\/produits\/"},{"@type":"ListItem","position":3,"name":"Low emission module"}]},{"@type":"WebSite","@id":"https:\/\/sinbran.de\/fr\/#website","url":"https:\/\/sinbran.de\/fr\/","name":"Sinbran entwickelt, produziert und vertreibt SINBRAN\u00ae Filterelemente","description":"Filterelemente von Sinbran","publisher":{"@id":"https:\/\/sinbran.de\/fr\/#organization"},"potentialAction":[{"@type":"SearchAction","target":{"@type":"EntryPoint","urlTemplate":"https:\/\/sinbran.de\/fr\/?s={search_term_string}"},"query-input":{"@type":"PropertyValueSpecification","valueRequired":true,"valueName":"search_term_string"}}],"inLanguage":"fr-FR"},{"@type":"Organization","@id":"https:\/\/sinbran.de\/fr\/#organization","name":"Sinbran GmbH","url":"https:\/\/sinbran.de\/fr\/","logo":{"@type":"ImageObject","inLanguage":"fr-FR","@id":"https:\/\/sinbran.de\/fr\/#\/schema\/logo\/image\/","url":"https:\/\/sinbran.de\/wp-content\/uploads\/2024\/04\/SINBRAN_Schatten_Logo-200.png","contentUrl":"https:\/\/sinbran.de\/wp-content\/uploads\/2024\/04\/SINBRAN_Schatten_Logo-200.png","width":200,"height":175,"caption":"Sinbran GmbH"},"image":{"@id":"https:\/\/sinbran.de\/fr\/#\/schema\/logo\/image\/"},"sameAs":["https:\/\/www.linkedin.com\/company\/sinbran-gmbh\/?viewAsMember=true"]}]}},"_links":{"self":[{"href":"https:\/\/sinbran.de\/fr\/wp-json\/wp\/v2\/pages\/2000","targetHints":{"allow":["GET"]}}],"collection":[{"href":"https:\/\/sinbran.de\/fr\/wp-json\/wp\/v2\/pages"}],"about":[{"href":"https:\/\/sinbran.de\/fr\/wp-json\/wp\/v2\/types\/page"}],"author":[{"embeddable":true,"href":"https:\/\/sinbran.de\/fr\/wp-json\/wp\/v2\/users\/4"}],"replies":[{"embeddable":true,"href":"https:\/\/sinbran.de\/fr\/wp-json\/wp\/v2\/comments?post=2000"}],"version-history":[{"count":12,"href":"https:\/\/sinbran.de\/fr\/wp-json\/wp\/v2\/pages\/2000\/revisions"}],"predecessor-version":[{"id":2278,"href":"https:\/\/sinbran.de\/fr\/wp-json\/wp\/v2\/pages\/2000\/revisions\/2278"}],"up":[{"embeddable":true,"href":"https:\/\/sinbran.de\/fr\/wp-json\/wp\/v2\/pages\/1833"}],"wp:attachment":[{"href":"https:\/\/sinbran.de\/fr\/wp-json\/wp\/v2\/media?parent=2000"}],"curies":[{"name":"wp","href":"https:\/\/api.w.org\/{rel}","templated":true}]}}