{"id":2014,"date":"2024-06-29T12:53:37","date_gmt":"2024-06-29T10:53:37","guid":{"rendered":"https:\/\/fm-medientechnik-test.de\/?page_id=2014"},"modified":"2024-10-08T08:42:02","modified_gmt":"2024-10-08T06:42:02","slug":"nettoyage","status":"publish","type":"page","link":"https:\/\/sinbran.de\/fr\/produits\/nettoyage\/","title":{"rendered":"Nettoyage"},"content":{"rendered":"<div class=\"fusion-fullwidth fullwidth-box fusion-builder-row-1 fusion-parallax-none nonhundred-percent-fullwidth non-hundred-percent-height-scrolling lazyload\" style=\"--awb-border-radius-top-left:0px;--awb-border-radius-top-right:0px;--awb-border-radius-bottom-right:0px;--awb-border-radius-bottom-left:0px;--awb-margin-top:-4.5em;--awb-background-size:cover;--awb-flex-wrap:wrap;\" data-bg=\"https:\/\/sinbran.de\/wp-content\/uploads\/2024\/04\/sinbran-hgr-heller-scaled.jpg\" ><div class=\"fusion-builder-row fusion-row\"><div class=\"fusion-layout-column fusion_builder_column fusion-builder-column-0 fusion_builder_column_1_1 1_1 fusion-one-full fusion-column-first fusion-column-last\" style=\"--awb-bg-blend:overlay;--awb-bg-size:cover;--awb-margin-top:5em;\"><div class=\"fusion-column-wrapper fusion-flex-column-wrapper-legacy\"><div class=\"fusion-text fusion-text-1\"><h1>Nettoyage simple et en douceur des \u00e9l\u00e9ments filtrants SINBRAN<sup>\u00ae <\/sup><\/h1>\n<p><strong>Un grand avantage des \u00e9l\u00e9ments filtrants SINBRAN<sup>\u00ae<\/sup> est leur tr\u00e8s bonne nettoyabilit\u00e9.<\/strong><\/p>\n<p>Gr\u00e2ce \u00e0 la structure sp\u00e9ciale des \u00e9l\u00e9ments filtrants SINBRAN<sup>\u00ae<\/sup>, la membrane ePTFE lamin\u00e9e sur le corps fritt\u00e9 emp\u00eache de mani\u00e8re fiable la p\u00e9n\u00e9tration du produit pulv\u00e9rulent dans la profondeur de l&#8217;\u00e9l\u00e9ment. La poussi\u00e8re \u00e0 s\u00e9parer reste sur la surface de la membrane, o\u00f9 elle est \u00e9limin\u00e9e par une impulsion d&#8217;air comprim\u00e9 depuis l&#8217;arri\u00e8re. Le proc\u00e9d\u00e9 sp\u00e9cial de lamination permet d&#8217;obtenir une surface tr\u00e8s lisse et homog\u00e8ne qui permet d&#8217;\u00e9jecter presque enti\u00e8rement le g\u00e2teau de poussi\u00e8re.<\/p>\n<p>La surface du filtre est exempte de plis, de coins, de creux ou d&#8217;angles morts dans lesquels la poussi\u00e8re peut se d\u00e9poser et qui ne peuvent pas \u00eatre \u00e9limin\u00e9s ou seulement de mani\u00e8re incompl\u00e8te par le processus de nettoyage.<\/p>\n<p>Lors d&#8217;un changement de produit ou en cas de colmatage ou de formation de cro\u00fbtes sur la surface, il est possible de proc\u00e9der \u00e0 un nettoyage humide suppl\u00e9mentaire en douceur afin de r\u00e9tablir la capacit\u00e9 de filtration initiale.<\/p>\n<p>Le nettoyage humide est possible aussi bien en cours de fonctionnement (NEP) qu&#8217;\u00e0 l&#8217;\u00e9tat d\u00e9mont\u00e9.<\/p>\n<\/div><div class=\"accordian fusion-accordian\" style=\"--awb-border-size:1px;--awb-icon-size:16px;--awb-content-font-size:16px;--awb-icon-alignment:left;--awb-hover-color:#f9f9f9;--awb-border-color:#cccccc;--awb-background-color:#ffffff;--awb-divider-color:var(--awb-color6);--awb-divider-hover-color:#e0dede;--awb-icon-color:#ffffff;--awb-title-color:var(--awb-color6);--awb-content-color:#000000;--awb-icon-box-color:#333333;--awb-toggle-hover-accent-color:var(--awb-color8);--awb-title-font-family:&quot;Open Sans&quot;;--awb-title-font-weight:400;--awb-title-font-style:normal;--awb-title-font-size:16px;--awb-title-text-transform:uppercase;--awb-content-font-family:&quot;Open Sans&quot;;--awb-content-font-style:normal;--awb-content-font-weight:400;\"><div class=\"panel-group fusion-toggle-icon-boxed\" id=\"accordion-2014-1\"><div class=\"fusion-panel panel-default panel-edb25b111372599a1 fusion-toggle-has-divider\"><div class=\"panel-heading\"><h4 class=\"panel-title toggle\" id=\"toggle_edb25b111372599a1\"><a aria-expanded=\"false\" aria-controls=\"edb25b111372599a1\" role=\"button\" data-toggle=\"collapse\" data-target=\"#edb25b111372599a1\" href=\"#edb25b111372599a1\"><span class=\"fusion-toggle-icon-wrapper\" aria-hidden=\"true\"><i class=\"fa-fusion-box active-icon awb-icon-minus\" aria-hidden=\"true\"><\/i><i class=\"fa-fusion-box inactive-icon awb-icon-plus\" aria-hidden=\"true\"><\/i><\/span><span class=\"fusion-toggle-heading\">NETTOYAGE HUMIDE DANS LE FILTRE<\/span><\/a><\/h4><\/div><div id=\"edb25b111372599a1\" class=\"panel-collapse collapse \" aria-labelledby=\"toggle_edb25b111372599a1\"><div class=\"panel-body toggle-content fusion-clearfix\">\n<p><strong>Syst\u00e8me CIP (Cleaning In Place):<\/strong><br \/>\nLe nettoyage de l&#8217;\u00e9l\u00e9ment filtrant est effectu\u00e9 par un syst\u00e8me CIP int\u00e9gr\u00e9 dans l&#8217;installation de filtration. Il faut ici veiller \u00e0 une pulv\u00e9risation r\u00e9guli\u00e8re et pas trop dure de l&#8217;\u00e9l\u00e9ment. Le processus de s\u00e9chage peut \u00eatre acc\u00e9l\u00e9r\u00e9 en faisant passer de l&#8217;air propre et chaud \u00e0 travers les \u00e9l\u00e9ments apr\u00e8s le lavage, avec une puissance de soufflerie r\u00e9duite (&lt; 50 %).<\/p>\n<p><strong>Important: pas de pulsation pendant le processus de s\u00e9chage ! Ne pas faire passer de liquide dans les \u00e9l\u00e9ments du c\u00f4t\u00e9 du gaz pur.<\/strong><\/p>\n<p>Apr\u00e8s environ une heure, l&#8217;\u00e9l\u00e9ment est \u00e0 nouveau sec. Il dispose d&#8217;une perm\u00e9abilit\u00e9 suffisante et peut \u00e0 nouveau \u00eatre expos\u00e9 \u00e0 la poussi\u00e8re.<\/p>\n<\/div><\/div><\/div><div class=\"fusion-panel panel-default panel-3056bf584d26eaf16 fusion-toggle-has-divider\"><div class=\"panel-heading\"><h4 class=\"panel-title toggle\" id=\"toggle_3056bf584d26eaf16\"><a aria-expanded=\"false\" aria-controls=\"3056bf584d26eaf16\" role=\"button\" data-toggle=\"collapse\" data-target=\"#3056bf584d26eaf16\" href=\"#3056bf584d26eaf16\"><span class=\"fusion-toggle-icon-wrapper\" aria-hidden=\"true\"><i class=\"fa-fusion-box active-icon awb-icon-minus\" aria-hidden=\"true\"><\/i><i class=\"fa-fusion-box inactive-icon awb-icon-plus\" aria-hidden=\"true\"><\/i><\/span><span class=\"fusion-toggle-heading\">NETTOYAGE PAR VOIE HUMIDE EN DEHORS DE L'INSTALLATION<\/span><\/a><\/h4><\/div><div id=\"3056bf584d26eaf16\" class=\"panel-collapse collapse \" aria-labelledby=\"toggle_3056bf584d26eaf16\"><div class=\"panel-body toggle-content fusion-clearfix\">\n<p>Les \u00e9l\u00e9ments SINBRAN<sup>\u00ae<\/sup> ne doivent \u00eatre nettoy\u00e9s que du c\u00f4t\u00e9 de la membrane. Un passage de liquide de lavage du c\u00f4t\u00e9 du gaz pur entra\u00eene la destruction de la membrane.<\/p>\n<p><strong>Jet de vapeur\/nettoyeur haute pression:<\/strong> le nettoyage est simple et efficace. Il faut veiller \u00e0 ce que le jet d&#8217;air\/d&#8217;eau soit le plus inclin\u00e9 possible sur la surface (15 &#8211; 20\u00b0) et que la buse soit suffisamment \u00e9loign\u00e9e de la surface du filtre (&gt; 40 cm).<\/p>\n<p><strong>Important:<\/strong> la buse doit \u00eatre suffisamment \u00e9loign\u00e9e de la surface de la membrane pour qu&#8217;aucun jet dur ou tranchant n&#8217;atteigne la surface du filtre.<\/p>\n<p><strong>Tuyau d&#8217;eau:<\/strong> la poussi\u00e8re peut \u00eatre \u00e9limin\u00e9e par un l\u00e9ger jet d&#8217;eau en forme de vague.<\/p>\n<\/div><\/div><\/div><div class=\"fusion-panel panel-default panel-dbd8ab4483a1cf26b fusion-toggle-has-divider\"><div class=\"panel-heading\"><h4 class=\"panel-title toggle\" id=\"toggle_dbd8ab4483a1cf26b\"><a aria-expanded=\"false\" aria-controls=\"dbd8ab4483a1cf26b\" role=\"button\" data-toggle=\"collapse\" data-target=\"#dbd8ab4483a1cf26b\" href=\"#dbd8ab4483a1cf26b\"><span class=\"fusion-toggle-icon-wrapper\" aria-hidden=\"true\"><i class=\"fa-fusion-box active-icon awb-icon-minus\" aria-hidden=\"true\"><\/i><i class=\"fa-fusion-box inactive-icon awb-icon-plus\" aria-hidden=\"true\"><\/i><\/span><span class=\"fusion-toggle-heading\">NETTOYAGE \u00c0 SEC \u00c0 L'\u00c9TAT D\u00c9MONT\u00c9<\/span><\/a><\/h4><\/div><div id=\"dbd8ab4483a1cf26b\" class=\"panel-collapse collapse \" aria-labelledby=\"toggle_dbd8ab4483a1cf26b\"><div class=\"panel-body toggle-content fusion-clearfix\">Pour les poudres hygroscopiques, la surface du filtre peut \u00eatre nettoy\u00e9e \u00e0 l&#8217;\u00e9tat sec en la balayant d\u00e9licatement avec une balayette ou une brosse douce. Les d\u00e9p\u00f4ts de poussi\u00e8re isol\u00e9s doivent rester sur la surface, car la surface du filtre n&#8217;est pas sensiblement r\u00e9duite et leur \u00e9limination peut entra\u00eener l&#8217;endommagement de la membrane.<\/div><\/div><\/div><div class=\"fusion-panel panel-default panel-ff99032edc59b80c3 fusion-toggle-has-divider\"><div class=\"panel-heading\"><h4 class=\"panel-title toggle\" id=\"toggle_ff99032edc59b80c3\"><a aria-expanded=\"false\" aria-controls=\"ff99032edc59b80c3\" role=\"button\" data-toggle=\"collapse\" data-target=\"#ff99032edc59b80c3\" href=\"#ff99032edc59b80c3\"><span class=\"fusion-toggle-icon-wrapper\" aria-hidden=\"true\"><i class=\"fa-fusion-box active-icon awb-icon-minus\" aria-hidden=\"true\"><\/i><i class=\"fa-fusion-box inactive-icon awb-icon-plus\" aria-hidden=\"true\"><\/i><\/span><span class=\"fusion-toggle-heading\">REMARQUES IMPORTANTES<\/span><\/a><\/h4><\/div><div id=\"ff99032edc59b80c3\" class=\"panel-collapse collapse \" aria-labelledby=\"toggle_ff99032edc59b80c3\"><div class=\"panel-body toggle-content fusion-clearfix\">La temp\u00e9rature du liquide de nettoyage ne doit pas d\u00e9passer 50 \u00b0C. Des poudres, des incrustations ou des adh\u00e9rences isol\u00e9es doivent rester sur la surface, car un nettoyage m\u00e9canique ponctuel peut par exemple endommager la membrane.<\/p>\n<p>Le passage d&#8217;un liquide de lavage \u00e0 travers les \u00e9l\u00e9ments dans le sens inverse de la filtration entra\u00eene une destruction de la membrane.<\/p>\n<p>Tant pour le nettoyage humide que pour le nettoyage \u00e0 sec, il faut veiller \u00e0 ce que le joint de l&#8217;\u00e9l\u00e9ment ne soit pas encrass\u00e9 ou d\u00e9form\u00e9 durablement par l&#8217;utilisation pr\u00e9c\u00e9dente. Il est recommand\u00e9 d&#8217;utiliser des joints neufs !<\/p>\n<p>Pour les modules avec montage c\u00f4t\u00e9 gaz brut, il faut veiller \u00e0 r\u00e9installer les douilles d&#8217;\u00e9cartement.<\/div><\/div><\/div><div class=\"fusion-panel panel-default panel-e9dce069d0e730750 fusion-toggle-has-divider\"><div class=\"panel-heading\"><h4 class=\"panel-title toggle\" id=\"toggle_e9dce069d0e730750\"><a aria-expanded=\"false\" aria-controls=\"e9dce069d0e730750\" role=\"button\" data-toggle=\"collapse\" data-target=\"#e9dce069d0e730750\" href=\"#e9dce069d0e730750\"><span class=\"fusion-toggle-icon-wrapper\" aria-hidden=\"true\"><i class=\"fa-fusion-box active-icon awb-icon-minus\" aria-hidden=\"true\"><\/i><i class=\"fa-fusion-box inactive-icon awb-icon-plus\" aria-hidden=\"true\"><\/i><\/span><span class=\"fusion-toggle-heading\">AVANTAGES EN UN COUP D'\u0152IL<\/span><\/a><\/h4><\/div><div id=\"e9dce069d0e730750\" class=\"panel-collapse collapse \" aria-labelledby=\"toggle_e9dce069d0e730750\"><div class=\"panel-body toggle-content fusion-clearfix\"><strong>1. Un nettoyage rapide:<\/strong><br \/>\nLa surface ePTFE particuli\u00e8rement lisse emp\u00eache les d\u00e9p\u00f4ts importants de salet\u00e9 ou de produit.<\/p>\n<p><strong>2. Il suffit de rincer:<\/strong><br \/>\nLa membrane ePTFE est hydrophobe et favorise id\u00e9alement le nettoyage humide.<\/p>\n<p><strong>3. Sans eau \u00e9galement:<\/strong><br \/>\nLes produits hygroscopiques peuvent \u00e9galement \u00eatre \u00e9limin\u00e9s \u00e0 l&#8217;\u00e9tat sec.<\/p>\n<p><strong>4. R\u00e9g\u00e9n\u00e9ration compl\u00e8te:<\/strong><br \/>\nApr\u00e8s le nettoyage, les \u00e9l\u00e9ments filtrants retrouvent presque la valeur \u00e0 neuf de leur capacit\u00e9 de filtration et de leur pression diff\u00e9rentielle.<\/p>\n<p><strong>5. Surface claire et simple:<\/strong><br \/>\nLa surface du filtre est exempte de plis, de coins, de raidissements ou d&#8217;angles morts dans lesquels la poussi\u00e8re peut se d\u00e9poser.<\/p>\n<\/div><\/div><\/div><\/div><\/div><div class=\"fusion-clearfix\"><\/div><\/div><\/div><\/div><\/div>\n","protected":false},"excerpt":{"rendered":"","protected":false},"author":4,"featured_media":0,"parent":1833,"menu_order":0,"comment_status":"closed","ping_status":"closed","template":"100-width.php","meta":{"footnotes":""},"class_list":["post-2014","page","type-page","status-publish","hentry"],"yoast_head":"<!-- This site is optimized with the Yoast SEO plugin v26.9 - https:\/\/yoast.com\/product\/yoast-seo-wordpress\/ -->\n<title>Solutions de nettoyage SINBRAN\u00ae pour filtres<\/title>\n<meta name=\"description\" content=\"Solutions de nettoyage efficaces pour les \u00e9l\u00e9ments filtrants SINBRAN\u00ae. D\u00e9couvrez nos surfaces filtrantes tr\u00e8s sp\u00e9ciales !\" \/>\n<meta name=\"robots\" content=\"index, follow, max-snippet:-1, max-image-preview:large, max-video-preview:-1\" \/>\n<link rel=\"canonical\" href=\"https:\/\/sinbran.de\/fr\/produits\/nettoyage\/\" \/>\n<meta property=\"og:locale\" content=\"fr_FR\" \/>\n<meta property=\"og:type\" content=\"article\" \/>\n<meta property=\"og:title\" content=\"Solutions de nettoyage SINBRAN\u00ae pour filtres\" \/>\n<meta property=\"og:description\" content=\"Solutions de nettoyage efficaces pour les \u00e9l\u00e9ments filtrants SINBRAN\u00ae. D\u00e9couvrez nos surfaces filtrantes tr\u00e8s sp\u00e9ciales !\" \/>\n<meta property=\"og:url\" content=\"https:\/\/sinbran.de\/fr\/produits\/nettoyage\/\" \/>\n<meta property=\"og:site_name\" content=\"Sinbran\" \/>\n<meta property=\"article:modified_time\" content=\"2024-10-08T06:42:02+00:00\" \/>\n<meta name=\"twitter:card\" content=\"summary_large_image\" \/>\n<meta name=\"twitter:label1\" content=\"Est. reading time\" \/>\n\t<meta name=\"twitter:data1\" content=\"4 minutes\" \/>\n<script type=\"application\/ld+json\" class=\"yoast-schema-graph\">{\"@context\":\"https:\/\/schema.org\",\"@graph\":[{\"@type\":\"WebPage\",\"@id\":\"https:\/\/sinbran.de\/fr\/produits\/nettoyage\/\",\"url\":\"https:\/\/sinbran.de\/fr\/produits\/nettoyage\/\",\"name\":\"Solutions de nettoyage SINBRAN\u00ae pour filtres\",\"isPartOf\":{\"@id\":\"https:\/\/sinbran.de\/fr\/#website\"},\"datePublished\":\"2024-06-29T10:53:37+00:00\",\"dateModified\":\"2024-10-08T06:42:02+00:00\",\"description\":\"Solutions de nettoyage efficaces pour les \u00e9l\u00e9ments filtrants SINBRAN\u00ae. D\u00e9couvrez nos surfaces filtrantes tr\u00e8s sp\u00e9ciales !\",\"breadcrumb\":{\"@id\":\"https:\/\/sinbran.de\/fr\/produits\/nettoyage\/#breadcrumb\"},\"inLanguage\":\"fr-FR\",\"potentialAction\":[{\"@type\":\"ReadAction\",\"target\":[\"https:\/\/sinbran.de\/fr\/produits\/nettoyage\/\"]}]},{\"@type\":\"BreadcrumbList\",\"@id\":\"https:\/\/sinbran.de\/fr\/produits\/nettoyage\/#breadcrumb\",\"itemListElement\":[{\"@type\":\"ListItem\",\"position\":1,\"name\":\"Startseite\",\"item\":\"https:\/\/sinbran.de\/fr\/\"},{\"@type\":\"ListItem\",\"position\":2,\"name\":\"Produits\",\"item\":\"https:\/\/sinbran.de\/fr\/produits\/\"},{\"@type\":\"ListItem\",\"position\":3,\"name\":\"Nettoyage\"}]},{\"@type\":\"WebSite\",\"@id\":\"https:\/\/sinbran.de\/fr\/#website\",\"url\":\"https:\/\/sinbran.de\/fr\/\",\"name\":\"Sinbran entwickelt, produziert und vertreibt SINBRAN\u00ae Filterelemente\",\"description\":\"Filterelemente von Sinbran\",\"publisher\":{\"@id\":\"https:\/\/sinbran.de\/fr\/#organization\"},\"potentialAction\":[{\"@type\":\"SearchAction\",\"target\":{\"@type\":\"EntryPoint\",\"urlTemplate\":\"https:\/\/sinbran.de\/fr\/?s={search_term_string}\"},\"query-input\":{\"@type\":\"PropertyValueSpecification\",\"valueRequired\":true,\"valueName\":\"search_term_string\"}}],\"inLanguage\":\"fr-FR\"},{\"@type\":\"Organization\",\"@id\":\"https:\/\/sinbran.de\/fr\/#organization\",\"name\":\"Sinbran GmbH\",\"url\":\"https:\/\/sinbran.de\/fr\/\",\"logo\":{\"@type\":\"ImageObject\",\"inLanguage\":\"fr-FR\",\"@id\":\"https:\/\/sinbran.de\/fr\/#\/schema\/logo\/image\/\",\"url\":\"https:\/\/sinbran.de\/wp-content\/uploads\/2024\/04\/SINBRAN_Schatten_Logo-200.png\",\"contentUrl\":\"https:\/\/sinbran.de\/wp-content\/uploads\/2024\/04\/SINBRAN_Schatten_Logo-200.png\",\"width\":200,\"height\":175,\"caption\":\"Sinbran GmbH\"},\"image\":{\"@id\":\"https:\/\/sinbran.de\/fr\/#\/schema\/logo\/image\/\"},\"sameAs\":[\"https:\/\/www.linkedin.com\/company\/sinbran-gmbh\/?viewAsMember=true\"]}]}<\/script>\n<!-- \/ Yoast SEO plugin. -->","yoast_head_json":{"title":"Solutions de nettoyage SINBRAN\u00ae pour filtres","description":"Solutions de nettoyage efficaces pour les \u00e9l\u00e9ments filtrants SINBRAN\u00ae. D\u00e9couvrez nos surfaces filtrantes tr\u00e8s sp\u00e9ciales !","robots":{"index":"index","follow":"follow","max-snippet":"max-snippet:-1","max-image-preview":"max-image-preview:large","max-video-preview":"max-video-preview:-1"},"canonical":"https:\/\/sinbran.de\/fr\/produits\/nettoyage\/","og_locale":"fr_FR","og_type":"article","og_title":"Solutions de nettoyage SINBRAN\u00ae pour filtres","og_description":"Solutions de nettoyage efficaces pour les \u00e9l\u00e9ments filtrants SINBRAN\u00ae. D\u00e9couvrez nos surfaces filtrantes tr\u00e8s sp\u00e9ciales !","og_url":"https:\/\/sinbran.de\/fr\/produits\/nettoyage\/","og_site_name":"Sinbran","article_modified_time":"2024-10-08T06:42:02+00:00","twitter_card":"summary_large_image","twitter_misc":{"Est. reading time":"4 minutes"},"schema":{"@context":"https:\/\/schema.org","@graph":[{"@type":"WebPage","@id":"https:\/\/sinbran.de\/fr\/produits\/nettoyage\/","url":"https:\/\/sinbran.de\/fr\/produits\/nettoyage\/","name":"Solutions de nettoyage SINBRAN\u00ae pour filtres","isPartOf":{"@id":"https:\/\/sinbran.de\/fr\/#website"},"datePublished":"2024-06-29T10:53:37+00:00","dateModified":"2024-10-08T06:42:02+00:00","description":"Solutions de nettoyage efficaces pour les \u00e9l\u00e9ments filtrants SINBRAN\u00ae. D\u00e9couvrez nos surfaces filtrantes tr\u00e8s sp\u00e9ciales !","breadcrumb":{"@id":"https:\/\/sinbran.de\/fr\/produits\/nettoyage\/#breadcrumb"},"inLanguage":"fr-FR","potentialAction":[{"@type":"ReadAction","target":["https:\/\/sinbran.de\/fr\/produits\/nettoyage\/"]}]},{"@type":"BreadcrumbList","@id":"https:\/\/sinbran.de\/fr\/produits\/nettoyage\/#breadcrumb","itemListElement":[{"@type":"ListItem","position":1,"name":"Startseite","item":"https:\/\/sinbran.de\/fr\/"},{"@type":"ListItem","position":2,"name":"Produits","item":"https:\/\/sinbran.de\/fr\/produits\/"},{"@type":"ListItem","position":3,"name":"Nettoyage"}]},{"@type":"WebSite","@id":"https:\/\/sinbran.de\/fr\/#website","url":"https:\/\/sinbran.de\/fr\/","name":"Sinbran entwickelt, produziert und vertreibt SINBRAN\u00ae Filterelemente","description":"Filterelemente von Sinbran","publisher":{"@id":"https:\/\/sinbran.de\/fr\/#organization"},"potentialAction":[{"@type":"SearchAction","target":{"@type":"EntryPoint","urlTemplate":"https:\/\/sinbran.de\/fr\/?s={search_term_string}"},"query-input":{"@type":"PropertyValueSpecification","valueRequired":true,"valueName":"search_term_string"}}],"inLanguage":"fr-FR"},{"@type":"Organization","@id":"https:\/\/sinbran.de\/fr\/#organization","name":"Sinbran GmbH","url":"https:\/\/sinbran.de\/fr\/","logo":{"@type":"ImageObject","inLanguage":"fr-FR","@id":"https:\/\/sinbran.de\/fr\/#\/schema\/logo\/image\/","url":"https:\/\/sinbran.de\/wp-content\/uploads\/2024\/04\/SINBRAN_Schatten_Logo-200.png","contentUrl":"https:\/\/sinbran.de\/wp-content\/uploads\/2024\/04\/SINBRAN_Schatten_Logo-200.png","width":200,"height":175,"caption":"Sinbran GmbH"},"image":{"@id":"https:\/\/sinbran.de\/fr\/#\/schema\/logo\/image\/"},"sameAs":["https:\/\/www.linkedin.com\/company\/sinbran-gmbh\/?viewAsMember=true"]}]}},"_links":{"self":[{"href":"https:\/\/sinbran.de\/fr\/wp-json\/wp\/v2\/pages\/2014","targetHints":{"allow":["GET"]}}],"collection":[{"href":"https:\/\/sinbran.de\/fr\/wp-json\/wp\/v2\/pages"}],"about":[{"href":"https:\/\/sinbran.de\/fr\/wp-json\/wp\/v2\/types\/page"}],"author":[{"embeddable":true,"href":"https:\/\/sinbran.de\/fr\/wp-json\/wp\/v2\/users\/4"}],"replies":[{"embeddable":true,"href":"https:\/\/sinbran.de\/fr\/wp-json\/wp\/v2\/comments?post=2014"}],"version-history":[{"count":9,"href":"https:\/\/sinbran.de\/fr\/wp-json\/wp\/v2\/pages\/2014\/revisions"}],"predecessor-version":[{"id":2280,"href":"https:\/\/sinbran.de\/fr\/wp-json\/wp\/v2\/pages\/2014\/revisions\/2280"}],"up":[{"embeddable":true,"href":"https:\/\/sinbran.de\/fr\/wp-json\/wp\/v2\/pages\/1833"}],"wp:attachment":[{"href":"https:\/\/sinbran.de\/fr\/wp-json\/wp\/v2\/media?parent=2014"}],"curies":[{"name":"wp","href":"https:\/\/api.w.org\/{rel}","templated":true}]}}