{"id":2069,"date":"2024-06-30T08:34:24","date_gmt":"2024-06-30T06:34:24","guid":{"rendered":"https:\/\/fm-medientechnik-test.de\/?page_id=2069"},"modified":"2024-11-10T13:03:39","modified_gmt":"2024-11-10T12:03:39","slug":"applications","status":"publish","type":"page","link":"https:\/\/sinbran.de\/fr\/applications\/","title":{"rendered":"Applications"},"content":{"rendered":"<p><div class=\"fusion-fullwidth fullwidth-box fusion-builder-row-1 fusion-parallax-none nonhundred-percent-fullwidth non-hundred-percent-height-scrolling lazyload\" style=\"--awb-border-radius-top-left:0px;--awb-border-radius-top-right:0px;--awb-border-radius-bottom-right:0px;--awb-border-radius-bottom-left:0px;--awb-margin-top:-4.5em;--awb-background-size:cover;--awb-flex-wrap:wrap;\" data-bg=\"https:\/\/sinbran.de\/wp-content\/uploads\/2024\/04\/sinbran-hgr-heller-scaled.jpg\" ><div class=\"fusion-builder-row fusion-row\"><div class=\"fusion-layout-column fusion_builder_column fusion-builder-column-0 fusion_builder_column_1_1 1_1 fusion-one-full fusion-column-first fusion-column-last\" style=\"--awb-bg-blend:overlay;--awb-bg-size:cover;--awb-margin-top:5em;\"><div class=\"fusion-column-wrapper fusion-flex-column-wrapper-legacy\"><div class=\"fusion-text fusion-text-1\"><h1>Applications<\/h1>\n<p>D\u00e9couvrez les performances exceptionnelles des \u00e9l\u00e9ments filtrants SINBRAN<sup>\u00ae<\/sup>, une synth\u00e8se magistrale de poly\u00e9thyl\u00e8ne poreux fritt\u00e9 et d&#8217;une membrane ePTFE lamin\u00e9e hautement fonctionnelle. Ces \u00e9l\u00e9ments red\u00e9finissent l&#8217;efficacit\u00e9 dans l&#8217;industrie de la filtration et sont utilis\u00e9s dans le monde entier avec plusieurs dizaines de milliers d&#8217;unit\u00e9s &#8211; preuve de leur fiabilit\u00e9 et de leurs performances in\u00e9gal\u00e9es.<\/p>\n<p>Les \u00e9l\u00e9ments filtrants SINBRAN<sup>\u00ae<\/sup> vous permettent d&#8217;atteindre des taux de s\u00e9paration de pointe pour l&#8217;\u00e9limination des poussi\u00e8res non agglom\u00e9rantes, et ce avec des pertes de pression minimales. Leur conception unique garantit une efficacit\u00e9 de nettoyage in\u00e9gal\u00e9e, m\u00eame dans les conditions les plus difficiles, telles que les temp\u00e9ratures inf\u00e9rieures au point de ros\u00e9e. En outre, les \u00e9l\u00e9ments SINBRAN<sup>\u00ae<\/sup> se distinguent par leur grande stabilit\u00e9 m\u00e9canique, qui assure une dur\u00e9e de vie exceptionnellement longue &#8211; avec des dur\u00e9es d&#8217;utilisation document\u00e9es de plus de dix ans.<\/p>\n<p>Profitez des avantages significatifs de la technologie SINBRAN<sup>\u00ae<\/sup> dans les applications qui exigent des vitesses de filtration \u00e9lev\u00e9es, des charges de poussi\u00e8re importantes et des contraintes m\u00e9caniques fortes dues \u00e0 des pulsations fr\u00e9quentes, ainsi que pour la filtration de poussi\u00e8res critiques.<\/p>\n<p>Les \u00e9l\u00e9ments filtrants SINBRAN\u00ae sont synonymes d&#8217;une solution de filtration d&#8217;avenir qui allie efficacit\u00e9, long\u00e9vit\u00e9 et rentabilit\u00e9 en un seul syst\u00e8me.<\/p>\n<\/div><div class=\"fusion-clearfix\"><\/div><\/div><\/div><\/div><\/div><div class=\"fusion-fullwidth fullwidth-box fusion-builder-row-2 fusion-flex-container has-pattern-background has-mask-background nonhundred-percent-fullwidth non-hundred-percent-height-scrolling\" style=\"--awb-border-radius-top-left:0px;--awb-border-radius-top-right:0px;--awb-border-radius-bottom-right:0px;--awb-border-radius-bottom-left:0px;--awb-margin-bottom:3em;--awb-flex-wrap:wrap;\" ><div class=\"fusion-builder-row fusion-row fusion-flex-align-items-flex-start fusion-flex-content-wrap\" style=\"max-width:1144px;margin-left: calc(-4% \/ 2 );margin-right: calc(-4% \/ 2 );\"><div class=\"fusion-layout-column fusion_builder_column fusion-builder-column-1 fusion_builder_column_1_1 1_1 fusion-flex-column\" style=\"--awb-bg-size:cover;--awb-width-large:100%;--awb-margin-top-large:0px;--awb-spacing-right-large:1.92%;--awb-margin-bottom-large:5em;--awb-spacing-left-large:1.92%;--awb-width-medium:100%;--awb-order-medium:0;--awb-spacing-right-medium:1.92%;--awb-spacing-left-medium:1.92%;--awb-width-small:100%;--awb-order-small:0;--awb-spacing-right-small:1.92%;--awb-spacing-left-small:1.92%;\"><div class=\"fusion-column-wrapper fusion-column-has-shadow fusion-flex-justify-content-flex-start fusion-content-layout-column\"><div class=\"accordian fusion-accordian\" style=\"--awb-border-size:1px;--awb-icon-size:16px;--awb-content-font-size:16px;--awb-icon-alignment:left;--awb-hover-color:#f9f9f9;--awb-border-color:#cccccc;--awb-background-color:#ffffff;--awb-divider-color:var(--awb-color6);--awb-divider-hover-color:#e0dede;--awb-icon-color:var(--awb-color1);--awb-title-color:var(--awb-color6);--awb-content-color:#000000;--awb-icon-box-color:var(--awb-color8);--awb-toggle-hover-accent-color:var(--awb-color8);--awb-title-font-family:&quot;Open Sans&quot;;--awb-title-font-weight:400;--awb-title-font-style:normal;--awb-title-font-size:16px;--awb-title-text-transform:uppercase;--awb-content-font-family:&quot;Open Sans&quot;;--awb-content-font-style:normal;--awb-content-font-weight:400;\"><div class=\"panel-group fusion-toggle-icon-boxed\" id=\"accordion-2069-1\"><div class=\"fusion-panel panel-default panel-9d9dcdab42fccc81f fusion-toggle-has-divider\"><div class=\"panel-heading\"><h4 class=\"panel-title toggle\" id=\"toggle_9d9dcdab42fccc81f\"><a aria-expanded=\"false\" aria-controls=\"9d9dcdab42fccc81f\" role=\"button\" data-toggle=\"collapse\" data-target=\"#9d9dcdab42fccc81f\" href=\"#9d9dcdab42fccc81f\"><span class=\"fusion-toggle-icon-wrapper\" aria-hidden=\"true\"><i class=\"fa-fusion-box active-icon awb-icon-minus\" aria-hidden=\"true\"><\/i><i class=\"fa-fusion-box inactive-icon awb-icon-plus\" aria-hidden=\"true\"><\/i><\/span><span class=\"fusion-toggle-heading\">ASPIRATION DU BROYAGE LORS DE LA PRODUCTION DE TONER<\/span><\/a><\/h4><\/div><div id=\"9d9dcdab42fccc81f\" class=\"panel-collapse collapse \" aria-labelledby=\"toggle_9d9dcdab42fccc81f\"><div class=\"panel-body toggle-content fusion-clearfix\">La s\u00e9paration fiable des particules, m\u00eame les plus fines, avec une perte de pression constamment faible, permet une grande s\u00e9curit\u00e9 du processus.<\/div><\/div><\/div><div class=\"fusion-panel panel-default panel-b1c137872fc6c41e7 fusion-toggle-has-divider\"><div class=\"panel-heading\"><h4 class=\"panel-title toggle\" id=\"toggle_b1c137872fc6c41e7\"><a aria-expanded=\"false\" aria-controls=\"b1c137872fc6c41e7\" role=\"button\" data-toggle=\"collapse\" data-target=\"#b1c137872fc6c41e7\" href=\"#b1c137872fc6c41e7\"><span class=\"fusion-toggle-icon-wrapper\" aria-hidden=\"true\"><i class=\"fa-fusion-box active-icon awb-icon-minus\" aria-hidden=\"true\"><\/i><i class=\"fa-fusion-box inactive-icon awb-icon-plus\" aria-hidden=\"true\"><\/i><\/span><span class=\"fusion-toggle-heading\">TRANSPORT PNEUMATIQUE LORS DE LA FABRICATION DE CATALYSEURS<\/span><\/a><\/h4><\/div><div id=\"b1c137872fc6c41e7\" class=\"panel-collapse collapse \" aria-labelledby=\"toggle_b1c137872fc6c41e7\"><div class=\"panel-body toggle-content fusion-clearfix\">Malgr\u00e9 une charge \u00e9lev\u00e9e de la surface filtrante et un produit abrasif, les faibles valeurs d&#8217;\u00e9mission ont \u00e9t\u00e9 maintenues sur une longue dur\u00e9e de vie.<\/div><\/div><\/div><div class=\"fusion-panel panel-default panel-be0fb53191b5f160b fusion-toggle-has-divider\"><div class=\"panel-heading\"><h4 class=\"panel-title toggle\" id=\"toggle_be0fb53191b5f160b\"><a aria-expanded=\"false\" aria-controls=\"be0fb53191b5f160b\" role=\"button\" data-toggle=\"collapse\" data-target=\"#be0fb53191b5f160b\" href=\"#be0fb53191b5f160b\"><span class=\"fusion-toggle-icon-wrapper\" aria-hidden=\"true\"><i class=\"fa-fusion-box active-icon awb-icon-minus\" aria-hidden=\"true\"><\/i><i class=\"fa-fusion-box inactive-icon awb-icon-plus\" aria-hidden=\"true\"><\/i><\/span><span class=\"fusion-toggle-heading\">TRANSPORT PNEUMATIQUE DANS LA FABRICATION DE PIGMENTS M\u00c9TALLIQUES<\/span><\/a><\/h4><\/div><div id=\"be0fb53191b5f160b\" class=\"panel-collapse collapse \" aria-labelledby=\"toggle_be0fb53191b5f160b\"><div class=\"panel-body toggle-content fusion-clearfix\">Malgr\u00e9 un produit abrasif, les faibles valeurs d&#8217;\u00e9mission peuvent \u00eatre respect\u00e9es sur une longue dur\u00e9e de vie.<\/div><\/div><\/div><div class=\"fusion-panel panel-default panel-1a5a63afbbebd9800 fusion-toggle-has-divider\"><div class=\"panel-heading\"><h4 class=\"panel-title toggle\" id=\"toggle_1a5a63afbbebd9800\"><a aria-expanded=\"false\" aria-controls=\"1a5a63afbbebd9800\" role=\"button\" data-toggle=\"collapse\" data-target=\"#1a5a63afbbebd9800\" href=\"#1a5a63afbbebd9800\"><span class=\"fusion-toggle-icon-wrapper\" aria-hidden=\"true\"><i class=\"fa-fusion-box active-icon awb-icon-minus\" aria-hidden=\"true\"><\/i><i class=\"fa-fusion-box inactive-icon awb-icon-plus\" aria-hidden=\"true\"><\/i><\/span><span class=\"fusion-toggle-heading\">ASPIRATION AU POSTE DE TRAVAIL DANS LE TRAITEMENT DES M\u00c9TAUX<\/span><\/a><\/h4><\/div><div id=\"1a5a63afbbebd9800\" class=\"panel-collapse collapse \" aria-labelledby=\"toggle_1a5a63afbbebd9800\"><div class=\"panel-body toggle-content fusion-clearfix\">Gr\u00e2ce \u00e0 la faible perte de charge, une puissance d&#8217;aspiration \u00e9lev\u00e9e et constante est atteinte, m\u00eame en cas de charge \u00e9lev\u00e9e de la surface filtrante, ce qui permet de respecter en toute s\u00e9curit\u00e9 les valeurs MAK.<\/div><\/div><\/div><div class=\"fusion-panel panel-default panel-0cfe40bd3060b9555 fusion-toggle-has-divider\"><div class=\"panel-heading\"><h4 class=\"panel-title toggle\" id=\"toggle_0cfe40bd3060b9555\"><a aria-expanded=\"false\" aria-controls=\"0cfe40bd3060b9555\" role=\"button\" data-toggle=\"collapse\" data-target=\"#0cfe40bd3060b9555\" href=\"#0cfe40bd3060b9555\"><span class=\"fusion-toggle-icon-wrapper\" aria-hidden=\"true\"><i class=\"fa-fusion-box active-icon awb-icon-minus\" aria-hidden=\"true\"><\/i><i class=\"fa-fusion-box inactive-icon awb-icon-plus\" aria-hidden=\"true\"><\/i><\/span><span class=\"fusion-toggle-heading\">REMPLISSAGE PNEUMATIQUE DU R\u00c9ACTEUR DANS LA PRODUCTION DE PRODUITS PHYTOSANITAIRES<\/span><\/a><\/h4><\/div><div id=\"0cfe40bd3060b9555\" class=\"panel-collapse collapse \" aria-labelledby=\"toggle_0cfe40bd3060b9555\"><div class=\"panel-body toggle-content fusion-clearfix\">Gr\u00e2ce \u00e0 une construction sp\u00e9ciale de l&#8217;\u00e9l\u00e9ment filtrant, les faibles valeurs d&#8217;\u00e9mission ont pu \u00eatre respect\u00e9es en toute s\u00e9curit\u00e9 dans une installation existante, tout en maintenant une pression diff\u00e9rentielle constante.<\/div><\/div><\/div><div class=\"fusion-panel panel-default panel-2448459f0aae637fd fusion-toggle-has-divider\"><div class=\"panel-heading\"><h4 class=\"panel-title toggle\" id=\"toggle_2448459f0aae637fd\"><a aria-expanded=\"false\" aria-controls=\"2448459f0aae637fd\" role=\"button\" data-toggle=\"collapse\" data-target=\"#2448459f0aae637fd\" href=\"#2448459f0aae637fd\"><span class=\"fusion-toggle-icon-wrapper\" aria-hidden=\"true\"><i class=\"fa-fusion-box active-icon awb-icon-minus\" aria-hidden=\"true\"><\/i><i class=\"fa-fusion-box inactive-icon awb-icon-plus\" aria-hidden=\"true\"><\/i><\/span><span class=\"fusion-toggle-heading\">ASPIRATION D'INSTALLATIONS DE REV\u00caTEMENT AUTOMATIQUES LORS DE L'\u00c9MAILLAGE<\/span><\/a><\/h4><\/div><div id=\"2448459f0aae637fd\" class=\"panel-collapse collapse \" aria-labelledby=\"toggle_2448459f0aae637fd\"><div class=\"panel-body toggle-content fusion-clearfix\">Gr\u00e2ce \u00e0 un tr\u00e8s bon d\u00e9tachement du g\u00e2teau de la surface du filtre, l&#8217;installation atteint une perte de pression constamment faible et permet ainsi de longues dur\u00e9es de vie. Apr\u00e8s des perturbations du processus, les \u00e9l\u00e9ments peuvent \u00eatre enti\u00e8rement r\u00e9g\u00e9n\u00e9r\u00e9s par un simple nettoyage humide.<\/div><\/div><\/div><div class=\"fusion-panel panel-default panel-67f4e725e4d033dfc fusion-toggle-has-divider\"><div class=\"panel-heading\"><h4 class=\"panel-title toggle\" id=\"toggle_67f4e725e4d033dfc\"><a aria-expanded=\"false\" aria-controls=\"67f4e725e4d033dfc\" role=\"button\" data-toggle=\"collapse\" data-target=\"#67f4e725e4d033dfc\" href=\"#67f4e725e4d033dfc\"><span class=\"fusion-toggle-icon-wrapper\" aria-hidden=\"true\"><i class=\"fa-fusion-box active-icon awb-icon-minus\" aria-hidden=\"true\"><\/i><i class=\"fa-fusion-box inactive-icon awb-icon-plus\" aria-hidden=\"true\"><\/i><\/span><span class=\"fusion-toggle-heading\">FILTRES \u00c0 SILO RAPPORT\u00c9S POUR SUPERABSORBEURS<\/span><\/a><\/h4><\/div><div id=\"67f4e725e4d033dfc\" class=\"panel-collapse collapse \" aria-labelledby=\"toggle_67f4e725e4d033dfc\"><div class=\"panel-body toggle-content fusion-clearfix\">M\u00eame par temps humide, la poussi\u00e8re fortement hygroscopique peut \u00eatre nettoy\u00e9e en toute s\u00e9curit\u00e9, ce qui permet de maintenir une pression diff\u00e9rentielle constante et faible.<\/div><\/div><\/div><div class=\"fusion-panel panel-default panel-009f1fc6b89984aa1 fusion-toggle-has-divider\"><div class=\"panel-heading\"><h4 class=\"panel-title toggle\" id=\"toggle_009f1fc6b89984aa1\"><a aria-expanded=\"false\" aria-controls=\"009f1fc6b89984aa1\" role=\"button\" data-toggle=\"collapse\" data-target=\"#009f1fc6b89984aa1\" href=\"#009f1fc6b89984aa1\"><span class=\"fusion-toggle-icon-wrapper\" aria-hidden=\"true\"><i class=\"fa-fusion-box active-icon awb-icon-minus\" aria-hidden=\"true\"><\/i><i class=\"fa-fusion-box inactive-icon awb-icon-plus\" aria-hidden=\"true\"><\/i><\/span><span class=\"fusion-toggle-heading\">ASPIRATION DE L'OVERSPRAY LORS DE LA PEINTURE EN POUDRE<\/span><\/a><\/h4><\/div><div id=\"009f1fc6b89984aa1\" class=\"panel-collapse collapse \" aria-labelledby=\"toggle_009f1fc6b89984aa1\"><div class=\"panel-body toggle-content fusion-clearfix\">La surface tr\u00e8s lisse et r\u00e9guli\u00e8re de la membrane permet un tr\u00e8s bon lavage lors du changement de couleur. Le temps de pr\u00e9paration de l&#8217;installation peut ainsi \u00eatre tr\u00e8s court.<\/div><\/div><\/div><div class=\"fusion-panel panel-default panel-16e58d7df708f0b57 fusion-toggle-has-divider\"><div class=\"panel-heading\"><h4 class=\"panel-title toggle\" id=\"toggle_16e58d7df708f0b57\"><a aria-expanded=\"false\" aria-controls=\"16e58d7df708f0b57\" role=\"button\" data-toggle=\"collapse\" data-target=\"#16e58d7df708f0b57\" href=\"#16e58d7df708f0b57\"><span class=\"fusion-toggle-icon-wrapper\" aria-hidden=\"true\"><i class=\"fa-fusion-box active-icon awb-icon-minus\" aria-hidden=\"true\"><\/i><i class=\"fa-fusion-box inactive-icon awb-icon-plus\" aria-hidden=\"true\"><\/i><\/span><span class=\"fusion-toggle-heading\">ASPIRATION D'UN BROYAGE DE PIGMENTS<\/span><\/a><\/h4><\/div><div id=\"16e58d7df708f0b57\" class=\"panel-collapse collapse \" aria-labelledby=\"toggle_16e58d7df708f0b57\"><div class=\"panel-body toggle-content fusion-clearfix\">En collaboration avec un OEM, une construction sp\u00e9ciale a \u00e9t\u00e9 d\u00e9velopp\u00e9e, permettant une tr\u00e8s faible pression diff\u00e9rentielle sur une longue dur\u00e9e de vie.<\/div><\/div><\/div><div class=\"fusion-panel panel-default panel-79f56ccebb1208311 fusion-toggle-has-divider\"><div class=\"panel-heading\"><h4 class=\"panel-title toggle\" id=\"toggle_79f56ccebb1208311\"><a aria-expanded=\"false\" aria-controls=\"79f56ccebb1208311\" role=\"button\" data-toggle=\"collapse\" data-target=\"#79f56ccebb1208311\" href=\"#79f56ccebb1208311\"><span class=\"fusion-toggle-icon-wrapper\" aria-hidden=\"true\"><i class=\"fa-fusion-box active-icon awb-icon-minus\" aria-hidden=\"true\"><\/i><i class=\"fa-fusion-box inactive-icon awb-icon-plus\" aria-hidden=\"true\"><\/i><\/span><span class=\"fusion-toggle-heading\">TRANSPORT PNEUMATIQUE LORS DE LA FABRICATION D'ACCUMULATEURS<\/span><\/a><\/h4><\/div><div id=\"79f56ccebb1208311\" class=\"panel-collapse collapse \" aria-labelledby=\"toggle_79f56ccebb1208311\"><div class=\"panel-body toggle-content fusion-clearfix\">Gr\u00e2ce \u00e0 la surface lisse et r\u00e9guli\u00e8re de la membrane, m\u00eame la poussi\u00e8re partiellement humide est presque enti\u00e8rement nettoy\u00e9e, ce qui permet un fonctionnement sans probl\u00e8me de l&#8217;installation et le respect des valeurs d&#8217;\u00e9mission exig\u00e9es.<\/div><\/div><\/div><\/div><\/div><\/div><\/div><\/div><\/div><\/p>\n","protected":false},"excerpt":{"rendered":"","protected":false},"author":4,"featured_media":0,"parent":0,"menu_order":0,"comment_status":"closed","ping_status":"closed","template":"100-width.php","meta":{"footnotes":""},"class_list":["post-2069","page","type-page","status-publish","hentry"],"yoast_head":"<!-- This site is optimized with the Yoast SEO plugin v26.9 - https:\/\/yoast.com\/product\/yoast-seo-wordpress\/ -->\n<title>\u00c9l\u00e9ments filtrants SINBRAN\u00ae pour applications<\/title>\n<meta name=\"description\" content=\"\u00c9l\u00e9ments filtrants SINBRAN\u00ae efficaces pour diverses applications. Taux de s\u00e9paration \u00e9lev\u00e9s et longue dur\u00e9e de vie !\" \/>\n<meta name=\"robots\" content=\"index, follow, max-snippet:-1, max-image-preview:large, max-video-preview:-1\" \/>\n<link rel=\"canonical\" href=\"https:\/\/sinbran.de\/fr\/applications\/\" \/>\n<meta property=\"og:locale\" content=\"fr_FR\" \/>\n<meta property=\"og:type\" content=\"article\" \/>\n<meta property=\"og:title\" content=\"\u00c9l\u00e9ments filtrants SINBRAN\u00ae pour applications\" \/>\n<meta property=\"og:description\" content=\"\u00c9l\u00e9ments filtrants SINBRAN\u00ae efficaces pour diverses applications. Taux de s\u00e9paration \u00e9lev\u00e9s et longue dur\u00e9e de vie !\" \/>\n<meta property=\"og:url\" content=\"https:\/\/sinbran.de\/fr\/applications\/\" \/>\n<meta property=\"og:site_name\" content=\"Sinbran\" \/>\n<meta property=\"article:modified_time\" content=\"2024-11-10T12:03:39+00:00\" \/>\n<meta name=\"twitter:card\" content=\"summary_large_image\" \/>\n<meta name=\"twitter:label1\" content=\"Est. reading time\" \/>\n\t<meta name=\"twitter:data1\" content=\"4 minutes\" \/>\n<script type=\"application\/ld+json\" class=\"yoast-schema-graph\">{\"@context\":\"https:\/\/schema.org\",\"@graph\":[{\"@type\":\"WebPage\",\"@id\":\"https:\/\/sinbran.de\/fr\/applications\/\",\"url\":\"https:\/\/sinbran.de\/fr\/applications\/\",\"name\":\"\u00c9l\u00e9ments filtrants SINBRAN\u00ae pour applications\",\"isPartOf\":{\"@id\":\"https:\/\/sinbran.de\/fr\/#website\"},\"datePublished\":\"2024-06-30T06:34:24+00:00\",\"dateModified\":\"2024-11-10T12:03:39+00:00\",\"description\":\"\u00c9l\u00e9ments filtrants SINBRAN\u00ae efficaces pour diverses applications. Taux de s\u00e9paration \u00e9lev\u00e9s et longue dur\u00e9e de vie !\",\"breadcrumb\":{\"@id\":\"https:\/\/sinbran.de\/fr\/applications\/#breadcrumb\"},\"inLanguage\":\"fr-FR\",\"potentialAction\":[{\"@type\":\"ReadAction\",\"target\":[\"https:\/\/sinbran.de\/fr\/applications\/\"]}]},{\"@type\":\"BreadcrumbList\",\"@id\":\"https:\/\/sinbran.de\/fr\/applications\/#breadcrumb\",\"itemListElement\":[{\"@type\":\"ListItem\",\"position\":1,\"name\":\"Startseite\",\"item\":\"https:\/\/sinbran.de\/fr\/\"},{\"@type\":\"ListItem\",\"position\":2,\"name\":\"Applications\"}]},{\"@type\":\"WebSite\",\"@id\":\"https:\/\/sinbran.de\/fr\/#website\",\"url\":\"https:\/\/sinbran.de\/fr\/\",\"name\":\"Sinbran entwickelt, produziert und vertreibt SINBRAN\u00ae Filterelemente\",\"description\":\"Filterelemente von Sinbran\",\"publisher\":{\"@id\":\"https:\/\/sinbran.de\/fr\/#organization\"},\"potentialAction\":[{\"@type\":\"SearchAction\",\"target\":{\"@type\":\"EntryPoint\",\"urlTemplate\":\"https:\/\/sinbran.de\/fr\/?s={search_term_string}\"},\"query-input\":{\"@type\":\"PropertyValueSpecification\",\"valueRequired\":true,\"valueName\":\"search_term_string\"}}],\"inLanguage\":\"fr-FR\"},{\"@type\":\"Organization\",\"@id\":\"https:\/\/sinbran.de\/fr\/#organization\",\"name\":\"Sinbran GmbH\",\"url\":\"https:\/\/sinbran.de\/fr\/\",\"logo\":{\"@type\":\"ImageObject\",\"inLanguage\":\"fr-FR\",\"@id\":\"https:\/\/sinbran.de\/fr\/#\/schema\/logo\/image\/\",\"url\":\"https:\/\/sinbran.de\/wp-content\/uploads\/2024\/04\/SINBRAN_Schatten_Logo-200.png\",\"contentUrl\":\"https:\/\/sinbran.de\/wp-content\/uploads\/2024\/04\/SINBRAN_Schatten_Logo-200.png\",\"width\":200,\"height\":175,\"caption\":\"Sinbran GmbH\"},\"image\":{\"@id\":\"https:\/\/sinbran.de\/fr\/#\/schema\/logo\/image\/\"},\"sameAs\":[\"https:\/\/www.linkedin.com\/company\/sinbran-gmbh\/?viewAsMember=true\"]}]}<\/script>\n<!-- \/ Yoast SEO plugin. -->","yoast_head_json":{"title":"\u00c9l\u00e9ments filtrants SINBRAN\u00ae pour applications","description":"\u00c9l\u00e9ments filtrants SINBRAN\u00ae efficaces pour diverses applications. Taux de s\u00e9paration \u00e9lev\u00e9s et longue dur\u00e9e de vie !","robots":{"index":"index","follow":"follow","max-snippet":"max-snippet:-1","max-image-preview":"max-image-preview:large","max-video-preview":"max-video-preview:-1"},"canonical":"https:\/\/sinbran.de\/fr\/applications\/","og_locale":"fr_FR","og_type":"article","og_title":"\u00c9l\u00e9ments filtrants SINBRAN\u00ae pour applications","og_description":"\u00c9l\u00e9ments filtrants SINBRAN\u00ae efficaces pour diverses applications. Taux de s\u00e9paration \u00e9lev\u00e9s et longue dur\u00e9e de vie !","og_url":"https:\/\/sinbran.de\/fr\/applications\/","og_site_name":"Sinbran","article_modified_time":"2024-11-10T12:03:39+00:00","twitter_card":"summary_large_image","twitter_misc":{"Est. reading time":"4 minutes"},"schema":{"@context":"https:\/\/schema.org","@graph":[{"@type":"WebPage","@id":"https:\/\/sinbran.de\/fr\/applications\/","url":"https:\/\/sinbran.de\/fr\/applications\/","name":"\u00c9l\u00e9ments filtrants SINBRAN\u00ae pour applications","isPartOf":{"@id":"https:\/\/sinbran.de\/fr\/#website"},"datePublished":"2024-06-30T06:34:24+00:00","dateModified":"2024-11-10T12:03:39+00:00","description":"\u00c9l\u00e9ments filtrants SINBRAN\u00ae efficaces pour diverses applications. Taux de s\u00e9paration \u00e9lev\u00e9s et longue dur\u00e9e de vie !","breadcrumb":{"@id":"https:\/\/sinbran.de\/fr\/applications\/#breadcrumb"},"inLanguage":"fr-FR","potentialAction":[{"@type":"ReadAction","target":["https:\/\/sinbran.de\/fr\/applications\/"]}]},{"@type":"BreadcrumbList","@id":"https:\/\/sinbran.de\/fr\/applications\/#breadcrumb","itemListElement":[{"@type":"ListItem","position":1,"name":"Startseite","item":"https:\/\/sinbran.de\/fr\/"},{"@type":"ListItem","position":2,"name":"Applications"}]},{"@type":"WebSite","@id":"https:\/\/sinbran.de\/fr\/#website","url":"https:\/\/sinbran.de\/fr\/","name":"Sinbran entwickelt, produziert und vertreibt SINBRAN\u00ae Filterelemente","description":"Filterelemente von Sinbran","publisher":{"@id":"https:\/\/sinbran.de\/fr\/#organization"},"potentialAction":[{"@type":"SearchAction","target":{"@type":"EntryPoint","urlTemplate":"https:\/\/sinbran.de\/fr\/?s={search_term_string}"},"query-input":{"@type":"PropertyValueSpecification","valueRequired":true,"valueName":"search_term_string"}}],"inLanguage":"fr-FR"},{"@type":"Organization","@id":"https:\/\/sinbran.de\/fr\/#organization","name":"Sinbran GmbH","url":"https:\/\/sinbran.de\/fr\/","logo":{"@type":"ImageObject","inLanguage":"fr-FR","@id":"https:\/\/sinbran.de\/fr\/#\/schema\/logo\/image\/","url":"https:\/\/sinbran.de\/wp-content\/uploads\/2024\/04\/SINBRAN_Schatten_Logo-200.png","contentUrl":"https:\/\/sinbran.de\/wp-content\/uploads\/2024\/04\/SINBRAN_Schatten_Logo-200.png","width":200,"height":175,"caption":"Sinbran GmbH"},"image":{"@id":"https:\/\/sinbran.de\/fr\/#\/schema\/logo\/image\/"},"sameAs":["https:\/\/www.linkedin.com\/company\/sinbran-gmbh\/?viewAsMember=true"]}]}},"_links":{"self":[{"href":"https:\/\/sinbran.de\/fr\/wp-json\/wp\/v2\/pages\/2069","targetHints":{"allow":["GET"]}}],"collection":[{"href":"https:\/\/sinbran.de\/fr\/wp-json\/wp\/v2\/pages"}],"about":[{"href":"https:\/\/sinbran.de\/fr\/wp-json\/wp\/v2\/types\/page"}],"author":[{"embeddable":true,"href":"https:\/\/sinbran.de\/fr\/wp-json\/wp\/v2\/users\/4"}],"replies":[{"embeddable":true,"href":"https:\/\/sinbran.de\/fr\/wp-json\/wp\/v2\/comments?post=2069"}],"version-history":[{"count":6,"href":"https:\/\/sinbran.de\/fr\/wp-json\/wp\/v2\/pages\/2069\/revisions"}],"predecessor-version":[{"id":2436,"href":"https:\/\/sinbran.de\/fr\/wp-json\/wp\/v2\/pages\/2069\/revisions\/2436"}],"wp:attachment":[{"href":"https:\/\/sinbran.de\/fr\/wp-json\/wp\/v2\/media?parent=2069"}],"curies":[{"name":"wp","href":"https:\/\/api.w.org\/{rel}","templated":true}]}}