{"id":2074,"date":"2024-06-30T08:46:20","date_gmt":"2024-06-30T06:46:20","guid":{"rendered":"https:\/\/fm-medientechnik-test.de\/?page_id=2074"},"modified":"2026-03-04T06:33:21","modified_gmt":"2026-03-04T05:33:21","slug":"a-propos-de-nous","status":"publish","type":"page","link":"https:\/\/sinbran.de\/fr\/a-propos-de-nous\/","title":{"rendered":"\u00c0 propos de nous"},"content":{"rendered":"<p><div class=\"fusion-fullwidth fullwidth-box fusion-builder-row-1 fusion-parallax-none nonhundred-percent-fullwidth non-hundred-percent-height-scrolling lazyload\" style=\"--awb-border-radius-top-left:0px;--awb-border-radius-top-right:0px;--awb-border-radius-bottom-right:0px;--awb-border-radius-bottom-left:0px;--awb-margin-top:-4.5em;--awb-margin-bottom:0px;--awb-background-size:cover;--awb-flex-wrap:wrap;\" data-bg=\"https:\/\/sinbran.de\/wp-content\/uploads\/2024\/04\/sinbran-hgr-heller-scaled.jpg\" ><div class=\"fusion-builder-row fusion-row\"><div class=\"fusion-layout-column fusion_builder_column fusion-builder-column-0 fusion_builder_column_1_1 1_1 fusion-one-full fusion-column-first fusion-column-last\" style=\"--awb-bg-blend:overlay;--awb-bg-size:cover;--awb-margin-top:5em;\"><div class=\"fusion-column-wrapper fusion-flex-column-wrapper-legacy\"><div class=\"fusion-text fusion-text-1\"><h1>SINBRAN<sup>\u00ae<\/sup> \u2013 FILTRATION SUR MEMBRANE FRITT\u00c9E POUR LE D\u00c9POUSSI\u00c9RAGE INDUSTRIEL<\/h1>\n<p>SINBRAN<sup>\u00ae<\/sup> est synonyme de filtration industrielle haute performance, de qualit\u00e9 sans compromis et d&#8217;ind\u00e9pendance technologique. La soci\u00e9t\u00e9 Sinbran GmbH a \u00e9t\u00e9 fond\u00e9e \u00e0 la fin de l&#8217;ann\u00e9e 2013\/2014 par Wolfgang Jander dans le cadre d&#8217;un rachat par les cadres de la division SINBRAN<sup>\u00ae<\/sup> de la soci\u00e9t\u00e9 W. L. Gore &amp; Associates GmbH. L&#8217;objectif \u00e9tait de poursuivre de mani\u00e8re ind\u00e9pendante le d\u00e9veloppement de la technologie \u00e9prouv\u00e9e des membranes fritt\u00e9es et d&#8217;\u00e9tablir de nouvelles normes dans le domaine du d\u00e9poussi\u00e9rage industriel.<\/p>\n<p>Les \u00e9l\u00e9ments filtrants SINBRAN<sup>\u00ae<\/sup> sont bas\u00e9s sur du poly\u00e9thyl\u00e8ne (PE) fritt\u00e9 avec une membrane ePTFE lamin\u00e9e et garantissent une filtration de surface \u00e0 100 %. M\u00eame les poussi\u00e8res les plus fines et les plus nocives pour la sant\u00e9, de taille inf\u00e9rieure au micron, sont capt\u00e9es de mani\u00e8re fiable. La membrane agit comme une barri\u00e8re tr\u00e8s efficace, sans qu&#8217;il soit n\u00e9cessaire de former au pr\u00e9alable un g\u00e2teau de filtration. Cela permet :<\/p>\n<ul>\n<li>une filtration imm\u00e9diate d\u00e8s la mise en service<\/li>\n<li>de faibles pressions diff\u00e9rentielles<\/li>\n<li>une efficacit\u00e9 \u00e9nerg\u00e9tique \u00e9lev\u00e9e<\/li>\n<li>Longue dur\u00e9e de vie<\/li>\n<li>Performances de s\u00e9paration constantes jusqu&#8217;\u00e0 des plages de l&#8217;ordre de 0,01 \u00b5m<\/li>\n<\/ul>\n<p>Les filtres fritt\u00e9s SINBRAN<sup>\u00ae<\/sup> sont donc particuli\u00e8rement adapt\u00e9s aux applications exigeantes dans l&#8217;industrie chimique, la production de batteries, le traitement des poudres m\u00e9talliques, l&#8217;industrie alimentaire, l&#8217;industrie pharmaceutique et partout o\u00f9 des poussi\u00e8res fines, toxiques ou explosives sont g\u00e9n\u00e9r\u00e9es.<\/p>\n<p><strong>Wolfgang Jander<\/strong> poss\u00e8de plus de 40 ans d&#8217;exp\u00e9rience dans le domaine du d\u00e9poussi\u00e9rage industriel et de la technologie de filtration, dont 27 ans chez W. L. Gore &amp; Associates GmbH. Il a jou\u00e9 un r\u00f4le d\u00e9terminant dans le d\u00e9veloppement, le lancement sur le march\u00e9 et l&#8217;implantation internationale de la technologie SINBRAN<sup>\u00ae<\/sup> et \u00e9tait responsable, en tant que directeur commercial, de l&#8217;activit\u00e9 mondiale de filtration. Avec la cr\u00e9ation de Sinbran GmbH, il a pos\u00e9 les jalons d&#8217;un d\u00e9veloppement ind\u00e9pendant, flexible et ax\u00e9 sur l&#8217;innovation de la filtration par membrane fritt\u00e9e.<\/p>\n<p>Depuis 2023, <strong>Marc-Antoine Peter<\/strong> fait partie de Sinbran GmbH en tant que directeur g\u00e9n\u00e9ral. Fort d&#8217;une vaste exp\u00e9rience dans la production, la fabrication et la distribution internationale de produits industriels techniquement sophistiqu\u00e9s, il poursuit le d\u00e9veloppement strat\u00e9gique, l&#8217;internationalisation et la p\u00e9n\u00e9tration du march\u00e9. L&#8217;accent est mis sur des solutions de filtration modulaires, compatibles et efficaces sur le plan \u00e9nerg\u00e9tique pour les installations de d\u00e9poussi\u00e9rage existantes et nouvelles.<\/p>\n<p>La soci\u00e9t\u00e9 Sinbran GmbH d\u00e9veloppe et produit des modules de filtration performants pour les installations de d\u00e9poussi\u00e9rage industrielles, avec les priorit\u00e9s suivantes :<\/p>\n<ul>\n<li>\u00c9l\u00e9ments filtrants fritt\u00e9s avec membrane ePTFE<\/li>\n<li>Filtres haute performance pour les poussi\u00e8res fines et les substances dangereuses<\/li>\n<li>Filtres haute temp\u00e9rature jusqu&#8217;\u00e0 130 \u00b0C<\/li>\n<li>Solutions de modernisation pour les installations de filtration existantes<\/li>\n<li>\u00c9l\u00e9ments filtrants \u00e0 optimisation \u00e9nerg\u00e9tique avec perte de charge r\u00e9duite<\/li>\n<li>Solutions sp\u00e9ciales sur mesure pour les applications de d\u00e9poussi\u00e9rage exigeantes<\/li>\n<\/ul>\n<p>SINBRAN<sup>\u00ae<\/sup> est synonyme d&#8217;\u00e9l\u00e9ments filtrants durables et n\u00e9cessitant peu d&#8217;entretien, qui fonctionnent de mani\u00e8re fiable m\u00eame dans des conditions de processus extr\u00eames. Gr\u00e2ce \u00e0 une filtration superficielle syst\u00e9matique, la poussi\u00e8re ne s&#8217;accumule pas dans le m\u00e9dia filtrant, mais reste \u00e0 la surface de la membrane, ce qui constitue un avantage d\u00e9cisif par rapport aux filtres conventionnels.<\/p>\n<\/div><div class=\"fusion-clearfix\"><\/div><\/div><\/div><\/div><\/div><div class=\"fusion-fullwidth fullwidth-box fusion-builder-row-2 has-pattern-background has-mask-background nonhundred-percent-fullwidth non-hundred-percent-height-scrolling\" style=\"--awb-border-radius-top-left:0px;--awb-border-radius-top-right:0px;--awb-border-radius-bottom-right:0px;--awb-border-radius-bottom-left:0px;--awb-padding-bottom:0px;--awb-margin-bottom:-0.8em;--awb-flex-wrap:wrap;\" ><div class=\"fusion-builder-row fusion-row\"><div class=\"fusion-layout-column fusion_builder_column fusion-builder-column-1 fusion_builder_column_1_1 1_1 fusion-one-full fusion-column-first fusion-column-last\" style=\"--awb-bg-size:cover;\"><div class=\"fusion-column-wrapper fusion-column-has-shadow fusion-flex-column-wrapper-legacy\"><div class=\"fusion-sep-clear\"><\/div><div class=\"fusion-separator fusion-full-width-sep\" style=\"margin-left: auto;margin-right: auto;width:100%;\"><div class=\"fusion-separator-border sep-single sep-solid\" style=\"--awb-height:20px;--awb-amount:20px;--awb-sep-color:var(--awb-color6);border-color:var(--awb-color6);border-top-width:1px;\"><\/div><\/div><div class=\"fusion-sep-clear\"><\/div><div class=\"fusion-clearfix\"><\/div><\/div><\/div><\/div><\/div><div class=\"fusion-fullwidth fullwidth-box fusion-builder-row-3 has-pattern-background has-mask-background nonhundred-percent-fullwidth non-hundred-percent-height-scrolling\" style=\"--awb-border-radius-top-left:0px;--awb-border-radius-top-right:0px;--awb-border-radius-bottom-right:0px;--awb-border-radius-bottom-left:0px;--awb-flex-wrap:wrap;\" ><div class=\"fusion-builder-row fusion-row\"><div class=\"fusion-layout-column fusion_builder_column fusion-builder-column-2 fusion_builder_column_1_1 1_1 fusion-one-full fusion-column-first fusion-column-last\" style=\"--awb-bg-size:cover;\"><div class=\"fusion-column-wrapper fusion-column-has-shadow fusion-flex-column-wrapper-legacy\"><div class=\"fusion-text fusion-text-2\"><p><b style=\"color: var(--awb-color6);\"><\/p>\n<p>Gr\u00e2ce \u00e0 son expertise technique, \u00e0 ses d\u00e9cennies d&#8217;exp\u00e9rience et \u00e0 son orientation constante vers l&#8217;innovation, Sinbran GmbH se positionne comme un fabricant sp\u00e9cialis\u00e9 dans les filtres industriels fritt\u00e9s et les filtres \u00e0 membrane ePTFE sur le march\u00e9 mondial de la purification de l&#8217;air et de la technologie de d\u00e9poussi\u00e9rage.<\/b><\/p>\n<\/div><div class=\"fusion-clearfix\"><\/div><\/div><\/div><\/div><\/div><div class=\"fusion-fullwidth fullwidth-box fusion-builder-row-4 has-pattern-background has-mask-background nonhundred-percent-fullwidth non-hundred-percent-height-scrolling\" style=\"--awb-border-radius-top-left:0px;--awb-border-radius-top-right:0px;--awb-border-radius-bottom-right:0px;--awb-border-radius-bottom-left:0px;--awb-padding-bottom:0px;--awb-margin-top:-1.5em;--awb-flex-wrap:wrap;\" ><div class=\"fusion-builder-row fusion-row\"><div class=\"fusion-layout-column fusion_builder_column fusion-builder-column-3 fusion_builder_column_1_1 1_1 fusion-one-full fusion-column-first fusion-column-last\" style=\"--awb-bg-size:cover;\"><div class=\"fusion-column-wrapper fusion-column-has-shadow fusion-flex-column-wrapper-legacy\"><div class=\"fusion-sep-clear\"><\/div><div class=\"fusion-separator fusion-full-width-sep\" style=\"margin-left: auto;margin-right: auto;width:100%;\"><div class=\"fusion-separator-border sep-single sep-solid\" style=\"--awb-height:20px;--awb-amount:20px;--awb-sep-color:var(--awb-color6);border-color:var(--awb-color6);border-top-width:1px;\"><\/div><\/div><div class=\"fusion-sep-clear\"><\/div><div class=\"fusion-clearfix\"><\/div><\/div><\/div><\/div><\/div><\/p>\n","protected":false},"excerpt":{"rendered":"","protected":false},"author":4,"featured_media":0,"parent":0,"menu_order":0,"comment_status":"closed","ping_status":"closed","template":"100-width.php","meta":{"footnotes":""},"class_list":["post-2074","page","type-page","status-publish","hentry"],"yoast_head":"<!-- This site is optimized with the Yoast SEO plugin v26.9 - https:\/\/yoast.com\/product\/yoast-seo-wordpress\/ -->\n<title>\u00c0 propos de Sinbran GmbH<\/title>\n<meta name=\"description\" content=\"D\u00e9couvrez Sinbran GmbH, notre histoire et notre engagement envers la technologie de filtration innovante.\" \/>\n<meta name=\"robots\" content=\"index, follow, max-snippet:-1, max-image-preview:large, max-video-preview:-1\" \/>\n<link rel=\"canonical\" href=\"https:\/\/sinbran.de\/fr\/a-propos-de-nous\/\" \/>\n<meta property=\"og:locale\" content=\"fr_FR\" \/>\n<meta property=\"og:type\" content=\"article\" \/>\n<meta property=\"og:title\" content=\"\u00c0 propos de Sinbran GmbH\" \/>\n<meta property=\"og:description\" content=\"D\u00e9couvrez Sinbran GmbH, notre histoire et notre engagement envers la technologie de filtration innovante.\" \/>\n<meta property=\"og:url\" content=\"https:\/\/sinbran.de\/fr\/a-propos-de-nous\/\" \/>\n<meta property=\"og:site_name\" content=\"Sinbran\" \/>\n<meta property=\"article:modified_time\" content=\"2026-03-04T05:33:21+00:00\" \/>\n<meta name=\"twitter:card\" content=\"summary_large_image\" \/>\n<meta name=\"twitter:label1\" content=\"Est. reading time\" \/>\n\t<meta name=\"twitter:data1\" content=\"3 minutes\" \/>\n<script type=\"application\/ld+json\" class=\"yoast-schema-graph\">{\"@context\":\"https:\/\/schema.org\",\"@graph\":[{\"@type\":\"WebPage\",\"@id\":\"https:\/\/sinbran.de\/fr\/a-propos-de-nous\/\",\"url\":\"https:\/\/sinbran.de\/fr\/a-propos-de-nous\/\",\"name\":\"\u00c0 propos de Sinbran GmbH\",\"isPartOf\":{\"@id\":\"https:\/\/sinbran.de\/fr\/#website\"},\"datePublished\":\"2024-06-30T06:46:20+00:00\",\"dateModified\":\"2026-03-04T05:33:21+00:00\",\"description\":\"D\u00e9couvrez Sinbran GmbH, notre histoire et notre engagement envers la technologie de filtration innovante.\",\"breadcrumb\":{\"@id\":\"https:\/\/sinbran.de\/fr\/a-propos-de-nous\/#breadcrumb\"},\"inLanguage\":\"fr-FR\",\"potentialAction\":[{\"@type\":\"ReadAction\",\"target\":[\"https:\/\/sinbran.de\/fr\/a-propos-de-nous\/\"]}]},{\"@type\":\"BreadcrumbList\",\"@id\":\"https:\/\/sinbran.de\/fr\/a-propos-de-nous\/#breadcrumb\",\"itemListElement\":[{\"@type\":\"ListItem\",\"position\":1,\"name\":\"Startseite\",\"item\":\"https:\/\/sinbran.de\/fr\/\"},{\"@type\":\"ListItem\",\"position\":2,\"name\":\"\u00c0 propos de nous\"}]},{\"@type\":\"WebSite\",\"@id\":\"https:\/\/sinbran.de\/fr\/#website\",\"url\":\"https:\/\/sinbran.de\/fr\/\",\"name\":\"Sinbran entwickelt, produziert und vertreibt SINBRAN\u00ae Filterelemente\",\"description\":\"Filterelemente von Sinbran\",\"publisher\":{\"@id\":\"https:\/\/sinbran.de\/fr\/#organization\"},\"potentialAction\":[{\"@type\":\"SearchAction\",\"target\":{\"@type\":\"EntryPoint\",\"urlTemplate\":\"https:\/\/sinbran.de\/fr\/?s={search_term_string}\"},\"query-input\":{\"@type\":\"PropertyValueSpecification\",\"valueRequired\":true,\"valueName\":\"search_term_string\"}}],\"inLanguage\":\"fr-FR\"},{\"@type\":\"Organization\",\"@id\":\"https:\/\/sinbran.de\/fr\/#organization\",\"name\":\"Sinbran GmbH\",\"url\":\"https:\/\/sinbran.de\/fr\/\",\"logo\":{\"@type\":\"ImageObject\",\"inLanguage\":\"fr-FR\",\"@id\":\"https:\/\/sinbran.de\/fr\/#\/schema\/logo\/image\/\",\"url\":\"https:\/\/sinbran.de\/wp-content\/uploads\/2024\/04\/SINBRAN_Schatten_Logo-200.png\",\"contentUrl\":\"https:\/\/sinbran.de\/wp-content\/uploads\/2024\/04\/SINBRAN_Schatten_Logo-200.png\",\"width\":200,\"height\":175,\"caption\":\"Sinbran GmbH\"},\"image\":{\"@id\":\"https:\/\/sinbran.de\/fr\/#\/schema\/logo\/image\/\"},\"sameAs\":[\"https:\/\/www.linkedin.com\/company\/sinbran-gmbh\/?viewAsMember=true\"]}]}<\/script>\n<!-- \/ Yoast SEO plugin. -->","yoast_head_json":{"title":"\u00c0 propos de Sinbran GmbH","description":"D\u00e9couvrez Sinbran GmbH, notre histoire et notre engagement envers la technologie de filtration innovante.","robots":{"index":"index","follow":"follow","max-snippet":"max-snippet:-1","max-image-preview":"max-image-preview:large","max-video-preview":"max-video-preview:-1"},"canonical":"https:\/\/sinbran.de\/fr\/a-propos-de-nous\/","og_locale":"fr_FR","og_type":"article","og_title":"\u00c0 propos de Sinbran GmbH","og_description":"D\u00e9couvrez Sinbran GmbH, notre histoire et notre engagement envers la technologie de filtration innovante.","og_url":"https:\/\/sinbran.de\/fr\/a-propos-de-nous\/","og_site_name":"Sinbran","article_modified_time":"2026-03-04T05:33:21+00:00","twitter_card":"summary_large_image","twitter_misc":{"Est. reading time":"3 minutes"},"schema":{"@context":"https:\/\/schema.org","@graph":[{"@type":"WebPage","@id":"https:\/\/sinbran.de\/fr\/a-propos-de-nous\/","url":"https:\/\/sinbran.de\/fr\/a-propos-de-nous\/","name":"\u00c0 propos de Sinbran GmbH","isPartOf":{"@id":"https:\/\/sinbran.de\/fr\/#website"},"datePublished":"2024-06-30T06:46:20+00:00","dateModified":"2026-03-04T05:33:21+00:00","description":"D\u00e9couvrez Sinbran GmbH, notre histoire et notre engagement envers la technologie de filtration innovante.","breadcrumb":{"@id":"https:\/\/sinbran.de\/fr\/a-propos-de-nous\/#breadcrumb"},"inLanguage":"fr-FR","potentialAction":[{"@type":"ReadAction","target":["https:\/\/sinbran.de\/fr\/a-propos-de-nous\/"]}]},{"@type":"BreadcrumbList","@id":"https:\/\/sinbran.de\/fr\/a-propos-de-nous\/#breadcrumb","itemListElement":[{"@type":"ListItem","position":1,"name":"Startseite","item":"https:\/\/sinbran.de\/fr\/"},{"@type":"ListItem","position":2,"name":"\u00c0 propos de nous"}]},{"@type":"WebSite","@id":"https:\/\/sinbran.de\/fr\/#website","url":"https:\/\/sinbran.de\/fr\/","name":"Sinbran entwickelt, produziert und vertreibt SINBRAN\u00ae Filterelemente","description":"Filterelemente von Sinbran","publisher":{"@id":"https:\/\/sinbran.de\/fr\/#organization"},"potentialAction":[{"@type":"SearchAction","target":{"@type":"EntryPoint","urlTemplate":"https:\/\/sinbran.de\/fr\/?s={search_term_string}"},"query-input":{"@type":"PropertyValueSpecification","valueRequired":true,"valueName":"search_term_string"}}],"inLanguage":"fr-FR"},{"@type":"Organization","@id":"https:\/\/sinbran.de\/fr\/#organization","name":"Sinbran GmbH","url":"https:\/\/sinbran.de\/fr\/","logo":{"@type":"ImageObject","inLanguage":"fr-FR","@id":"https:\/\/sinbran.de\/fr\/#\/schema\/logo\/image\/","url":"https:\/\/sinbran.de\/wp-content\/uploads\/2024\/04\/SINBRAN_Schatten_Logo-200.png","contentUrl":"https:\/\/sinbran.de\/wp-content\/uploads\/2024\/04\/SINBRAN_Schatten_Logo-200.png","width":200,"height":175,"caption":"Sinbran GmbH"},"image":{"@id":"https:\/\/sinbran.de\/fr\/#\/schema\/logo\/image\/"},"sameAs":["https:\/\/www.linkedin.com\/company\/sinbran-gmbh\/?viewAsMember=true"]}]}},"_links":{"self":[{"href":"https:\/\/sinbran.de\/fr\/wp-json\/wp\/v2\/pages\/2074","targetHints":{"allow":["GET"]}}],"collection":[{"href":"https:\/\/sinbran.de\/fr\/wp-json\/wp\/v2\/pages"}],"about":[{"href":"https:\/\/sinbran.de\/fr\/wp-json\/wp\/v2\/types\/page"}],"author":[{"embeddable":true,"href":"https:\/\/sinbran.de\/fr\/wp-json\/wp\/v2\/users\/4"}],"replies":[{"embeddable":true,"href":"https:\/\/sinbran.de\/fr\/wp-json\/wp\/v2\/comments?post=2074"}],"version-history":[{"count":7,"href":"https:\/\/sinbran.de\/fr\/wp-json\/wp\/v2\/pages\/2074\/revisions"}],"predecessor-version":[{"id":2676,"href":"https:\/\/sinbran.de\/fr\/wp-json\/wp\/v2\/pages\/2074\/revisions\/2676"}],"wp:attachment":[{"href":"https:\/\/sinbran.de\/fr\/wp-json\/wp\/v2\/media?parent=2074"}],"curies":[{"name":"wp","href":"https:\/\/api.w.org\/{rel}","templated":true}]}}