{"id":2083,"date":"2024-06-30T09:02:32","date_gmt":"2024-06-30T07:02:32","guid":{"rendered":"https:\/\/fm-medientechnik-test.de\/?page_id=2083"},"modified":"2025-03-03T06:55:43","modified_gmt":"2025-03-03T05:55:43","slug":"mentions-legales","status":"publish","type":"page","link":"https:\/\/sinbran.de\/fr\/mentions-legales\/","title":{"rendered":"Mentions l\u00e9gales"},"content":{"rendered":"<div class=\"fusion-fullwidth fullwidth-box fusion-builder-row-1 fusion-flex-container has-pattern-background has-mask-background nonhundred-percent-fullwidth non-hundred-percent-height-scrolling\" style=\"--awb-border-radius-top-left:0px;--awb-border-radius-top-right:0px;--awb-border-radius-bottom-right:0px;--awb-border-radius-bottom-left:0px;--awb-flex-wrap:wrap;\" ><div class=\"fusion-builder-row fusion-row fusion-flex-align-items-flex-start fusion-flex-content-wrap\" style=\"max-width:1144px;margin-left: calc(-4% \/ 2 );margin-right: calc(-4% \/ 2 );\"><div class=\"fusion-layout-column fusion_builder_column fusion-builder-column-0 fusion_builder_column_1_1 1_1 fusion-flex-column\" style=\"--awb-bg-blend:overlay;--awb-bg-size:cover;--awb-width-large:100%;--awb-margin-top-large:0px;--awb-spacing-right-large:1.92%;--awb-margin-bottom-large:20px;--awb-spacing-left-large:4.608%;--awb-width-medium:100%;--awb-spacing-right-medium:1.92%;--awb-spacing-left-medium:1.92%;--awb-width-small:100%;--awb-spacing-right-small:1.92%;--awb-spacing-left-small:1.92%;\"><div class=\"fusion-column-wrapper fusion-flex-justify-content-flex-start fusion-content-layout-column\"><div class=\"fusion-text fusion-text-1\"><h1>Mentions l\u00e9gales<\/h1>\n<p><strong>Sinbran GmbH<\/strong><br \/>\nWolfgang-Koller-Stra\u00dfe 10<br \/>\n85625 Glonn<br \/>\nAllemagne<\/p>\n<p><strong>Registre du commerce:<\/strong> AG M\u00fcnchen, HRB 208882<\/p>\n<p><strong>Repr\u00e9sent\u00e9 par:<\/strong> Wolfgang Jander<\/p>\n<p><strong>Contact\u2028<\/strong><br \/>\nT\u00e9l\u00e9phone: +49 8093 905 8300<br \/>\nT\u00e9l\u00e9copie: +49 8093 905 8309<br \/>\nCourrier \u00e9lectronique: info@sinbran.com<\/p>\n<p><strong>Num\u00e9ro d&#8217;identification de la taxe sur le chiffre d&#8217;affaires:<\/strong><br \/>\nNum\u00e9ro d&#8217;identification de la taxe sur le chiffre d&#8217;affaires conform\u00e9ment au \u00a7 27 a de la loi sur la taxe sur le chiffre d&#8217;affaires:<br \/>\nDE293062802<\/p>\n<p><strong>Images:<\/strong> SINBRAN<sup>\u00ae<\/sup><\/p>\n<h2>R\u00e8glement des litiges de consommation\/organisme de conciliation universel<\/h2>\n<p>Nous ne sommes pas pr\u00eats ou oblig\u00e9s de participer \u00e0 des proc\u00e9dures de r\u00e8glement des litiges devant un organisme de conciliation des consommateurs.<\/p>\n<p><img decoding=\"async\" class=\"lazyload wp-image-1348 alignleft\" src=\"https:\/\/sinbran.de\/wp-content\/uploads\/2024\/05\/impressum-siegel-dark-vertical-large.png\" data-orig-src=\"https:\/\/sinbran.de\/wp-content\/uploads\/2024\/05\/impressum-siegel-dark-vertical-large.png\" alt=\"\" width=\"80\" height=\"124\" srcset=\"data:image\/svg+xml,%3Csvg%20xmlns%3D%27http%3A%2F%2Fwww.w3.org%2F2000%2Fsvg%27%20width%3D%2780%27%20height%3D%27124%27%20viewBox%3D%270%200%2080%20124%27%3E%3Crect%20width%3D%2780%27%20height%3D%27124%27%20fill-opacity%3D%220%22%2F%3E%3C%2Fsvg%3E\" data-srcset=\"https:\/\/sinbran.de\/wp-content\/uploads\/2024\/05\/impressum-siegel-dark-vertical-large-193x300.png 193w, https:\/\/sinbran.de\/wp-content\/uploads\/2024\/05\/impressum-siegel-dark-vertical-large-200x311.png 200w, https:\/\/sinbran.de\/wp-content\/uploads\/2024\/05\/impressum-siegel-dark-vertical-large-400x622.png 400w, https:\/\/sinbran.de\/wp-content\/uploads\/2024\/05\/impressum-siegel-dark-vertical-large-600x933.png 600w, https:\/\/sinbran.de\/wp-content\/uploads\/2024\/05\/impressum-siegel-dark-vertical-large-658x1024.png 658w, https:\/\/sinbran.de\/wp-content\/uploads\/2024\/05\/impressum-siegel-dark-vertical-large-768x1195.png 768w, https:\/\/sinbran.de\/wp-content\/uploads\/2024\/05\/impressum-siegel-dark-vertical-large-800x1244.png 800w, https:\/\/sinbran.de\/wp-content\/uploads\/2024\/05\/impressum-siegel-dark-vertical-large.png 900w\" data-sizes=\"auto\" data-orig-sizes=\"(max-width: 80px) 100vw, 80px\" \/><\/p>\n<p>Source: <a href=\"https:\/\/www.e-recht24.de\" target=\"_blank\" rel=\"noopener\">e-recht24.de<\/a><\/p>\n<\/div><\/div><\/div><\/div><\/div>\n","protected":false},"excerpt":{"rendered":"","protected":false},"author":4,"featured_media":0,"parent":0,"menu_order":0,"comment_status":"closed","ping_status":"closed","template":"","meta":{"footnotes":""},"class_list":["post-2083","page","type-page","status-publish","hentry"],"yoast_head":"<!-- This site is optimized with the Yoast SEO plugin v26.9 - https:\/\/yoast.com\/product\/yoast-seo-wordpress\/ -->\n<title>Mentions l\u00e9gales de Sinbran GmbH<\/title>\n<meta name=\"description\" content=\"Toutes les informations l\u00e9gales sur Sinbran GmbH. D\u00e9couvrez nos coordonn\u00e9es et mentions l\u00e9gales.\" \/>\n<meta name=\"robots\" content=\"index, follow, max-snippet:-1, max-image-preview:large, max-video-preview:-1\" \/>\n<link rel=\"canonical\" href=\"https:\/\/sinbran.de\/fr\/mentions-legales\/\" \/>\n<meta property=\"og:locale\" content=\"fr_FR\" \/>\n<meta property=\"og:type\" content=\"article\" \/>\n<meta property=\"og:title\" content=\"Mentions l\u00e9gales de Sinbran GmbH\" \/>\n<meta property=\"og:description\" content=\"Toutes les informations l\u00e9gales sur Sinbran GmbH. D\u00e9couvrez nos coordonn\u00e9es et mentions l\u00e9gales.\" \/>\n<meta property=\"og:url\" content=\"https:\/\/sinbran.de\/fr\/mentions-legales\/\" \/>\n<meta property=\"og:site_name\" content=\"Sinbran\" \/>\n<meta property=\"article:modified_time\" content=\"2025-03-03T05:55:43+00:00\" \/>\n<meta property=\"og:image\" content=\"https:\/\/sinbran.de\/wp-content\/uploads\/2024\/05\/impressum-siegel-dark-vertical-large.png\" \/>\n\t<meta property=\"og:image:width\" content=\"900\" \/>\n\t<meta property=\"og:image:height\" content=\"1400\" \/>\n\t<meta property=\"og:image:type\" content=\"image\/png\" \/>\n<meta name=\"twitter:card\" content=\"summary_large_image\" \/>\n<meta name=\"twitter:label1\" content=\"Est. reading time\" \/>\n\t<meta name=\"twitter:data1\" content=\"1 minute\" \/>\n<script type=\"application\/ld+json\" class=\"yoast-schema-graph\">{\"@context\":\"https:\/\/schema.org\",\"@graph\":[{\"@type\":\"WebPage\",\"@id\":\"https:\/\/sinbran.de\/fr\/mentions-legales\/\",\"url\":\"https:\/\/sinbran.de\/fr\/mentions-legales\/\",\"name\":\"Mentions l\u00e9gales de Sinbran GmbH\",\"isPartOf\":{\"@id\":\"https:\/\/sinbran.de\/fr\/#website\"},\"primaryImageOfPage\":{\"@id\":\"https:\/\/sinbran.de\/fr\/mentions-legales\/#primaryimage\"},\"image\":{\"@id\":\"https:\/\/sinbran.de\/fr\/mentions-legales\/#primaryimage\"},\"thumbnailUrl\":\"https:\/\/sinbran.de\/wp-content\/uploads\/2024\/05\/impressum-siegel-dark-vertical-large.png\",\"datePublished\":\"2024-06-30T07:02:32+00:00\",\"dateModified\":\"2025-03-03T05:55:43+00:00\",\"description\":\"Toutes les informations l\u00e9gales sur Sinbran GmbH. D\u00e9couvrez nos coordonn\u00e9es et mentions l\u00e9gales.\",\"breadcrumb\":{\"@id\":\"https:\/\/sinbran.de\/fr\/mentions-legales\/#breadcrumb\"},\"inLanguage\":\"fr-FR\",\"potentialAction\":[{\"@type\":\"ReadAction\",\"target\":[\"https:\/\/sinbran.de\/fr\/mentions-legales\/\"]}]},{\"@type\":\"ImageObject\",\"inLanguage\":\"fr-FR\",\"@id\":\"https:\/\/sinbran.de\/fr\/mentions-legales\/#primaryimage\",\"url\":\"https:\/\/sinbran.de\/wp-content\/uploads\/2024\/05\/impressum-siegel-dark-vertical-large.png\",\"contentUrl\":\"https:\/\/sinbran.de\/wp-content\/uploads\/2024\/05\/impressum-siegel-dark-vertical-large.png\"},{\"@type\":\"BreadcrumbList\",\"@id\":\"https:\/\/sinbran.de\/fr\/mentions-legales\/#breadcrumb\",\"itemListElement\":[{\"@type\":\"ListItem\",\"position\":1,\"name\":\"Startseite\",\"item\":\"https:\/\/sinbran.de\/fr\/\"},{\"@type\":\"ListItem\",\"position\":2,\"name\":\"Mentions l\u00e9gales\"}]},{\"@type\":\"WebSite\",\"@id\":\"https:\/\/sinbran.de\/fr\/#website\",\"url\":\"https:\/\/sinbran.de\/fr\/\",\"name\":\"Sinbran entwickelt, produziert und vertreibt SINBRAN\u00ae Filterelemente\",\"description\":\"Filterelemente von Sinbran\",\"publisher\":{\"@id\":\"https:\/\/sinbran.de\/fr\/#organization\"},\"potentialAction\":[{\"@type\":\"SearchAction\",\"target\":{\"@type\":\"EntryPoint\",\"urlTemplate\":\"https:\/\/sinbran.de\/fr\/?s={search_term_string}\"},\"query-input\":{\"@type\":\"PropertyValueSpecification\",\"valueRequired\":true,\"valueName\":\"search_term_string\"}}],\"inLanguage\":\"fr-FR\"},{\"@type\":\"Organization\",\"@id\":\"https:\/\/sinbran.de\/fr\/#organization\",\"name\":\"Sinbran GmbH\",\"url\":\"https:\/\/sinbran.de\/fr\/\",\"logo\":{\"@type\":\"ImageObject\",\"inLanguage\":\"fr-FR\",\"@id\":\"https:\/\/sinbran.de\/fr\/#\/schema\/logo\/image\/\",\"url\":\"https:\/\/sinbran.de\/wp-content\/uploads\/2024\/04\/SINBRAN_Schatten_Logo-200.png\",\"contentUrl\":\"https:\/\/sinbran.de\/wp-content\/uploads\/2024\/04\/SINBRAN_Schatten_Logo-200.png\",\"width\":200,\"height\":175,\"caption\":\"Sinbran GmbH\"},\"image\":{\"@id\":\"https:\/\/sinbran.de\/fr\/#\/schema\/logo\/image\/\"},\"sameAs\":[\"https:\/\/www.linkedin.com\/company\/sinbran-gmbh\/?viewAsMember=true\"]}]}<\/script>\n<!-- \/ Yoast SEO plugin. -->","yoast_head_json":{"title":"Mentions l\u00e9gales de Sinbran GmbH","description":"Toutes les informations l\u00e9gales sur Sinbran GmbH. D\u00e9couvrez nos coordonn\u00e9es et mentions l\u00e9gales.","robots":{"index":"index","follow":"follow","max-snippet":"max-snippet:-1","max-image-preview":"max-image-preview:large","max-video-preview":"max-video-preview:-1"},"canonical":"https:\/\/sinbran.de\/fr\/mentions-legales\/","og_locale":"fr_FR","og_type":"article","og_title":"Mentions l\u00e9gales de Sinbran GmbH","og_description":"Toutes les informations l\u00e9gales sur Sinbran GmbH. D\u00e9couvrez nos coordonn\u00e9es et mentions l\u00e9gales.","og_url":"https:\/\/sinbran.de\/fr\/mentions-legales\/","og_site_name":"Sinbran","article_modified_time":"2025-03-03T05:55:43+00:00","og_image":[{"width":900,"height":1400,"url":"https:\/\/sinbran.de\/wp-content\/uploads\/2024\/05\/impressum-siegel-dark-vertical-large.png","type":"image\/png"}],"twitter_card":"summary_large_image","twitter_misc":{"Est. reading time":"1 minute"},"schema":{"@context":"https:\/\/schema.org","@graph":[{"@type":"WebPage","@id":"https:\/\/sinbran.de\/fr\/mentions-legales\/","url":"https:\/\/sinbran.de\/fr\/mentions-legales\/","name":"Mentions l\u00e9gales de Sinbran GmbH","isPartOf":{"@id":"https:\/\/sinbran.de\/fr\/#website"},"primaryImageOfPage":{"@id":"https:\/\/sinbran.de\/fr\/mentions-legales\/#primaryimage"},"image":{"@id":"https:\/\/sinbran.de\/fr\/mentions-legales\/#primaryimage"},"thumbnailUrl":"https:\/\/sinbran.de\/wp-content\/uploads\/2024\/05\/impressum-siegel-dark-vertical-large.png","datePublished":"2024-06-30T07:02:32+00:00","dateModified":"2025-03-03T05:55:43+00:00","description":"Toutes les informations l\u00e9gales sur Sinbran GmbH. D\u00e9couvrez nos coordonn\u00e9es et mentions l\u00e9gales.","breadcrumb":{"@id":"https:\/\/sinbran.de\/fr\/mentions-legales\/#breadcrumb"},"inLanguage":"fr-FR","potentialAction":[{"@type":"ReadAction","target":["https:\/\/sinbran.de\/fr\/mentions-legales\/"]}]},{"@type":"ImageObject","inLanguage":"fr-FR","@id":"https:\/\/sinbran.de\/fr\/mentions-legales\/#primaryimage","url":"https:\/\/sinbran.de\/wp-content\/uploads\/2024\/05\/impressum-siegel-dark-vertical-large.png","contentUrl":"https:\/\/sinbran.de\/wp-content\/uploads\/2024\/05\/impressum-siegel-dark-vertical-large.png"},{"@type":"BreadcrumbList","@id":"https:\/\/sinbran.de\/fr\/mentions-legales\/#breadcrumb","itemListElement":[{"@type":"ListItem","position":1,"name":"Startseite","item":"https:\/\/sinbran.de\/fr\/"},{"@type":"ListItem","position":2,"name":"Mentions l\u00e9gales"}]},{"@type":"WebSite","@id":"https:\/\/sinbran.de\/fr\/#website","url":"https:\/\/sinbran.de\/fr\/","name":"Sinbran entwickelt, produziert und vertreibt SINBRAN\u00ae Filterelemente","description":"Filterelemente von Sinbran","publisher":{"@id":"https:\/\/sinbran.de\/fr\/#organization"},"potentialAction":[{"@type":"SearchAction","target":{"@type":"EntryPoint","urlTemplate":"https:\/\/sinbran.de\/fr\/?s={search_term_string}"},"query-input":{"@type":"PropertyValueSpecification","valueRequired":true,"valueName":"search_term_string"}}],"inLanguage":"fr-FR"},{"@type":"Organization","@id":"https:\/\/sinbran.de\/fr\/#organization","name":"Sinbran GmbH","url":"https:\/\/sinbran.de\/fr\/","logo":{"@type":"ImageObject","inLanguage":"fr-FR","@id":"https:\/\/sinbran.de\/fr\/#\/schema\/logo\/image\/","url":"https:\/\/sinbran.de\/wp-content\/uploads\/2024\/04\/SINBRAN_Schatten_Logo-200.png","contentUrl":"https:\/\/sinbran.de\/wp-content\/uploads\/2024\/04\/SINBRAN_Schatten_Logo-200.png","width":200,"height":175,"caption":"Sinbran GmbH"},"image":{"@id":"https:\/\/sinbran.de\/fr\/#\/schema\/logo\/image\/"},"sameAs":["https:\/\/www.linkedin.com\/company\/sinbran-gmbh\/?viewAsMember=true"]}]}},"_links":{"self":[{"href":"https:\/\/sinbran.de\/fr\/wp-json\/wp\/v2\/pages\/2083","targetHints":{"allow":["GET"]}}],"collection":[{"href":"https:\/\/sinbran.de\/fr\/wp-json\/wp\/v2\/pages"}],"about":[{"href":"https:\/\/sinbran.de\/fr\/wp-json\/wp\/v2\/types\/page"}],"author":[{"embeddable":true,"href":"https:\/\/sinbran.de\/fr\/wp-json\/wp\/v2\/users\/4"}],"replies":[{"embeddable":true,"href":"https:\/\/sinbran.de\/fr\/wp-json\/wp\/v2\/comments?post=2083"}],"version-history":[{"count":6,"href":"https:\/\/sinbran.de\/fr\/wp-json\/wp\/v2\/pages\/2083\/revisions"}],"predecessor-version":[{"id":2494,"href":"https:\/\/sinbran.de\/fr\/wp-json\/wp\/v2\/pages\/2083\/revisions\/2494"}],"wp:attachment":[{"href":"https:\/\/sinbran.de\/fr\/wp-json\/wp\/v2\/media?parent=2083"}],"curies":[{"name":"wp","href":"https:\/\/api.w.org\/{rel}","templated":true}]}}