{"id":2381,"date":"2024-10-23T10:45:13","date_gmt":"2024-10-23T08:45:13","guid":{"rendered":"https:\/\/sinbran.de\/?page_id=2381"},"modified":"2024-11-10T13:19:08","modified_gmt":"2024-11-10T12:19:08","slug":"faq","status":"publish","type":"page","link":"https:\/\/sinbran.de\/fr\/faq\/","title":{"rendered":"FAQ"},"content":{"rendered":"<p><div class=\"fusion-fullwidth fullwidth-box fusion-builder-row-1 fusion-flex-container has-pattern-background has-mask-background nonhundred-percent-fullwidth non-hundred-percent-height-scrolling\" style=\"--awb-border-radius-top-left:0px;--awb-border-radius-top-right:0px;--awb-border-radius-bottom-right:0px;--awb-border-radius-bottom-left:0px;--awb-flex-wrap:wrap;\" ><div class=\"fusion-builder-row fusion-row fusion-flex-align-items-flex-start fusion-flex-content-wrap\" style=\"max-width:1144px;margin-left: calc(-4% \/ 2 );margin-right: calc(-4% \/ 2 );\"><div class=\"fusion-layout-column fusion_builder_column fusion-builder-column-0 fusion_builder_column_1_1 1_1 fusion-flex-column\" style=\"--awb-bg-size:cover;--awb-width-large:100%;--awb-margin-top-large:0px;--awb-spacing-right-large:1.92%;--awb-margin-bottom-large:20px;--awb-spacing-left-large:1.92%;--awb-width-medium:100%;--awb-order-medium:0;--awb-spacing-right-medium:1.92%;--awb-spacing-left-medium:1.92%;--awb-width-small:100%;--awb-order-small:0;--awb-spacing-right-small:1.92%;--awb-spacing-left-small:1.92%;\"><div class=\"fusion-column-wrapper fusion-column-has-shadow fusion-flex-justify-content-flex-start fusion-content-layout-column\"><div class=\"fusion-text fusion-text-1\"><h1>FAQ<\/h1>\n<\/div><\/div><\/div><\/div><\/div><div class=\"fusion-fullwidth fullwidth-box fusion-builder-row-2 fusion-flex-container has-pattern-background has-mask-background nonhundred-percent-fullwidth non-hundred-percent-height-scrolling\" style=\"--awb-border-radius-top-left:0px;--awb-border-radius-top-right:0px;--awb-border-radius-bottom-right:0px;--awb-border-radius-bottom-left:0px;--awb-flex-wrap:wrap;\" ><div class=\"fusion-builder-row fusion-row fusion-flex-align-items-flex-start fusion-flex-content-wrap\" style=\"max-width:1144px;margin-left: calc(-4% \/ 2 );margin-right: calc(-4% \/ 2 );\"><div class=\"fusion-layout-column fusion_builder_column fusion-builder-column-1 fusion_builder_column_1_1 1_1 fusion-flex-column\" style=\"--awb-bg-size:cover;--awb-width-large:100%;--awb-margin-top-large:0px;--awb-spacing-right-large:1.92%;--awb-margin-bottom-large:20px;--awb-spacing-left-large:1.92%;--awb-width-medium:100%;--awb-order-medium:0;--awb-spacing-right-medium:1.92%;--awb-spacing-left-medium:1.92%;--awb-width-small:100%;--awb-order-small:0;--awb-spacing-right-small:1.92%;--awb-spacing-left-small:1.92%;\"><div class=\"fusion-column-wrapper fusion-column-has-shadow fusion-flex-justify-content-flex-start fusion-content-layout-column\"><style type=\"text\/css\">.fusion-faqs-wrapper #accordian-1 .fusion-panel { border-color:var(--awb-color6); }.fusion-faqs-wrapper #accordian-1 .fusion-panel:hover{ border-color: var(--awb-color3); }.fusion-accordian #accordian-1 .panel-title a .fa-fusion-box:before{ font-size: 16px;width: 16px;}.fusion-accordian #accordian-1 .panel-title a .fa-fusion-box{ color: var(--awb-color1);}.fusion-accordian  #accordian-1 .panel-title a{font-size:18px;font-family:\"Open Sans\";font-style:normal;font-weight:400;}.fusion-accordian  #accordian-1 .panel-title a:not(:hover){color:var(--awb-color6);}.fusion-accordian  #accordian-1 .toggle-content{font-family:\"Open Sans\";font-style:normal;font-weight:300;}.fusion-accordian #accordian-1 .fa-fusion-box { background-color: var(--awb-color7) !important;border-color: var(--awb-color7) !important;}.fusion-accordian #accordian-1 .panel-title a:hover,.fusion-accordian #accordian-1 .panel-title a.hover { color: var(--awb-color7);}.fusion-faq-shortcode .fusion-accordian #accordian-1 .fusion-toggle-boxed-mode:hover .panel-title a { color: var(--awb-color7);}.fusion-accordian #accordian-1 .panel-title .active .fa-fusion-box,.fusion-accordian #accordian-1 .panel-title a:hover .fa-fusion-box,.fusion-accordian #accordian-1 .panel-title a.hover .fa-fusion-box { background-color: var(--awb-color7)!important;border-color: var(--awb-color7)!important;}<\/style><div class=\"fusion-faq-shortcode\" style=\"\"><ul role=\"menu\" class=\"fusion-filters clearfix\"><li role=\"presentation\" class=\"fusion-filter fusion-filter-all fusion-active\"><a role=\"menuitem\" data-filter=\"*\" href=\"#\">All<\/a><\/li><li role=\"presentation\" class=\"fusion-filter fusion-hidden\"><a role=\"menuitem\" data-filter=\".general-fr\" href=\"#\">G\u00e9n\u00e9ral<\/a><\/li><li role=\"presentation\" class=\"fusion-filter fusion-hidden\"><a role=\"menuitem\" data-filter=\".technologie-fr\" href=\"#\">Technologie<\/a><\/li><\/ul><div class=\"fusion-faqs-wrapper\"><div class=\"accordian fusion-accordian\"><div class=\"panel-group \" id=\"accordian-1\"><div class=\"fusion-panel panel-default fusion-faq-post fusion-faq-post-2355 general-fr \"><span class=\"entry-title rich-snippet-hidden\">Que sont les modules de filtration SINBRAN\u00ae ?<\/span><span class=\"vcard rich-snippet-hidden\"><span class=\"fn\"><a href=\"https:\/\/sinbran.de\/fr\/author\/bille_admin\/\" title=\"Posts by BILLE_Admin\" rel=\"author\">BILLE_Admin<\/a><\/span><\/span><span class=\"updated rich-snippet-hidden\">2024-10-25T15:34:38+02:00<\/span><div class=\"panel-heading\"><h2 id=\"faq_1-2355\" class=\"panel-title toggle\"><a data-toggle=\"collapse\" class=\"collapsed\" data-target=\"#collapse-1-2355\" href=\"#collapse-1-2355\" aria-expanded=\"false\"><div class=\"fusion-toggle-icon-wrapper\"><div class=\"fusion-toggle-icon-wrapper-main\"><div class=\"fusion-toggle-icon-wrapper-sub\"><i class=\"fa-fusion-box active-icon awb-icon-minus\" aria-hidden=\"true\"><\/i><i class=\"fa-fusion-box inactive-icon awb-icon-plus\" aria-hidden=\"true\"><\/i><\/div><\/div><\/div><div class=\"fusion-toggle-heading\">Que sont les modules de filtration SINBRAN\u00ae ?<\/div><\/a><\/h2><\/div><div id=\"collapse-1-2355\" aria-labelledby=\"faq_1-2355\" class=\"panel-collapse collapse\"><div class=\"panel-body toggle-content post-content\"><p>Nos modules de filtration SINBRAN<sup>\u00ae<\/sup> sont compos\u00e9s de poly\u00e9thyl\u00e8ne (PE) fritt\u00e9, en option \u00e9galement antistatique, et de membranes ePTFE. Ils sont utilis\u00e9s pour les applications industrielles les plus diverses. Les modules filtrants SINBRAN<sup>\u00ae<\/sup> r\u00e9pondent aux exigences les plus \u00e9lev\u00e9es et filtrent les particules jusqu&#8217;\u00e0 une taille de 0,1 \u00b5m. Nous construisons des filtres aussi bien pour un montage <a href=\"https:\/\/sinbran.de\/fr\/produits\/modules-pour-gaz-bruts-et-purs\/\">c\u00f4t\u00e9 gaz pur que c\u00f4t\u00e9 gaz brut<\/a>.<\/p>\n<\/div><\/div><\/div><div class=\"fusion-panel panel-default fusion-faq-post fusion-faq-post-2363 general-fr \"><span class=\"entry-title rich-snippet-hidden\">Pour quelles applications les filtres SINBRAN\u00ae sont-ils adapt\u00e9s ?<\/span><span class=\"vcard rich-snippet-hidden\"><span class=\"fn\"><a href=\"https:\/\/sinbran.de\/fr\/author\/bille_admin\/\" title=\"Posts by BILLE_Admin\" rel=\"author\">BILLE_Admin<\/a><\/span><\/span><span class=\"updated rich-snippet-hidden\">2024-10-25T15:34:31+02:00<\/span><div class=\"panel-heading\"><h2 id=\"faq_1-2363\" class=\"panel-title toggle\"><a data-toggle=\"collapse\" class=\"collapsed\" data-target=\"#collapse-1-2363\" href=\"#collapse-1-2363\" aria-expanded=\"false\"><div class=\"fusion-toggle-icon-wrapper\"><div class=\"fusion-toggle-icon-wrapper-main\"><div class=\"fusion-toggle-icon-wrapper-sub\"><i class=\"fa-fusion-box active-icon awb-icon-minus\" aria-hidden=\"true\"><\/i><i class=\"fa-fusion-box inactive-icon awb-icon-plus\" aria-hidden=\"true\"><\/i><\/div><\/div><\/div><div class=\"fusion-toggle-heading\">Pour quelles applications les filtres SINBRAN\u00ae sont-ils adapt\u00e9s ?<\/div><\/a><\/h2><\/div><div id=\"collapse-1-2363\" aria-labelledby=\"faq_1-2363\" class=\"panel-collapse collapse\"><div class=\"panel-body toggle-content post-content\"><p>Nos <a href=\"https:\/\/sinbran.de\/fr\/applications\/\">applications<\/a> sont id\u00e9ales pour la filtration de l&#8217;air, des processus chimiques, de l&#8217;industrie alimentaire et pharmaceutique, ainsi que pour les domaines m\u00e9dicaux et pharmaceutiques. Dans la production moderne de batteries, SINBRAN<sup>\u00ae<\/sup> est appr\u00e9ci\u00e9 dans le monde entier pour r\u00e9pondre aux exigences de la l\u00e9gislation environnementale actuelle et future.<\/p>\n<\/div><\/div><\/div><div class=\"fusion-panel panel-default fusion-faq-post fusion-faq-post-2368 general-fr \"><span class=\"entry-title rich-snippet-hidden\">Pourquoi SINBRAN\u00ae stratifie-t-il des membranes ePTFE sur du PE fritt\u00e9 ?<\/span><span class=\"vcard rich-snippet-hidden\"><span class=\"fn\"><a href=\"https:\/\/sinbran.de\/fr\/author\/bille_admin\/\" title=\"Posts by BILLE_Admin\" rel=\"author\">BILLE_Admin<\/a><\/span><\/span><span class=\"updated rich-snippet-hidden\">2024-10-25T15:34:20+02:00<\/span><div class=\"panel-heading\"><h2 id=\"faq_1-2368\" class=\"panel-title toggle\"><a data-toggle=\"collapse\" class=\"collapsed\" data-target=\"#collapse-1-2368\" href=\"#collapse-1-2368\" aria-expanded=\"false\"><div class=\"fusion-toggle-icon-wrapper\"><div class=\"fusion-toggle-icon-wrapper-main\"><div class=\"fusion-toggle-icon-wrapper-sub\"><i class=\"fa-fusion-box active-icon awb-icon-minus\" aria-hidden=\"true\"><\/i><i class=\"fa-fusion-box inactive-icon awb-icon-plus\" aria-hidden=\"true\"><\/i><\/div><\/div><\/div><div class=\"fusion-toggle-heading\">Pourquoi SINBRAN\u00ae stratifie-t-il des membranes ePTFE sur du PE fritt\u00e9 ?<\/div><\/a><\/h2><\/div><div id=\"collapse-1-2368\" aria-labelledby=\"faq_1-2368\" class=\"panel-collapse collapse\"><div class=\"panel-body toggle-content post-content\"><p>Le PE fritt\u00e9 offre une excellente r\u00e9sistance m\u00e9canique et chimique, tandis que les <a href=\"https:\/\/sinbran.de\/fr\/applications\/\">membranes ePTFE<\/a> garantissent des performances de filtration exceptionnelles, qui d\u00e9passent de loin celles des filtres conventionnels. C&#8217;est la raison pour laquelle nous combinons les avantages des deux mondes pour cr\u00e9er l&#8217;un des meilleurs filtres disponibles pour la filtration de l&#8217;air, des processus et des gaz.<\/p>\n<\/div><\/div><\/div><div class=\"fusion-panel panel-default fusion-faq-post fusion-faq-post-2403 general-fr \"><span class=\"entry-title rich-snippet-hidden\">Quelle est la dur\u00e9e de vie des filtres SINBRAN\u00ae ?<\/span><span class=\"vcard rich-snippet-hidden\"><span class=\"fn\"><a href=\"https:\/\/sinbran.de\/fr\/author\/bille_admin\/\" title=\"Posts by BILLE_Admin\" rel=\"author\">BILLE_Admin<\/a><\/span><\/span><span class=\"updated rich-snippet-hidden\">2024-10-26T13:51:43+02:00<\/span><div class=\"panel-heading\"><h2 id=\"faq_1-2403\" class=\"panel-title toggle\"><a data-toggle=\"collapse\" class=\"collapsed\" data-target=\"#collapse-1-2403\" href=\"#collapse-1-2403\" aria-expanded=\"false\"><div class=\"fusion-toggle-icon-wrapper\"><div class=\"fusion-toggle-icon-wrapper-main\"><div class=\"fusion-toggle-icon-wrapper-sub\"><i class=\"fa-fusion-box active-icon awb-icon-minus\" aria-hidden=\"true\"><\/i><i class=\"fa-fusion-box inactive-icon awb-icon-plus\" aria-hidden=\"true\"><\/i><\/div><\/div><\/div><div class=\"fusion-toggle-heading\">Quelle est la dur\u00e9e de vie des filtres SINBRAN\u00ae ?<\/div><\/a><\/h2><\/div><div id=\"collapse-1-2403\" aria-labelledby=\"faq_1-2403\" class=\"panel-collapse collapse\"><div class=\"panel-body toggle-content post-content\"><p>Elle d\u00e9pend fortement de l&#8217;application et des conditions de fonctionnement. Dans de nombreux cas, nos filtres peuvent \u00eatre utilis\u00e9s pendant plusieurs ann\u00e9es, parfois m\u00eame jusqu&#8217;\u00e0 15 ans, avant qu&#8217;un remplacement ne soit n\u00e9cessaire.<\/p>\n<\/div><\/div><\/div><div class=\"fusion-panel panel-default fusion-faq-post fusion-faq-post-2412 general-fr \"><span class=\"entry-title rich-snippet-hidden\">Les modules de filtration SINBRAN\u00ae sont-ils r\u00e9utilisables ?<\/span><span class=\"vcard rich-snippet-hidden\"><span class=\"fn\"><a href=\"https:\/\/sinbran.de\/fr\/author\/bille_admin\/\" title=\"Posts by BILLE_Admin\" rel=\"author\">BILLE_Admin<\/a><\/span><\/span><span class=\"updated rich-snippet-hidden\">2024-10-26T14:06:24+02:00<\/span><div class=\"panel-heading\"><h2 id=\"faq_1-2412\" class=\"panel-title toggle\"><a data-toggle=\"collapse\" class=\"collapsed\" data-target=\"#collapse-1-2412\" href=\"#collapse-1-2412\" aria-expanded=\"false\"><div class=\"fusion-toggle-icon-wrapper\"><div class=\"fusion-toggle-icon-wrapper-main\"><div class=\"fusion-toggle-icon-wrapper-sub\"><i class=\"fa-fusion-box active-icon awb-icon-minus\" aria-hidden=\"true\"><\/i><i class=\"fa-fusion-box inactive-icon awb-icon-plus\" aria-hidden=\"true\"><\/i><\/div><\/div><\/div><div class=\"fusion-toggle-heading\">Les modules de filtration SINBRAN\u00ae sont-ils r\u00e9utilisables ?<\/div><\/a><\/h2><\/div><div id=\"collapse-1-2412\" aria-labelledby=\"faq_1-2412\" class=\"panel-collapse collapse\"><div class=\"panel-body toggle-content post-content\"><p>Oui, nos modules filtrants peuvent \u00eatre nettoy\u00e9s et lav\u00e9s \u00e0 l&#8217;eau, et donc \u00eatre r\u00e9utilis\u00e9s. Le processus de nettoyage doit toutefois \u00eatre adapt\u00e9 en fonction de l&#8217;application et du mat\u00e9riau filtrant. Nous mettons volontiers \u00e0 votre disposition les instructions de <a href=\"https:\/\/sinbran.de\/fr\/produits\/nettoyage\/\">nettoyage<\/a> correspondantes, que vous pouvez \u00e9galement t\u00e9l\u00e9charger sur notre site Internet.<\/p>\n<\/div><\/div><\/div><div class=\"fusion-panel panel-default fusion-faq-post fusion-faq-post-2418 general-fr \"><span class=\"entry-title rich-snippet-hidden\">Quels sont les avantages de l&#8217;utilisation des filtres SINBRAN\u00ae par rapport aux filtres traditionnels ?<\/span><span class=\"vcard rich-snippet-hidden\"><span class=\"fn\"><a href=\"https:\/\/sinbran.de\/fr\/author\/bille_admin\/\" title=\"Posts by BILLE_Admin\" rel=\"author\">BILLE_Admin<\/a><\/span><\/span><span class=\"updated rich-snippet-hidden\">2024-11-30T06:33:19+01:00<\/span><div class=\"panel-heading\"><h2 id=\"faq_1-2418\" class=\"panel-title toggle\"><a data-toggle=\"collapse\" class=\"collapsed\" data-target=\"#collapse-1-2418\" href=\"#collapse-1-2418\" aria-expanded=\"false\"><div class=\"fusion-toggle-icon-wrapper\"><div class=\"fusion-toggle-icon-wrapper-main\"><div class=\"fusion-toggle-icon-wrapper-sub\"><i class=\"fa-fusion-box active-icon awb-icon-minus\" aria-hidden=\"true\"><\/i><i class=\"fa-fusion-box inactive-icon awb-icon-plus\" aria-hidden=\"true\"><\/i><\/div><\/div><\/div><div class=\"fusion-toggle-heading\">Quels sont les avantages de l&#8217;utilisation des filtres SINBRAN\u00ae par rapport aux filtres traditionnels ?<\/div><\/a><\/h2><\/div><div id=\"collapse-1-2418\" aria-labelledby=\"faq_1-2418\" class=\"panel-collapse collapse\"><div class=\"panel-body toggle-content post-content\"><p>Nos modules de filtration sont \u00e9quip\u00e9s de <a href=\"https:\/\/sinbran.de\/fr\/produits\/\">membranes ePTFE<\/a> sophistiqu\u00e9es, compos\u00e9es de plusieurs couches. Cette structure multicouche permet une filtration extr\u00eamement fine et garantit que m\u00eame les plus petites particules, d&#8217;une taille de 0,1 \u00b5m, sont efficacement retenues.<\/p>\n<p>La structure de la membrane fonctionne de mani\u00e8re similaire \u00e0 une haie de h\u00eatres dense en hiver : une balle qui est tir\u00e9e \u00e0 l&#8217;int\u00e9rieur reste s\u00fbrement coinc\u00e9e dans la haie \u2014 tout comme les particules dans notre membrane.<\/p>\n<p>Contrairement aux filtres traditionnels, la membrane SINBRAN<sup>\u00ae<\/sup> offre, gr\u00e2ce \u00e0 la diversit\u00e9 de ses couches, un r\u00e9sultat de filtration plus fiable, qui reste constant m\u00eame dans des conditions exigeantes.<\/p>\n<\/div><\/div><\/div><div class=\"fusion-panel panel-default fusion-faq-post fusion-faq-post-2458 technologie-fr \"><span class=\"entry-title rich-snippet-hidden\">Pourquoi SINBRAN\u00ae utilise-t-il des filtres \u00e0 membrane ?<\/span><span class=\"vcard rich-snippet-hidden\"><span class=\"fn\"><a href=\"https:\/\/sinbran.de\/fr\/author\/bille_admin\/\" title=\"Posts by BILLE_Admin\" rel=\"author\">BILLE_Admin<\/a><\/span><\/span><span class=\"updated rich-snippet-hidden\">2024-11-27T08:51:45+01:00<\/span><div class=\"panel-heading\"><h2 id=\"faq_1-2458\" class=\"panel-title toggle\"><a data-toggle=\"collapse\" class=\"collapsed\" data-target=\"#collapse-1-2458\" href=\"#collapse-1-2458\" aria-expanded=\"false\"><div class=\"fusion-toggle-icon-wrapper\"><div class=\"fusion-toggle-icon-wrapper-main\"><div class=\"fusion-toggle-icon-wrapper-sub\"><i class=\"fa-fusion-box active-icon awb-icon-minus\" aria-hidden=\"true\"><\/i><i class=\"fa-fusion-box inactive-icon awb-icon-plus\" aria-hidden=\"true\"><\/i><\/div><\/div><\/div><div class=\"fusion-toggle-heading\">Pourquoi SINBRAN\u00ae utilise-t-il des filtres \u00e0 membrane ?<\/div><\/a><\/h2><\/div><div id=\"collapse-1-2458\" aria-labelledby=\"faq_1-2458\" class=\"panel-collapse collapse\"><div class=\"panel-body toggle-content post-content\"><p>SINBRAN<sup>\u00ae<\/sup> utilise des filtres \u00e0 membrane pour garantir une performance de filtration exceptionnellement \u00e9lev\u00e9e et in\u00e9gal\u00e9e. Les filtres \u00e0 membrane offrent l&#8217;avantage de pouvoir s\u00e9parer de mani\u00e8re fiable m\u00eame les plus petites particules. Gr\u00e2ce \u00e0 notre technologie innovante de membrane ePTFE \u00e0 structure multicouche, nos filtres sont capables de retenir des particules d&#8217;une taille aussi petite que 0,1 \u00b5m.<\/p>\n<p>La filtration par membrane n&#8217;affecte pas excessivement le flux d&#8217;air, ce qui est essentiel pour les processus \u00e0 faible consommation d&#8217;\u00e9nergie. En outre, nos filtres \u00e0 membrane se caract\u00e9risent par une longue dur\u00e9e de vie et une excellente r\u00e9sistance, m\u00eame dans les applications industrielles les plus exigeantes. Le choix des filtres \u00e0 membrane refl\u00e8te notre objectif de fournir des solutions fiables et de haute qualit\u00e9 pour les t\u00e2ches de filtration exigeantes.<\/p>\n<p>En utilisant cette technologie, nous aidons nos clients \u00e0 r\u00e9duire les \u00e9missions, \u00e0 pr\u00e9server l&#8217;environnement, \u00e0 augmenter l&#8217;efficacit\u00e9 de leurs processus et \u00e0 r\u00e9duire les co\u00fbts.<\/p>\n<\/div><\/div><\/div><\/div><\/div><\/div><\/div><\/div><\/div><\/div><\/div><\/p>\n","protected":false},"excerpt":{"rendered":"","protected":false},"author":4,"featured_media":0,"parent":0,"menu_order":0,"comment_status":"closed","ping_status":"closed","template":"100-width.php","meta":{"footnotes":""},"class_list":["post-2381","page","type-page","status-publish","hentry"],"yoast_head":"<!-- This site is optimized with the Yoast SEO plugin v26.9 - https:\/\/yoast.com\/product\/yoast-seo-wordpress\/ -->\n<title>Filtres SINBRAN\u00ae | FAQ<\/title>\n<meta name=\"description\" content=\"Solutions de filtration de haute qualit\u00e9 pour diverses applications.\" \/>\n<meta name=\"robots\" content=\"index, follow, max-snippet:-1, max-image-preview:large, max-video-preview:-1\" \/>\n<link rel=\"canonical\" href=\"https:\/\/sinbran.de\/fr\/faq\/\" \/>\n<meta property=\"og:locale\" content=\"fr_FR\" \/>\n<meta property=\"og:type\" content=\"article\" \/>\n<meta property=\"og:title\" content=\"Filtres SINBRAN\u00ae | FAQ\" \/>\n<meta property=\"og:description\" content=\"Solutions de filtration de haute qualit\u00e9 pour diverses applications.\" \/>\n<meta property=\"og:url\" content=\"https:\/\/sinbran.de\/fr\/faq\/\" \/>\n<meta property=\"og:site_name\" content=\"Sinbran\" \/>\n<meta property=\"article:modified_time\" content=\"2024-11-10T12:19:08+00:00\" \/>\n<meta name=\"twitter:card\" content=\"summary_large_image\" \/>\n<meta name=\"twitter:label1\" content=\"Est. reading time\" \/>\n\t<meta name=\"twitter:data1\" content=\"2 minutes\" \/>\n<script type=\"application\/ld+json\" class=\"yoast-schema-graph\">{\"@context\":\"https:\/\/schema.org\",\"@graph\":[{\"@type\":\"WebPage\",\"@id\":\"https:\/\/sinbran.de\/fr\/faq\/\",\"url\":\"https:\/\/sinbran.de\/fr\/faq\/\",\"name\":\"Filtres SINBRAN\u00ae | FAQ\",\"isPartOf\":{\"@id\":\"https:\/\/sinbran.de\/fr\/#website\"},\"datePublished\":\"2024-10-23T08:45:13+00:00\",\"dateModified\":\"2024-11-10T12:19:08+00:00\",\"description\":\"Solutions de filtration de haute qualit\u00e9 pour diverses applications.\",\"breadcrumb\":{\"@id\":\"https:\/\/sinbran.de\/fr\/faq\/#breadcrumb\"},\"inLanguage\":\"fr-FR\",\"potentialAction\":[{\"@type\":\"ReadAction\",\"target\":[\"https:\/\/sinbran.de\/fr\/faq\/\"]}]},{\"@type\":\"BreadcrumbList\",\"@id\":\"https:\/\/sinbran.de\/fr\/faq\/#breadcrumb\",\"itemListElement\":[{\"@type\":\"ListItem\",\"position\":1,\"name\":\"Startseite\",\"item\":\"https:\/\/sinbran.de\/fr\/\"},{\"@type\":\"ListItem\",\"position\":2,\"name\":\"FAQ\"}]},{\"@type\":\"WebSite\",\"@id\":\"https:\/\/sinbran.de\/fr\/#website\",\"url\":\"https:\/\/sinbran.de\/fr\/\",\"name\":\"Sinbran entwickelt, produziert und vertreibt SINBRAN\u00ae Filterelemente\",\"description\":\"Filterelemente von Sinbran\",\"publisher\":{\"@id\":\"https:\/\/sinbran.de\/fr\/#organization\"},\"potentialAction\":[{\"@type\":\"SearchAction\",\"target\":{\"@type\":\"EntryPoint\",\"urlTemplate\":\"https:\/\/sinbran.de\/fr\/?s={search_term_string}\"},\"query-input\":{\"@type\":\"PropertyValueSpecification\",\"valueRequired\":true,\"valueName\":\"search_term_string\"}}],\"inLanguage\":\"fr-FR\"},{\"@type\":\"Organization\",\"@id\":\"https:\/\/sinbran.de\/fr\/#organization\",\"name\":\"Sinbran GmbH\",\"url\":\"https:\/\/sinbran.de\/fr\/\",\"logo\":{\"@type\":\"ImageObject\",\"inLanguage\":\"fr-FR\",\"@id\":\"https:\/\/sinbran.de\/fr\/#\/schema\/logo\/image\/\",\"url\":\"https:\/\/sinbran.de\/wp-content\/uploads\/2024\/04\/SINBRAN_Schatten_Logo-200.png\",\"contentUrl\":\"https:\/\/sinbran.de\/wp-content\/uploads\/2024\/04\/SINBRAN_Schatten_Logo-200.png\",\"width\":200,\"height\":175,\"caption\":\"Sinbran GmbH\"},\"image\":{\"@id\":\"https:\/\/sinbran.de\/fr\/#\/schema\/logo\/image\/\"},\"sameAs\":[\"https:\/\/www.linkedin.com\/company\/sinbran-gmbh\/?viewAsMember=true\"]}]}<\/script>\n<!-- \/ Yoast SEO plugin. -->","yoast_head_json":{"title":"Filtres SINBRAN\u00ae | FAQ","description":"Solutions de filtration de haute qualit\u00e9 pour diverses applications.","robots":{"index":"index","follow":"follow","max-snippet":"max-snippet:-1","max-image-preview":"max-image-preview:large","max-video-preview":"max-video-preview:-1"},"canonical":"https:\/\/sinbran.de\/fr\/faq\/","og_locale":"fr_FR","og_type":"article","og_title":"Filtres SINBRAN\u00ae | FAQ","og_description":"Solutions de filtration de haute qualit\u00e9 pour diverses applications.","og_url":"https:\/\/sinbran.de\/fr\/faq\/","og_site_name":"Sinbran","article_modified_time":"2024-11-10T12:19:08+00:00","twitter_card":"summary_large_image","twitter_misc":{"Est. reading time":"2 minutes"},"schema":{"@context":"https:\/\/schema.org","@graph":[{"@type":"WebPage","@id":"https:\/\/sinbran.de\/fr\/faq\/","url":"https:\/\/sinbran.de\/fr\/faq\/","name":"Filtres SINBRAN\u00ae | FAQ","isPartOf":{"@id":"https:\/\/sinbran.de\/fr\/#website"},"datePublished":"2024-10-23T08:45:13+00:00","dateModified":"2024-11-10T12:19:08+00:00","description":"Solutions de filtration de haute qualit\u00e9 pour diverses applications.","breadcrumb":{"@id":"https:\/\/sinbran.de\/fr\/faq\/#breadcrumb"},"inLanguage":"fr-FR","potentialAction":[{"@type":"ReadAction","target":["https:\/\/sinbran.de\/fr\/faq\/"]}]},{"@type":"BreadcrumbList","@id":"https:\/\/sinbran.de\/fr\/faq\/#breadcrumb","itemListElement":[{"@type":"ListItem","position":1,"name":"Startseite","item":"https:\/\/sinbran.de\/fr\/"},{"@type":"ListItem","position":2,"name":"FAQ"}]},{"@type":"WebSite","@id":"https:\/\/sinbran.de\/fr\/#website","url":"https:\/\/sinbran.de\/fr\/","name":"Sinbran entwickelt, produziert und vertreibt SINBRAN\u00ae Filterelemente","description":"Filterelemente von Sinbran","publisher":{"@id":"https:\/\/sinbran.de\/fr\/#organization"},"potentialAction":[{"@type":"SearchAction","target":{"@type":"EntryPoint","urlTemplate":"https:\/\/sinbran.de\/fr\/?s={search_term_string}"},"query-input":{"@type":"PropertyValueSpecification","valueRequired":true,"valueName":"search_term_string"}}],"inLanguage":"fr-FR"},{"@type":"Organization","@id":"https:\/\/sinbran.de\/fr\/#organization","name":"Sinbran GmbH","url":"https:\/\/sinbran.de\/fr\/","logo":{"@type":"ImageObject","inLanguage":"fr-FR","@id":"https:\/\/sinbran.de\/fr\/#\/schema\/logo\/image\/","url":"https:\/\/sinbran.de\/wp-content\/uploads\/2024\/04\/SINBRAN_Schatten_Logo-200.png","contentUrl":"https:\/\/sinbran.de\/wp-content\/uploads\/2024\/04\/SINBRAN_Schatten_Logo-200.png","width":200,"height":175,"caption":"Sinbran GmbH"},"image":{"@id":"https:\/\/sinbran.de\/fr\/#\/schema\/logo\/image\/"},"sameAs":["https:\/\/www.linkedin.com\/company\/sinbran-gmbh\/?viewAsMember=true"]}]}},"_links":{"self":[{"href":"https:\/\/sinbran.de\/fr\/wp-json\/wp\/v2\/pages\/2381","targetHints":{"allow":["GET"]}}],"collection":[{"href":"https:\/\/sinbran.de\/fr\/wp-json\/wp\/v2\/pages"}],"about":[{"href":"https:\/\/sinbran.de\/fr\/wp-json\/wp\/v2\/types\/page"}],"author":[{"embeddable":true,"href":"https:\/\/sinbran.de\/fr\/wp-json\/wp\/v2\/users\/4"}],"replies":[{"embeddable":true,"href":"https:\/\/sinbran.de\/fr\/wp-json\/wp\/v2\/comments?post=2381"}],"version-history":[{"count":3,"href":"https:\/\/sinbran.de\/fr\/wp-json\/wp\/v2\/pages\/2381\/revisions"}],"predecessor-version":[{"id":2444,"href":"https:\/\/sinbran.de\/fr\/wp-json\/wp\/v2\/pages\/2381\/revisions\/2444"}],"wp:attachment":[{"href":"https:\/\/sinbran.de\/fr\/wp-json\/wp\/v2\/media?parent=2381"}],"curies":[{"name":"wp","href":"https:\/\/api.w.org\/{rel}","templated":true}]}}